{"id":22908,"date":"2023-05-10T15:36:24","date_gmt":"2023-05-10T13:36:24","guid":{"rendered":"https:\/\/www.stileitalianoocchiali.com\/metallo\/"},"modified":"2025-04-03T11:21:15","modified_gmt":"2025-04-03T09:21:15","slug":"metall","status":"publish","type":"page","link":"https:\/\/www.stileitalianoocchiali.com\/de\/metall\/","title":{"rendered":"Metall"},"content":{"rendered":"\n<div class=\"wp-block-group alignfull has-global-padding is-layout-constrained wp-block-group-is-layout-constrained\"><div class=\"yoast-breadcrumbs p-0\"><span><span><a href=\"https:\/\/www.stileitalianoocchiali.com\/de\/\">Homepage<\/a><\/span>  <span class=\"breadcrumb_last\" aria-current=\"page\">Metall<\/span><\/span><\/div><\/div>\n\n\n\n<div class=\"wp-block-cover alignfull is-light is-style-default\" style=\"min-height:690px\"><span aria-hidden=\"true\" class=\"wp-block-cover__background has-background-dim-0 has-background-dim\"><\/span><img decoding=\"async\" loading=\"lazy\" width=\"1646\" height=\"926\" class=\"wp-block-cover__image-background wp-image-32629\" alt=\"\" src=\"https:\/\/www.stileitalianoocchiali.com\/wp-content\/uploads\/2025\/04\/stileitaliano_metallo_1646x926-1.jpg\" data-object-fit=\"cover\"\/><div class=\"wp-block-cover__inner-container is-layout-flow wp-block-cover-is-layout-flow\">\n<p class=\"has-text-align-center has-large-font-size\"><\/p>\n<\/div><\/div>\n\n\n\n<div style=\"height:40px\" aria-hidden=\"true\" class=\"wp-block-spacer\"><\/div>\n\n\n\n<p class=\"has-text-align-center has-medium-color has-text-color\" style=\"font-size:clamp(3.426rem, 3.426rem + ((1vw - 0.2rem) * 4.313), 7rem);\"><strong>METALL<\/strong><\/p>\n\n\n\n<div style=\"height:20px\" aria-hidden=\"true\" class=\"wp-block-spacer\"><\/div>\n\n\n\n<hr class=\"wp-block-separator has-alpha-channel-opacity\"\/>\n\n\n\n<div style=\"height:40px\" aria-hidden=\"true\" class=\"wp-block-spacer\"><\/div>\n\n\n\n<p class=\"has-large-font-size\">F\u00fcr diejenigen, die Acetatbrille nicht w\u00e4hlen, bietet <strong>stileItaliano<\/strong> auch verschiedene Modelle aus Stahl an, einem besonders festen und langlebigen Material. Au\u00dferdem ist es ein sehr leichtes Material, das die Brillen bequem macht, die dank der Verwendung von Nasenpads aus Titan oder Silikon nicht direkt auf der Nase des Tr\u00e4gers aufliegen.<\/p>\n\n\n\n<p class=\"has-large-font-size\">Die Zusammensetzung der Metallfassung erfordert jedoch ein Verfahren bei sehr hohen Temperaturen und den Einsatz einer Schwei\u00dfmaschine, mit der die verschiedenen Komponenten wie Felgen, Scharniere, Br\u00fccke und\/oder B\u00fcgel zusammengef\u00fcgt werden. F\u00fcr die Versch\u00f6nerung der Stahlbrille sind mehrere Schritte erforderlich, die das wachsame Auge des geschickten Handwerkers erfordern. Bei der Herstellung einer Metallfassung sind handwerkliches Geschick, Pr\u00e4zision und Erfahrung unerl\u00e4sslich, da viele Arbeitsschritte manuell und mit sehr kleinen Maschinen ausgef\u00fchrt werden.<\/p>\n\n\n\n<p class=\"has-large-font-size\">Um die Brille tragbar zu machen, muss sie mehreren Bearbeitungsschritten unterzogen werden. Die Rohstruktur der Brillen muss n\u00e4mlich angemessen gereinigt, getrommelt (was die Beseitigung von Oberfl\u00e4chenfehlern zur Folge hat) und poliert werden. Anschlie\u00dfend wird sie durch galvanische B\u00e4der und Farblackierungen eingef\u00e4rbt, um die Einzigartigkeit des Produkts&nbsp; hervorzuheben.<\/p>\n\n\n\n<p class=\"has-large-font-size\"><strong>stileItaliano<\/strong> bietet Kollektionen mit einer breiten Palette von Fassungen in klassischen Farben wie Gold, Rotgold, Silber und Ruthenium an, die immer mit einem Hauch von farbigem Lack, mit einer besonderen Verarbeitung wie Ziselierung oder in Kombination mit den im Rand oder als Abschluss am B\u00fcgel eingesetzten Acetatprofilen angereichert werden.<\/p>\n\n\n\n<p class=\"has-large-font-size\">Obwohl in der Legierung der Stahlrahmen auch Nickel enthalten ist, das Allergien ausl\u00f6sen k\u00f6nnte, werden die Brillen von StileItaliano mit einem abschlie\u00dfenden Schutzlack behandelt, der diese m\u00f6gliche Unvertr\u00e4glichkeit neutralisiert.<\/p>\n\n\n\n<p class=\"has-large-font-size\">Wie bei Acetat werden alle unsere Lieferanten mit gr\u00f6\u00dfter Sorgfalt und Hingabe ausgew\u00e4hlt, um ein sicheres, hochmodernes und vor allem einzigartiges Erzeugnis zu garantieren, bzw. ein <strong>echtes Made in Italy<\/strong>-Produkt.<\/p>\n\n\n\n<p class=\"has-text-align-right has-text-color has-link-color has-h-3-font-size wp-elements-aa46e5df110be5d41cef0b2b074480f3\" style=\"color:#5c5762\"><strong><a href=\"https:\/\/www.stileitalianoocchiali.com\/de\/acetat\/\">Entdecken Si auch Acetat &gt;<\/a><\/strong><\/p>\n\n\n\n<div style=\"height:40px\" aria-hidden=\"true\" class=\"wp-block-spacer\"><\/div>\n\n\n\n<div style=\"height:40px\" aria-hidden=\"true\" class=\"wp-block-spacer\"><\/div>\n\n\n\n<figure class=\"wp-block-image alignfull size-full\"><img decoding=\"async\" loading=\"lazy\" width=\"1920\" height=\"1010\" src=\"https:\/\/www.stileitalianoocchiali.com\/wp-content\/uploads\/2025\/04\/stileitaliano_eyewear_metallo_1920x1008.jpg\" alt=\"\" class=\"wp-image-32560\"\/><\/figure>\n","protected":false},"excerpt":{"rendered":"<p>METALL F\u00fcr diejenigen, die Acetatbrille nicht w\u00e4hlen, bietet stileItaliano auch verschiedene Modelle aus Stahl an, einem besonders festen und langlebigen Material. Au\u00dferdem ist es ein sehr leichtes Material, das die Brillen bequem macht, die dank der Verwendung von Nasenpads aus Titan oder Silikon nicht direkt auf der Nase des Tr\u00e4gers aufliegen. Die Zusammensetzung der Metallfassung [&hellip;]<\/p>\n","protected":false},"author":350,"featured_media":32667,"parent":0,"menu_order":0,"comment_status":"closed","ping_status":"closed","template":"","meta":{"inline_featured_image":false,"footnotes":""},"acf":[],"yoast_head":"<!-- This site is optimized with the Yoast SEO plugin v21.3 - https:\/\/yoast.com\/wordpress\/plugins\/seo\/ -->\n<title>Metall - stileItaliano beats for Kids!<\/title>\n<meta name=\"description\" content=\"stileItaliano bietet auch verschiedene Modelle aus Stahl an, einem besonders festen und langlebigen Material.\" \/>\n<meta name=\"robots\" content=\"index, follow, max-snippet:-1, max-image-preview:large, max-video-preview:-1\" \/>\n<link rel=\"canonical\" href=\"https:\/\/www.stileitalianoocchiali.com\/de\/metall\/\" \/>\n<meta property=\"og:locale\" content=\"de_DE\" \/>\n<meta property=\"og:type\" content=\"article\" \/>\n<meta property=\"og:title\" content=\"Metall - stileItaliano beats for Kids!\" \/>\n<meta property=\"og:description\" content=\"stileItaliano bietet auch verschiedene Modelle aus Stahl an, einem besonders festen und langlebigen Material.\" \/>\n<meta property=\"og:url\" content=\"https:\/\/www.stileitalianoocchiali.com\/de\/metall\/\" \/>\n<meta property=\"og:site_name\" content=\"stileItaliano beats for Kids!\" \/>\n<meta property=\"article:modified_time\" content=\"2025-04-03T09:21:15+00:00\" \/>\n<meta property=\"og:image\" content=\"https:\/\/www.stileitalianoocchiali.com\/wp-content\/uploads\/2023\/05\/stileitaliano_eyewear_metallo_header_1646.jpg\" \/>\n\t<meta property=\"og:image:width\" content=\"1646\" \/>\n\t<meta property=\"og:image:height\" content=\"926\" \/>\n\t<meta property=\"og:image:type\" content=\"image\/jpeg\" \/>\n<meta name=\"twitter:card\" content=\"summary_large_image\" \/>\n<meta name=\"twitter:label1\" content=\"Gesch\u00e4tzte Lesezeit\" \/>\n\t<meta name=\"twitter:data1\" content=\"2\u00a0Minuten\" \/>\n<script type=\"application\/ld+json\" class=\"yoast-schema-graph\">{\"@context\":\"https:\/\/schema.org\",\"@graph\":[{\"@type\":\"WebPage\",\"@id\":\"https:\/\/www.stileitalianoocchiali.com\/de\/metall\/\",\"url\":\"https:\/\/www.stileitalianoocchiali.com\/de\/metall\/\",\"name\":\"Metall - stileItaliano beats for Kids!\",\"isPartOf\":{\"@id\":\"https:\/\/www.stileitalianoocchiali.com\/de\/#website\"},\"datePublished\":\"2023-05-10T13:36:24+00:00\",\"dateModified\":\"2025-04-03T09:21:15+00:00\",\"description\":\"stileItaliano bietet auch verschiedene Modelle aus Stahl an, einem besonders festen und langlebigen Material.\",\"breadcrumb\":{\"@id\":\"https:\/\/www.stileitalianoocchiali.com\/de\/metall\/#breadcrumb\"},\"inLanguage\":\"de\",\"potentialAction\":[{\"@type\":\"ReadAction\",\"target\":[\"https:\/\/www.stileitalianoocchiali.com\/de\/metall\/\"]}]},{\"@type\":\"BreadcrumbList\",\"@id\":\"https:\/\/www.stileitalianoocchiali.com\/de\/metall\/#breadcrumb\",\"itemListElement\":[{\"@type\":\"ListItem\",\"position\":1,\"name\":\"Homepage\",\"item\":\"https:\/\/www.stileitalianoocchiali.com\/de\/\"},{\"@type\":\"ListItem\",\"position\":2,\"name\":\"Metall\"}]},{\"@type\":\"WebSite\",\"@id\":\"https:\/\/www.stileitalianoocchiali.com\/de\/#website\",\"url\":\"https:\/\/www.stileitalianoocchiali.com\/de\/\",\"name\":\"stileItaliano beats for Kids!\",\"description\":\"Big vision for Little eyes\",\"publisher\":{\"@id\":\"https:\/\/www.stileitalianoocchiali.com\/de\/#organization\"},\"potentialAction\":[{\"@type\":\"SearchAction\",\"target\":{\"@type\":\"EntryPoint\",\"urlTemplate\":\"https:\/\/www.stileitalianoocchiali.com\/de\/?s={search_term_string}\"},\"query-input\":\"required name=search_term_string\"}],\"inLanguage\":\"de\"},{\"@type\":\"Organization\",\"@id\":\"https:\/\/www.stileitalianoocchiali.com\/de\/#organization\",\"name\":\"stileItaliano beats for Kids!\",\"url\":\"https:\/\/www.stileitalianoocchiali.com\/de\/\",\"logo\":{\"@type\":\"ImageObject\",\"inLanguage\":\"de\",\"@id\":\"https:\/\/www.stileitalianoocchiali.com\/de\/#\/schema\/logo\/image\/\",\"url\":\"https:\/\/www.stileitalianoocchiali.com\/wp-content\/uploads\/2025\/07\/cropped-stileItaliano_logo_BEATSFORKIDS_teal-1.png\",\"contentUrl\":\"https:\/\/www.stileitalianoocchiali.com\/wp-content\/uploads\/2025\/07\/cropped-stileItaliano_logo_BEATSFORKIDS_teal-1.png\",\"width\":5460,\"height\":1843,\"caption\":\"stileItaliano beats for Kids!\"},\"image\":{\"@id\":\"https:\/\/www.stileitalianoocchiali.com\/de\/#\/schema\/logo\/image\/\"}}]}<\/script>\n<!-- \/ Yoast SEO plugin. -->","yoast_head_json":{"title":"Metall - stileItaliano beats for Kids!","description":"stileItaliano bietet auch verschiedene Modelle aus Stahl an, einem besonders festen und langlebigen Material.","robots":{"index":"index","follow":"follow","max-snippet":"max-snippet:-1","max-image-preview":"max-image-preview:large","max-video-preview":"max-video-preview:-1"},"canonical":"https:\/\/www.stileitalianoocchiali.com\/de\/metall\/","og_locale":"de_DE","og_type":"article","og_title":"Metall - stileItaliano beats for Kids!","og_description":"stileItaliano bietet auch verschiedene Modelle aus Stahl an, einem besonders festen und langlebigen Material.","og_url":"https:\/\/www.stileitalianoocchiali.com\/de\/metall\/","og_site_name":"stileItaliano beats for Kids!","article_modified_time":"2025-04-03T09:21:15+00:00","og_image":[{"width":1646,"height":926,"url":"https:\/\/www.stileitalianoocchiali.com\/wp-content\/uploads\/2023\/05\/stileitaliano_eyewear_metallo_header_1646.jpg","type":"image\/jpeg"}],"twitter_card":"summary_large_image","twitter_misc":{"Gesch\u00e4tzte Lesezeit":"2\u00a0Minuten"},"schema":{"@context":"https:\/\/schema.org","@graph":[{"@type":"WebPage","@id":"https:\/\/www.stileitalianoocchiali.com\/de\/metall\/","url":"https:\/\/www.stileitalianoocchiali.com\/de\/metall\/","name":"Metall - stileItaliano beats for Kids!","isPartOf":{"@id":"https:\/\/www.stileitalianoocchiali.com\/de\/#website"},"datePublished":"2023-05-10T13:36:24+00:00","dateModified":"2025-04-03T09:21:15+00:00","description":"stileItaliano bietet auch verschiedene Modelle aus Stahl an, einem besonders festen und langlebigen Material.","breadcrumb":{"@id":"https:\/\/www.stileitalianoocchiali.com\/de\/metall\/#breadcrumb"},"inLanguage":"de","potentialAction":[{"@type":"ReadAction","target":["https:\/\/www.stileitalianoocchiali.com\/de\/metall\/"]}]},{"@type":"BreadcrumbList","@id":"https:\/\/www.stileitalianoocchiali.com\/de\/metall\/#breadcrumb","itemListElement":[{"@type":"ListItem","position":1,"name":"Homepage","item":"https:\/\/www.stileitalianoocchiali.com\/de\/"},{"@type":"ListItem","position":2,"name":"Metall"}]},{"@type":"WebSite","@id":"https:\/\/www.stileitalianoocchiali.com\/de\/#website","url":"https:\/\/www.stileitalianoocchiali.com\/de\/","name":"stileItaliano beats for Kids!","description":"Big vision for Little eyes","publisher":{"@id":"https:\/\/www.stileitalianoocchiali.com\/de\/#organization"},"potentialAction":[{"@type":"SearchAction","target":{"@type":"EntryPoint","urlTemplate":"https:\/\/www.stileitalianoocchiali.com\/de\/?s={search_term_string}"},"query-input":"required name=search_term_string"}],"inLanguage":"de"},{"@type":"Organization","@id":"https:\/\/www.stileitalianoocchiali.com\/de\/#organization","name":"stileItaliano beats for Kids!","url":"https:\/\/www.stileitalianoocchiali.com\/de\/","logo":{"@type":"ImageObject","inLanguage":"de","@id":"https:\/\/www.stileitalianoocchiali.com\/de\/#\/schema\/logo\/image\/","url":"https:\/\/www.stileitalianoocchiali.com\/wp-content\/uploads\/2025\/07\/cropped-stileItaliano_logo_BEATSFORKIDS_teal-1.png","contentUrl":"https:\/\/www.stileitalianoocchiali.com\/wp-content\/uploads\/2025\/07\/cropped-stileItaliano_logo_BEATSFORKIDS_teal-1.png","width":5460,"height":1843,"caption":"stileItaliano beats for Kids!"},"image":{"@id":"https:\/\/www.stileitalianoocchiali.com\/de\/#\/schema\/logo\/image\/"}}]}},"_links":{"self":[{"href":"https:\/\/www.stileitalianoocchiali.com\/de\/wp-json\/wp\/v2\/pages\/22908"}],"collection":[{"href":"https:\/\/www.stileitalianoocchiali.com\/de\/wp-json\/wp\/v2\/pages"}],"about":[{"href":"https:\/\/www.stileitalianoocchiali.com\/de\/wp-json\/wp\/v2\/types\/page"}],"author":[{"embeddable":true,"href":"https:\/\/www.stileitalianoocchiali.com\/de\/wp-json\/wp\/v2\/users\/350"}],"replies":[{"embeddable":true,"href":"https:\/\/www.stileitalianoocchiali.com\/de\/wp-json\/wp\/v2\/comments?post=22908"}],"version-history":[{"count":0,"href":"https:\/\/www.stileitalianoocchiali.com\/de\/wp-json\/wp\/v2\/pages\/22908\/revisions"}],"wp:featuredmedia":[{"embeddable":true,"href":"https:\/\/www.stileitalianoocchiali.com\/de\/wp-json\/wp\/v2\/media\/32667"}],"wp:attachment":[{"href":"https:\/\/www.stileitalianoocchiali.com\/de\/wp-json\/wp\/v2\/media?parent=22908"}],"curies":[{"name":"wp","href":"https:\/\/api.w.org\/{rel}","templated":true}]}}