{"id":33076,"date":"2025-07-18T11:31:31","date_gmt":"2025-07-18T09:31:31","guid":{"rendered":"https:\/\/www.stileitalianoocchiali.com\/metallo\/"},"modified":"2025-07-22T17:16:02","modified_gmt":"2025-07-22T15:16:02","slug":"metallo","status":"publish","type":"page","link":"https:\/\/www.stileitalianoocchiali.com\/de\/metallo\/","title":{"rendered":"STAHL"},"content":{"rendered":"\n<div class=\"wp-block-cover alignfull is-light has-custom-content-position is-position-bottom-left is-style-hero\" style=\"min-height:800px\"><span aria-hidden=\"true\" class=\"wp-block-cover__background has-background-dim-0 has-background-dim\"><\/span><img decoding=\"async\" loading=\"lazy\" width=\"2560\" height=\"1440\" class=\"wp-block-cover__image-background wp-image-33061\" alt=\"\" src=\"https:\/\/www.stileitalianoocchiali.com\/wp-content\/uploads\/2025\/07\/METALLO_stileItaliano_kidsglasses-1-scaled.jpg\" data-object-fit=\"cover\"\/><div class=\"wp-block-cover__inner-container is-layout-flow wp-block-cover-is-layout-flow\">\n<div class=\"wp-block-group has-background has-global-padding is-layout-constrained wp-container-1 wp-block-group-is-layout-constrained\" style=\"background-color:#ffffffcc;margin-top:var(--wp--preset--spacing--40);margin-bottom:var(--wp--preset--spacing--40);padding-top:var(--wp--preset--spacing--18);padding-right:var(--wp--preset--spacing--120);padding-bottom:var(--wp--preset--spacing--18);padding-left:var(--wp--preset--spacing--120)\">\n<h1 class=\"wp-block-heading has-text-align-left has-text-color\" style=\"color:#65a9da;font-style:normal;font-weight:600\">METALL <\/h1>\n<\/div>\n<\/div><\/div>\n\n\n\n<div class=\"wp-block-group has-global-padding is-layout-constrained wp-container-3 wp-block-group-is-layout-constrained\" style=\"padding-top:var(--wp--preset--spacing--80);padding-bottom:var(--wp--preset--spacing--80)\">\n<h2 class=\"wp-block-heading has-text-align-center\" style=\"font-style:normal;font-weight:600\"><strong>stileItaliano<\/strong> beats for Kids! \ud83e\ude77\ud83d\udc99<\/h2>\n<\/div>\n\n\n\n<div class=\"wp-block-group alignfull has-global-padding is-layout-constrained wp-container-13 wp-block-group-is-layout-constrained\" style=\"padding-top:var(--wp--preset--spacing--80);padding-bottom:var(--wp--preset--spacing--120)\">\n<div class=\"wp-block-columns alignfull is-style-cards is-layout-flex wp-container-6 wp-block-columns-is-layout-flex\">\n<div class=\"wp-block-column is-vertically-aligned-center is-layout-flow wp-block-column-is-layout-flow\">\n<figure class=\"wp-block-image size-full\"><img decoding=\"async\" loading=\"lazy\" width=\"2000\" height=\"1500\" src=\"https:\/\/www.stileitalianoocchiali.com\/wp-content\/uploads\/2025\/07\/metal_kidseyewear_stileitaliano.jpg\" alt=\"\" class=\"wp-image-33065\"\/><\/figure>\n<\/div>\n\n\n\n<div class=\"wp-block-column is-vertically-aligned-center text is-layout-flow wp-block-column-is-layout-flow\">\n<h3 class=\"wp-block-heading\">Stahl: Technische Reinheit, solide Leichtigkeit<\/h3>\n\n\n\n<p style=\"font-size:clamp(0.875rem, 0.875rem + ((1vw - 0.2rem) * 0.513), 1.3rem);\">Nicht alle w\u00e4hlen Acetat. F\u00fcr alle, die filigrane Linien und eine starke Ausstrahlung suchen, bieten wir auch Brillen aus Stahl: <strong>robust, flexibel, leicht <\/strong>\u2013 perfekt f\u00fcr den ganzen Tag.<br>Dank <strong>der Nasenpads aus Silikon<\/strong> sitzen sie sanft auf der Haut, ohne zu st\u00f6ren.<br>Ihre Seele ist technisch: bei sehr hohen Temperaturen verschwei\u00dft, von Hand bearbeitet, mit gr\u00f6\u00dfter Sorgfalt veredelt. Jedes Detail ist das Ergebnis von <strong>aufmerksamen Augen und geschickten H\u00e4nden<\/strong>.<\/p>\n<\/div>\n<\/div>\n\n\n\n<div class=\"wp-block-columns alignfull is-style-cards is-layout-flex wp-container-9 wp-block-columns-is-layout-flex\">\n<div class=\"wp-block-column is-vertically-aligned-center text is-layout-flow wp-block-column-is-layout-flow\">\n<h3 class=\"wp-block-heading\"><strong>Nicht nur Metall. Sondern Farbe, Spiel, Pers\u00f6nlichkeit.<\/strong><\/h3>\n\n\n\n<p style=\"font-size:clamp(0.875rem, 0.875rem + ((1vw - 0.2rem) * 0.513), 1.3rem);\">Metall wird heute bunt, kombiniert, verwandelt.<br>Unsere Kollektionen bieten klassische Finishes wie Gold, Ruthenium, Silber und Ros\u00e9gold \u2013 aber auch <strong>moderne Farben, poppige Akzente, matte oder gl\u00e4nzende Lackierungen, Acetat-Elemente, farbige Endst\u00fccke und gravierte Details<\/strong>.<br>Jedes Modell erz\u00e4hlt seine eigene Geschichte: elegant oder lebendig, schlicht oder gewagt.<\/p>\n<\/div>\n\n\n\n<div class=\"wp-block-column is-vertically-aligned-center is-style-mobile-first is-layout-flow wp-block-column-is-layout-flow\">\n<figure class=\"wp-block-image size-full\"><img decoding=\"async\" loading=\"lazy\" width=\"1000\" height=\"750\" src=\"https:\/\/www.stileitalianoocchiali.com\/wp-content\/uploads\/2025\/07\/Metallo_Colori_stileItaliano_kidseyewear.jpg\" alt=\"\" class=\"wp-image-33071\"\/><\/figure>\n<\/div>\n<\/div>\n\n\n\n<div class=\"wp-block-columns alignfull is-style-cards is-layout-flex wp-container-12 wp-block-columns-is-layout-flex\">\n<div class=\"wp-block-column is-vertically-aligned-center is-layout-flow wp-block-column-is-layout-flow\">\n<figure class=\"wp-block-image size-full is-style-ractio-4x3\"><img decoding=\"async\" loading=\"lazy\" width=\"1000\" height=\"750\" src=\"https:\/\/www.stileitalianoocchiali.com\/wp-content\/uploads\/2025\/07\/stleItaliano_handmade-kids-eyewear.jpg\" alt=\"\" class=\"wp-image-33117\"\/><\/figure>\n<\/div>\n\n\n\n<div class=\"wp-block-column is-vertically-aligned-center text is-layout-flow wp-block-column-is-layout-flow\">\n<h3 class=\"wp-block-heading\">Pr\u00e4zision, Sicherheit und Stil. Immer!<\/h3>\n\n\n\n<p style=\"font-size:clamp(0.875rem, 0.875rem + ((1vw - 0.2rem) * 0.513), 1.3rem);\">Ob Acetat oder Stahl \u2013 unser Qualit\u00e4tsanspruch bleibt gleich.<br>Wir arbeiten nur mit zuverl\u00e4ssigen italienischen Lieferanten, um ein sicheres, langlebiges Produkt zu garantieren \u2013 100 % im Einklang mit unserer DNA: <strong>Qualit\u00e4t, Sorgfalt und echte Handwerkskunst Made in Italy<\/strong>.<\/p>\n<\/div>\n<\/div>\n<\/div>\n\n\n\n<div style=\"height:30px\" aria-hidden=\"true\" class=\"wp-block-spacer\"><\/div>\n\n\n\n<hr class=\"wp-block-separator has-text-color has-alpha-channel-opacity has-background\" style=\"background-color:#65a9da;color:#65a9da\"\/>\n\n\n\n<div style=\"height:40px\" aria-hidden=\"true\" class=\"wp-block-spacer\"><\/div>\n\n\n\n<h2 class=\"wp-block-heading has-text-align-center\">MEHR VON UNSEREN MATERIALIEN<\/h2>\n\n\n\n<div style=\"height:20px\" aria-hidden=\"true\" class=\"wp-block-spacer\"><\/div>\n\n\n\n<div class=\"wp-block-columns alignfull is-layout-flex wp-container-15 wp-block-columns-is-layout-flex\" style=\"padding-top:0;padding-right:0;padding-bottom:var(--wp--preset--spacing--80);padding-left:0\">\n<div class=\"wp-block-column is-layout-flow wp-container-14 wp-block-column-is-layout-flow\">\n<figure class=\"wp-block-image size-full is-style-button-on-top\"><a href=\"https:\/\/www.stileitalianoocchiali.com\/de\/acetat\/\" target=\"_blank\" rel=\"noreferrer noopener\"><img decoding=\"async\" loading=\"lazy\" width=\"2560\" height=\"2023\" src=\"https:\/\/www.stileitalianoocchiali.com\/wp-content\/uploads\/2025\/04\/1000X790-_ACETATO_DE-scaled.jpg\" alt=\"\" class=\"wp-image-32578\"\/><\/a><\/figure>\n<\/div>\n<\/div>\n","protected":false},"excerpt":{"rendered":"<p>stileItaliano beats for Kids! \ud83e\ude77\ud83d\udc99 Stahl: Technische Reinheit, solide Leichtigkeit Nicht alle w\u00e4hlen Acetat. F\u00fcr alle, die filigrane Linien und eine starke Ausstrahlung suchen, bieten wir auch Brillen aus Stahl: robust, flexibel, leicht \u2013 perfekt f\u00fcr den ganzen Tag.Dank der Nasenpads aus Silikon sitzen sie sanft auf der Haut, ohne zu st\u00f6ren.Ihre Seele ist technisch: [&hellip;]<\/p>\n","protected":false},"author":350,"featured_media":33063,"parent":0,"menu_order":0,"comment_status":"closed","ping_status":"closed","template":"","meta":{"inline_featured_image":false,"footnotes":""},"acf":[],"yoast_head":"<!-- This site is optimized with the Yoast SEO plugin v21.3 - https:\/\/yoast.com\/wordpress\/plugins\/seo\/ -->\n<title>STAHL - stileItaliano beats for Kids!<\/title>\n<meta name=\"description\" content=\"Brillen aus Metall? Leicht, flexibel, supercool!Feine Linien, poppige Farben und handgefertigte Details f\u00fcr Kinder und Teenager.\" \/>\n<meta name=\"robots\" content=\"index, follow, max-snippet:-1, max-image-preview:large, max-video-preview:-1\" \/>\n<link rel=\"canonical\" href=\"https:\/\/www.stileitalianoocchiali.com\/de\/metallo\/\" \/>\n<meta property=\"og:locale\" content=\"de_DE\" \/>\n<meta property=\"og:type\" content=\"article\" \/>\n<meta property=\"og:title\" content=\"STAHL - stileItaliano beats for Kids!\" \/>\n<meta property=\"og:description\" content=\"Brillen aus Metall? Leicht, flexibel, supercool!Feine Linien, poppige Farben und handgefertigte Details f\u00fcr Kinder und Teenager.\" \/>\n<meta property=\"og:url\" content=\"https:\/\/www.stileitalianoocchiali.com\/de\/metallo\/\" \/>\n<meta property=\"og:site_name\" content=\"stileItaliano beats for Kids!\" \/>\n<meta property=\"article:modified_time\" content=\"2025-07-22T15:16:02+00:00\" \/>\n<meta property=\"og:image\" content=\"https:\/\/www.stileitalianoocchiali.com\/wp-content\/uploads\/2025\/07\/METALLO_stileItaliano_kidsglasses-1-scaled.jpg\" \/>\n\t<meta property=\"og:image:width\" content=\"2560\" \/>\n\t<meta property=\"og:image:height\" content=\"1440\" \/>\n\t<meta property=\"og:image:type\" content=\"image\/jpeg\" \/>\n<meta name=\"twitter:card\" content=\"summary_large_image\" \/>\n<meta name=\"twitter:label1\" content=\"Gesch\u00e4tzte Lesezeit\" \/>\n\t<meta name=\"twitter:data1\" content=\"2\u00a0Minuten\" \/>\n<script type=\"application\/ld+json\" class=\"yoast-schema-graph\">{\"@context\":\"https:\/\/schema.org\",\"@graph\":[{\"@type\":\"WebPage\",\"@id\":\"https:\/\/www.stileitalianoocchiali.com\/de\/metallo\/\",\"url\":\"https:\/\/www.stileitalianoocchiali.com\/de\/metallo\/\",\"name\":\"STAHL - stileItaliano beats for Kids!\",\"isPartOf\":{\"@id\":\"https:\/\/www.stileitalianoocchiali.com\/de\/#website\"},\"datePublished\":\"2025-07-18T09:31:31+00:00\",\"dateModified\":\"2025-07-22T15:16:02+00:00\",\"description\":\"Brillen aus Metall? Leicht, flexibel, supercool!Feine Linien, poppige Farben und handgefertigte Details f\u00fcr Kinder und Teenager.\",\"breadcrumb\":{\"@id\":\"https:\/\/www.stileitalianoocchiali.com\/de\/metallo\/#breadcrumb\"},\"inLanguage\":\"de\",\"potentialAction\":[{\"@type\":\"ReadAction\",\"target\":[\"https:\/\/www.stileitalianoocchiali.com\/de\/metallo\/\"]}]},{\"@type\":\"BreadcrumbList\",\"@id\":\"https:\/\/www.stileitalianoocchiali.com\/de\/metallo\/#breadcrumb\",\"itemListElement\":[{\"@type\":\"ListItem\",\"position\":1,\"name\":\"Homepage\",\"item\":\"https:\/\/www.stileitalianoocchiali.com\/de\/\"},{\"@type\":\"ListItem\",\"position\":2,\"name\":\"STAHL\"}]},{\"@type\":\"WebSite\",\"@id\":\"https:\/\/www.stileitalianoocchiali.com\/de\/#website\",\"url\":\"https:\/\/www.stileitalianoocchiali.com\/de\/\",\"name\":\"stileItaliano beats for Kids!\",\"description\":\"Big vision for Little eyes\",\"publisher\":{\"@id\":\"https:\/\/www.stileitalianoocchiali.com\/de\/#organization\"},\"potentialAction\":[{\"@type\":\"SearchAction\",\"target\":{\"@type\":\"EntryPoint\",\"urlTemplate\":\"https:\/\/www.stileitalianoocchiali.com\/de\/?s={search_term_string}\"},\"query-input\":\"required name=search_term_string\"}],\"inLanguage\":\"de\"},{\"@type\":\"Organization\",\"@id\":\"https:\/\/www.stileitalianoocchiali.com\/de\/#organization\",\"name\":\"stileItaliano beats for Kids!\",\"url\":\"https:\/\/www.stileitalianoocchiali.com\/de\/\",\"logo\":{\"@type\":\"ImageObject\",\"inLanguage\":\"de\",\"@id\":\"https:\/\/www.stileitalianoocchiali.com\/de\/#\/schema\/logo\/image\/\",\"url\":\"https:\/\/www.stileitalianoocchiali.com\/wp-content\/uploads\/2025\/07\/cropped-stileItaliano_logo_BEATSFORKIDS_teal-1.png\",\"contentUrl\":\"https:\/\/www.stileitalianoocchiali.com\/wp-content\/uploads\/2025\/07\/cropped-stileItaliano_logo_BEATSFORKIDS_teal-1.png\",\"width\":5460,\"height\":1843,\"caption\":\"stileItaliano beats for Kids!\"},\"image\":{\"@id\":\"https:\/\/www.stileitalianoocchiali.com\/de\/#\/schema\/logo\/image\/\"}}]}<\/script>\n<!-- \/ Yoast SEO plugin. -->","yoast_head_json":{"title":"STAHL - stileItaliano beats for Kids!","description":"Brillen aus Metall? Leicht, flexibel, supercool!Feine Linien, poppige Farben und handgefertigte Details f\u00fcr Kinder und Teenager.","robots":{"index":"index","follow":"follow","max-snippet":"max-snippet:-1","max-image-preview":"max-image-preview:large","max-video-preview":"max-video-preview:-1"},"canonical":"https:\/\/www.stileitalianoocchiali.com\/de\/metallo\/","og_locale":"de_DE","og_type":"article","og_title":"STAHL - stileItaliano beats for Kids!","og_description":"Brillen aus Metall? Leicht, flexibel, supercool!Feine Linien, poppige Farben und handgefertigte Details f\u00fcr Kinder und Teenager.","og_url":"https:\/\/www.stileitalianoocchiali.com\/de\/metallo\/","og_site_name":"stileItaliano beats for Kids!","article_modified_time":"2025-07-22T15:16:02+00:00","og_image":[{"width":2560,"height":1440,"url":"https:\/\/www.stileitalianoocchiali.com\/wp-content\/uploads\/2025\/07\/METALLO_stileItaliano_kidsglasses-1-scaled.jpg","type":"image\/jpeg"}],"twitter_card":"summary_large_image","twitter_misc":{"Gesch\u00e4tzte Lesezeit":"2\u00a0Minuten"},"schema":{"@context":"https:\/\/schema.org","@graph":[{"@type":"WebPage","@id":"https:\/\/www.stileitalianoocchiali.com\/de\/metallo\/","url":"https:\/\/www.stileitalianoocchiali.com\/de\/metallo\/","name":"STAHL - stileItaliano beats for Kids!","isPartOf":{"@id":"https:\/\/www.stileitalianoocchiali.com\/de\/#website"},"datePublished":"2025-07-18T09:31:31+00:00","dateModified":"2025-07-22T15:16:02+00:00","description":"Brillen aus Metall? Leicht, flexibel, supercool!Feine Linien, poppige Farben und handgefertigte Details f\u00fcr Kinder und Teenager.","breadcrumb":{"@id":"https:\/\/www.stileitalianoocchiali.com\/de\/metallo\/#breadcrumb"},"inLanguage":"de","potentialAction":[{"@type":"ReadAction","target":["https:\/\/www.stileitalianoocchiali.com\/de\/metallo\/"]}]},{"@type":"BreadcrumbList","@id":"https:\/\/www.stileitalianoocchiali.com\/de\/metallo\/#breadcrumb","itemListElement":[{"@type":"ListItem","position":1,"name":"Homepage","item":"https:\/\/www.stileitalianoocchiali.com\/de\/"},{"@type":"ListItem","position":2,"name":"STAHL"}]},{"@type":"WebSite","@id":"https:\/\/www.stileitalianoocchiali.com\/de\/#website","url":"https:\/\/www.stileitalianoocchiali.com\/de\/","name":"stileItaliano beats for Kids!","description":"Big vision for Little eyes","publisher":{"@id":"https:\/\/www.stileitalianoocchiali.com\/de\/#organization"},"potentialAction":[{"@type":"SearchAction","target":{"@type":"EntryPoint","urlTemplate":"https:\/\/www.stileitalianoocchiali.com\/de\/?s={search_term_string}"},"query-input":"required name=search_term_string"}],"inLanguage":"de"},{"@type":"Organization","@id":"https:\/\/www.stileitalianoocchiali.com\/de\/#organization","name":"stileItaliano beats for Kids!","url":"https:\/\/www.stileitalianoocchiali.com\/de\/","logo":{"@type":"ImageObject","inLanguage":"de","@id":"https:\/\/www.stileitalianoocchiali.com\/de\/#\/schema\/logo\/image\/","url":"https:\/\/www.stileitalianoocchiali.com\/wp-content\/uploads\/2025\/07\/cropped-stileItaliano_logo_BEATSFORKIDS_teal-1.png","contentUrl":"https:\/\/www.stileitalianoocchiali.com\/wp-content\/uploads\/2025\/07\/cropped-stileItaliano_logo_BEATSFORKIDS_teal-1.png","width":5460,"height":1843,"caption":"stileItaliano beats for Kids!"},"image":{"@id":"https:\/\/www.stileitalianoocchiali.com\/de\/#\/schema\/logo\/image\/"}}]}},"_links":{"self":[{"href":"https:\/\/www.stileitalianoocchiali.com\/de\/wp-json\/wp\/v2\/pages\/33076"}],"collection":[{"href":"https:\/\/www.stileitalianoocchiali.com\/de\/wp-json\/wp\/v2\/pages"}],"about":[{"href":"https:\/\/www.stileitalianoocchiali.com\/de\/wp-json\/wp\/v2\/types\/page"}],"author":[{"embeddable":true,"href":"https:\/\/www.stileitalianoocchiali.com\/de\/wp-json\/wp\/v2\/users\/350"}],"replies":[{"embeddable":true,"href":"https:\/\/www.stileitalianoocchiali.com\/de\/wp-json\/wp\/v2\/comments?post=33076"}],"version-history":[{"count":0,"href":"https:\/\/www.stileitalianoocchiali.com\/de\/wp-json\/wp\/v2\/pages\/33076\/revisions"}],"wp:featuredmedia":[{"embeddable":true,"href":"https:\/\/www.stileitalianoocchiali.com\/de\/wp-json\/wp\/v2\/media\/33063"}],"wp:attachment":[{"href":"https:\/\/www.stileitalianoocchiali.com\/de\/wp-json\/wp\/v2\/media?parent=33076"}],"curies":[{"name":"wp","href":"https:\/\/api.w.org\/{rel}","templated":true}]}}