{"id":33120,"date":"2025-07-18T17:01:41","date_gmt":"2025-07-18T15:01:41","guid":{"rendered":"https:\/\/www.stileitalianoocchiali.com\/acetato\/"},"modified":"2025-07-22T16:05:39","modified_gmt":"2025-07-22T14:05:39","slug":"acetat-2","status":"publish","type":"page","link":"https:\/\/www.stileitalianoocchiali.com\/de\/acetat-2\/","title":{"rendered":"ACETATO"},"content":{"rendered":"\n<div class=\"wp-block-cover alignfull is-light has-custom-content-position is-position-bottom-left is-style-hero\" style=\"min-height:800px\"><span aria-hidden=\"true\" class=\"wp-block-cover__background has-background-dim-0 has-background-dim\"><\/span><img decoding=\"async\" loading=\"lazy\" width=\"2560\" height=\"1440\" class=\"wp-block-cover__image-background wp-image-33081\" alt=\"\" src=\"https:\/\/www.stileitalianoocchiali.com\/wp-content\/uploads\/2025\/07\/acetato_stileItaliano_kidseyewear-2-scaled.jpg\" data-object-fit=\"cover\"\/><div class=\"wp-block-cover__inner-container is-layout-flow wp-block-cover-is-layout-flow\">\n<div class=\"wp-block-group has-background has-global-padding is-layout-constrained wp-container-1 wp-block-group-is-layout-constrained\" style=\"background-color:#ffffffcc;margin-top:var(--wp--preset--spacing--40);margin-bottom:var(--wp--preset--spacing--40);padding-top:var(--wp--preset--spacing--18);padding-right:var(--wp--preset--spacing--120);padding-bottom:var(--wp--preset--spacing--18);padding-left:var(--wp--preset--spacing--120)\">\n<h1 class=\"wp-block-heading has-text-align-left has-text-color\" style=\"color:#fa919d;font-style:normal;font-weight:600\">ACETAT <\/h1>\n<\/div>\n<\/div><\/div>\n\n\n\n<div style=\"height:20px\" aria-hidden=\"true\" class=\"wp-block-spacer\"><\/div>\n\n\n\n<h2 class=\"wp-block-heading has-text-align-center has-dark-color has-text-color\" style=\"font-style:normal;font-weight:600\"><strong>stileItaliano<\/strong> beats for Kids! \ud83e\ude77\ud83d\udc99<\/h2>\n\n\n\n<div class=\"wp-block-group alignfull has-global-padding is-layout-constrained wp-container-8 wp-block-group-is-layout-constrained\" style=\"padding-top:var(--wp--preset--spacing--80);padding-bottom:var(--wp--preset--spacing--120)\">\n<div class=\"wp-block-columns alignfull is-style-cards is-layout-flex wp-container-5 wp-block-columns-is-layout-flex\">\n<div class=\"wp-block-column is-vertically-aligned-center is-layout-flow wp-block-column-is-layout-flow\">\n<figure class=\"wp-block-image size-full\"><img decoding=\"async\" loading=\"lazy\" width=\"1125\" height=\"844\" src=\"https:\/\/www.stileitalianoocchiali.com\/wp-content\/uploads\/2025\/07\/ACETATO_stileitaliano_kidsglasses.jpg\" alt=\"\" class=\"wp-image-33084\"\/><\/figure>\n<\/div>\n\n\n\n<div class=\"wp-block-column is-vertically-aligned-center text is-layout-flow wp-block-column-is-layout-flow\">\n<h3 class=\"wp-block-heading has-primary-color has-text-color\"><strong>Acetat: Wenn Farbe lebendig wird<\/strong>!<\/h3>\n\n\n\n<p style=\"font-size:clamp(0.875rem, 0.875rem + ((1vw - 0.2rem) * 0.513), 1.3rem);\">F\u00fcr stileItaliano ist Acetat eine Herzens- und Kopfsache. Nat\u00fcrlich, flexibel, langlebig.<br>Aber vor allem: <strong>lebendig<\/strong>. Es ver\u00e4ndert sich mit dem Licht, l\u00e4sst sich formen und \u00fcberrascht immer wieder.<br><strong>Aus Baumwoll- und Holzfasern<\/strong> entsteht durch einen feinen, sensiblen Prozess eine bunte Platte mit unendlichen M\u00f6glichkeiten: matt, gl\u00e4nzend, transparent, verlaufend, geschichtet, irisierend.<br>Jede Brille wird so zu einem Unikat \u2013 <strong>keine Textur gleicht<\/strong> der anderen.<br>Fast so, als w\u00fcrde man eine kleine Landschaft tragen \u2013 st\u00e4ndig in Bewegung.<\/p>\n<\/div>\n<\/div>\n\n\n\n<div style=\"height:62px\" aria-hidden=\"true\" class=\"wp-block-spacer\"><\/div>\n\n\n\n<p><\/p>\n\n\n\n<h1 class=\"wp-block-heading has-text-align-center has-text-color\" style=\"color:#fa919d;font-size:clamp(1.25rem, 1.25rem + ((1vw - 0.2rem) * 0.905), 2rem);\"><strong>Zwei Seelen, zwei Verfahren:<\/strong><\/h1>\n\n\n\n<div style=\"height:31px\" aria-hidden=\"true\" class=\"wp-block-spacer\"><\/div>\n\n\n\n<p><\/p>\n\n\n\n<p class=\"has-text-align-center\" style=\"font-size:clamp(1.039rem, 1.039rem + ((1vw - 0.2rem) * 0.677), 1.6rem);\">\ud83d\udd39 <em><strong>Blockverfahren<\/strong> \u2013<\/em> tiefe Muster, nat\u00fcrliche Effekte, dreidimensionale Texturen<br>\ud83d\udd39 <em><strong>Extrusion<\/strong> \u2013<\/em> grafische Pr\u00e4zision, klare Linien, gleichm\u00e4\u00dfige Muster<\/p>\n\n\n\n<p class=\"has-text-align-center\" style=\"font-size:clamp(1.039rem, 1.039rem + ((1vw - 0.2rem) * 0.677), 1.6rem);\"><\/p>\n\n\n\n<p class=\"has-text-align-center\" style=\"font-size:clamp(1.039rem, 1.039rem + ((1vw - 0.2rem) * 0.677), 1.6rem);\">Mit Acetat spielen wir auf h\u00f6chstem Niveau: schneiden, formen, erw\u00e4rmen, bedrucken, polieren.<br>Nat\u00fcrlich alles in den H\u00e4nden italienischer Handwerksmeister, die das Material <strong>zum Tanzen bringen<\/strong> \u2013 ohne es jemals aus der Form zu bringen.<\/p>\n\n\n\n<div style=\"height:40px\" aria-hidden=\"true\" class=\"wp-block-spacer\"><\/div>\n\n\n\n<p><\/p>\n\n\n\n<h2 class=\"wp-block-heading has-text-align-center\" style=\"font-size:clamp(1.146rem, 1.146rem + ((1vw - 0.2rem) * 0.789), 1.8rem);text-transform:none\"><strong>MAZZUCCHELLI 1849: <\/strong>unser langj\u00e4hriger Partner<\/h2>\n\n\n\n<div style=\"height:19px\" aria-hidden=\"true\" class=\"wp-block-spacer\"><\/div>\n\n\n\n<p class=\"has-text-align-center\" style=\"font-size:clamp(1.039rem, 1.039rem + ((1vw - 0.2rem) * 0.677), 1.6rem);\">Wenn wir Acetat w\u00e4hlen, dann nur<strong> das Beste.<\/strong><br>Und f\u00fcr uns hei\u00dft \u201edas Beste\u201c: <strong>Mazzucchelli 1849.<\/strong> Sechs Generationen voller Exzellenz, Qualit\u00e4t und Farbkultur.<br>Wir erhalten ausschlie\u00dflich <strong>hautfreundliche, hypoallergene Materialien<\/strong> \u2013 angenehm zu tragen und visuell intensiv.<\/p>\n\n\n\n<div style=\"height:40px\" aria-hidden=\"true\" class=\"wp-block-spacer\"><\/div>\n\n\n\n<p class=\"has-text-align-center has-primary-color has-text-color\" style=\"font-size:clamp(1.25rem, 1.25rem + ((1vw - 0.2rem) * 0.905), 2rem);\"><strong>Acetat. Ein Material, das Italienisch spricht. Und zwar mit Stil.<\/strong><\/p>\n\n\n\n<div class=\"wp-block-columns alignfull is-style-cards is-layout-flex wp-container-7 wp-block-columns-is-layout-flex\">\n<div class=\"wp-block-column is-layout-flow wp-container-6 wp-block-column-is-layout-flow\" style=\"padding-top:0;padding-right:var(--wp--preset--spacing--120);padding-bottom:0;padding-left:var(--wp--preset--spacing--120)\"><\/div>\n<\/div>\n<\/div>\n\n\n\n<figure class=\"wp-block-gallery has-nested-images columns-default is-cropped wp-block-gallery-9 is-layout-flex wp-block-gallery-is-layout-flex\">\n<figure class=\"wp-block-image size-large\"><img decoding=\"async\" loading=\"lazy\" width=\"1080\" height=\"1080\" data-id=\"32619\" src=\"https:\/\/www.stileitalianoocchiali.com\/wp-content\/uploads\/2025\/04\/6.png\" alt=\"\" class=\"wp-image-32619\" srcset=\"https:\/\/www.stileitalianoocchiali.com\/wp-content\/uploads\/2025\/04\/6.png 1080w, https:\/\/www.stileitalianoocchiali.com\/wp-content\/uploads\/2025\/04\/6-150x150.png 150w, https:\/\/www.stileitalianoocchiali.com\/wp-content\/uploads\/2025\/04\/6-416x416.png 416w\" sizes=\"(max-width: 1080px) 100vw, 1080px\" \/><\/figure>\n\n\n\n<figure class=\"wp-block-image size-full\"><img decoding=\"async\" loading=\"lazy\" width=\"1200\" height=\"1200\" data-id=\"32881\" src=\"https:\/\/www.stileitalianoocchiali.com\/wp-content\/uploads\/2025\/06\/SI5034.325_ragazzo-rosso.jpg\" alt=\"\" class=\"wp-image-32881\" srcset=\"https:\/\/www.stileitalianoocchiali.com\/wp-content\/uploads\/2025\/06\/SI5034.325_ragazzo-rosso.jpg 1200w, https:\/\/www.stileitalianoocchiali.com\/wp-content\/uploads\/2025\/06\/SI5034.325_ragazzo-rosso-150x150.jpg 150w, https:\/\/www.stileitalianoocchiali.com\/wp-content\/uploads\/2025\/06\/SI5034.325_ragazzo-rosso-416x416.jpg 416w\" sizes=\"(max-width: 1200px) 100vw, 1200px\" \/><\/figure>\n\n\n\n<figure class=\"wp-block-image size-large\"><img decoding=\"async\" loading=\"lazy\" width=\"1080\" height=\"1080\" data-id=\"32616\" src=\"https:\/\/www.stileitalianoocchiali.com\/wp-content\/uploads\/2025\/04\/1-1.png\" alt=\"\" class=\"wp-image-32616\" srcset=\"https:\/\/www.stileitalianoocchiali.com\/wp-content\/uploads\/2025\/04\/1-1.png 1080w, https:\/\/www.stileitalianoocchiali.com\/wp-content\/uploads\/2025\/04\/1-1-150x150.png 150w, https:\/\/www.stileitalianoocchiali.com\/wp-content\/uploads\/2025\/04\/1-1-416x416.png 416w\" sizes=\"(max-width: 1080px) 100vw, 1080px\" \/><\/figure>\n\n\n\n<figure class=\"wp-block-image size-big-square is-style-default\"><img decoding=\"async\" loading=\"lazy\" width=\"416\" height=\"416\" data-id=\"31853\" src=\"https:\/\/www.stileitalianoocchiali.com\/wp-content\/uploads\/2024\/09\/SI5024.310_gabry_1-416x416.jpg\" alt=\"\" class=\"wp-image-31853\" srcset=\"https:\/\/www.stileitalianoocchiali.com\/wp-content\/uploads\/2024\/09\/SI5024.310_gabry_1-416x416.jpg 416w, https:\/\/www.stileitalianoocchiali.com\/wp-content\/uploads\/2024\/09\/SI5024.310_gabry_1-150x150.jpg 150w\" sizes=\"(max-width: 416px) 100vw, 416px\" \/><\/figure>\n\n\n\n<figure class=\"wp-block-image size-large\"><img decoding=\"async\" loading=\"lazy\" width=\"1080\" height=\"1080\" data-id=\"30480\" src=\"https:\/\/www.stileitalianoocchiali.com\/wp-content\/uploads\/2024\/07\/GIO_5021.jpg\" alt=\"\" class=\"wp-image-30480\" srcset=\"https:\/\/www.stileitalianoocchiali.com\/wp-content\/uploads\/2024\/07\/GIO_5021.jpg 1080w, https:\/\/www.stileitalianoocchiali.com\/wp-content\/uploads\/2024\/07\/GIO_5021-150x150.jpg 150w, https:\/\/www.stileitalianoocchiali.com\/wp-content\/uploads\/2024\/07\/GIO_5021-416x416.jpg 416w\" sizes=\"(max-width: 1080px) 100vw, 1080px\" \/><\/figure>\n\n\n\n<figure class=\"wp-block-image size-full\"><img decoding=\"async\" loading=\"lazy\" width=\"2560\" height=\"2560\" data-id=\"28045\" src=\"https:\/\/www.stileitalianoocchiali.com\/wp-content\/uploads\/2023\/07\/SI5019.281_aurora1-scaled.jpg\" alt=\"\" class=\"wp-image-28045\" srcset=\"https:\/\/www.stileitalianoocchiali.com\/wp-content\/uploads\/2023\/07\/SI5019.281_aurora1-scaled.jpg 2560w, https:\/\/www.stileitalianoocchiali.com\/wp-content\/uploads\/2023\/07\/SI5019.281_aurora1-150x150.jpg 150w, https:\/\/www.stileitalianoocchiali.com\/wp-content\/uploads\/2023\/07\/SI5019.281_aurora1-416x416.jpg 416w\" sizes=\"(max-width: 2560px) 100vw, 2560px\" \/><\/figure>\n<\/figure>\n\n\n\n<div style=\"height:30px\" aria-hidden=\"true\" class=\"wp-block-spacer\"><\/div>\n\n\n\n<hr class=\"wp-block-separator has-text-color has-alpha-channel-opacity has-background\" style=\"background-color:#ffb1ba;color:#ffb1ba\"\/>\n\n\n\n<div style=\"height:40px\" aria-hidden=\"true\" class=\"wp-block-spacer\"><\/div>\n\n\n\n<h2 class=\"wp-block-heading has-text-align-center\">ALTRI NOSTRI MATERIALI<\/h2>\n\n\n\n<div style=\"height:20px\" aria-hidden=\"true\" class=\"wp-block-spacer\"><\/div>\n\n\n\n<div class=\"wp-block-columns alignfull is-layout-flex wp-container-12 wp-block-columns-is-layout-flex\" style=\"padding-top:0;padding-right:0;padding-bottom:var(--wp--preset--spacing--80);padding-left:0\">\n<div class=\"wp-block-column is-layout-flow wp-container-11 wp-block-column-is-layout-flow\">\n<figure class=\"wp-block-image size-full is-style-button-on-top\"><a href=\"https:\/\/www.stileitalianoocchiali.com\/de\/metallo\/\" target=\"_blank\" rel=\"noreferrer noopener\"><img decoding=\"async\" loading=\"lazy\" width=\"2500\" height=\"1975\" src=\"https:\/\/www.stileitalianoocchiali.com\/wp-content\/uploads\/2025\/04\/1000X790-_METALLO_DE.jpg\" alt=\"\" class=\"wp-image-32583\"\/><\/a><\/figure>\n<\/div>\n<\/div>\n","protected":false},"excerpt":{"rendered":"<p>stileItaliano beats for Kids! \ud83e\ude77\ud83d\udc99 Acetat: Wenn Farbe lebendig wird! F\u00fcr stileItaliano ist Acetat eine Herzens- und Kopfsache. Nat\u00fcrlich, flexibel, langlebig.Aber vor allem: lebendig. Es ver\u00e4ndert sich mit dem Licht, l\u00e4sst sich formen und \u00fcberrascht immer wieder.Aus Baumwoll- und Holzfasern entsteht durch einen feinen, sensiblen Prozess eine bunte Platte mit unendlichen M\u00f6glichkeiten: matt, gl\u00e4nzend, transparent, [&hellip;]<\/p>\n","protected":false},"author":350,"featured_media":33083,"parent":0,"menu_order":0,"comment_status":"closed","ping_status":"closed","template":"","meta":{"inline_featured_image":false,"footnotes":""},"acf":[],"yoast_head":"<!-- This site is optimized with the Yoast SEO plugin v21.3 - https:\/\/yoast.com\/wordpress\/plugins\/seo\/ -->\n<title>ACETATO - stileItaliano beats for Kids!<\/title>\n<meta name=\"description\" content=\"Acetatbrillen f\u00fcr Kids &amp; Teens: bunt, leicht, einzigartig! Komfort &amp; Stil aus Italien f\u00fcr junge Augen mit viel Pers\u00f6nlichkeit.\" \/>\n<meta name=\"robots\" content=\"index, follow, max-snippet:-1, max-image-preview:large, max-video-preview:-1\" \/>\n<link rel=\"canonical\" href=\"https:\/\/www.stileitalianoocchiali.com\/de\/acetat-2\/\" \/>\n<meta property=\"og:locale\" content=\"de_DE\" \/>\n<meta property=\"og:type\" content=\"article\" \/>\n<meta property=\"og:title\" content=\"ACETATO - stileItaliano beats for Kids!\" \/>\n<meta property=\"og:description\" content=\"Acetatbrillen f\u00fcr Kids &amp; Teens: bunt, leicht, einzigartig! Komfort &amp; Stil aus Italien f\u00fcr junge Augen mit viel Pers\u00f6nlichkeit.\" \/>\n<meta property=\"og:url\" content=\"https:\/\/www.stileitalianoocchiali.com\/de\/acetat-2\/\" \/>\n<meta property=\"og:site_name\" content=\"stileItaliano beats for Kids!\" \/>\n<meta property=\"article:modified_time\" content=\"2025-07-22T14:05:39+00:00\" \/>\n<meta property=\"og:image\" content=\"https:\/\/www.stileitalianoocchiali.com\/wp-content\/uploads\/2025\/07\/acetato_stileItaliano_kidseyewear-2-scaled.jpg\" \/>\n\t<meta property=\"og:image:width\" content=\"2560\" \/>\n\t<meta property=\"og:image:height\" content=\"1440\" \/>\n\t<meta property=\"og:image:type\" content=\"image\/jpeg\" \/>\n<meta name=\"twitter:card\" content=\"summary_large_image\" \/>\n<meta name=\"twitter:label1\" content=\"Gesch\u00e4tzte Lesezeit\" \/>\n\t<meta name=\"twitter:data1\" content=\"3\u00a0Minuten\" \/>\n<script type=\"application\/ld+json\" class=\"yoast-schema-graph\">{\"@context\":\"https:\/\/schema.org\",\"@graph\":[{\"@type\":\"WebPage\",\"@id\":\"https:\/\/www.stileitalianoocchiali.com\/de\/acetat-2\/\",\"url\":\"https:\/\/www.stileitalianoocchiali.com\/de\/acetat-2\/\",\"name\":\"ACETATO - stileItaliano beats for Kids!\",\"isPartOf\":{\"@id\":\"https:\/\/www.stileitalianoocchiali.com\/de\/#website\"},\"datePublished\":\"2025-07-18T15:01:41+00:00\",\"dateModified\":\"2025-07-22T14:05:39+00:00\",\"description\":\"Acetatbrillen f\u00fcr Kids & Teens: bunt, leicht, einzigartig! Komfort & Stil aus Italien f\u00fcr junge Augen mit viel Pers\u00f6nlichkeit.\",\"breadcrumb\":{\"@id\":\"https:\/\/www.stileitalianoocchiali.com\/de\/acetat-2\/#breadcrumb\"},\"inLanguage\":\"de\",\"potentialAction\":[{\"@type\":\"ReadAction\",\"target\":[\"https:\/\/www.stileitalianoocchiali.com\/de\/acetat-2\/\"]}]},{\"@type\":\"BreadcrumbList\",\"@id\":\"https:\/\/www.stileitalianoocchiali.com\/de\/acetat-2\/#breadcrumb\",\"itemListElement\":[{\"@type\":\"ListItem\",\"position\":1,\"name\":\"Homepage\",\"item\":\"https:\/\/www.stileitalianoocchiali.com\/de\/\"},{\"@type\":\"ListItem\",\"position\":2,\"name\":\"ACETATO\"}]},{\"@type\":\"WebSite\",\"@id\":\"https:\/\/www.stileitalianoocchiali.com\/de\/#website\",\"url\":\"https:\/\/www.stileitalianoocchiali.com\/de\/\",\"name\":\"stileItaliano beats for Kids!\",\"description\":\"Big vision for Little eyes\",\"publisher\":{\"@id\":\"https:\/\/www.stileitalianoocchiali.com\/de\/#organization\"},\"potentialAction\":[{\"@type\":\"SearchAction\",\"target\":{\"@type\":\"EntryPoint\",\"urlTemplate\":\"https:\/\/www.stileitalianoocchiali.com\/de\/?s={search_term_string}\"},\"query-input\":\"required name=search_term_string\"}],\"inLanguage\":\"de\"},{\"@type\":\"Organization\",\"@id\":\"https:\/\/www.stileitalianoocchiali.com\/de\/#organization\",\"name\":\"stileItaliano beats for Kids!\",\"url\":\"https:\/\/www.stileitalianoocchiali.com\/de\/\",\"logo\":{\"@type\":\"ImageObject\",\"inLanguage\":\"de\",\"@id\":\"https:\/\/www.stileitalianoocchiali.com\/de\/#\/schema\/logo\/image\/\",\"url\":\"https:\/\/www.stileitalianoocchiali.com\/wp-content\/uploads\/2025\/07\/cropped-stileItaliano_logo_BEATSFORKIDS_teal-1.png\",\"contentUrl\":\"https:\/\/www.stileitalianoocchiali.com\/wp-content\/uploads\/2025\/07\/cropped-stileItaliano_logo_BEATSFORKIDS_teal-1.png\",\"width\":5460,\"height\":1843,\"caption\":\"stileItaliano beats for Kids!\"},\"image\":{\"@id\":\"https:\/\/www.stileitalianoocchiali.com\/de\/#\/schema\/logo\/image\/\"}}]}<\/script>\n<!-- \/ Yoast SEO plugin. -->","yoast_head_json":{"title":"ACETATO - stileItaliano beats for Kids!","description":"Acetatbrillen f\u00fcr Kids & Teens: bunt, leicht, einzigartig! Komfort & Stil aus Italien f\u00fcr junge Augen mit viel Pers\u00f6nlichkeit.","robots":{"index":"index","follow":"follow","max-snippet":"max-snippet:-1","max-image-preview":"max-image-preview:large","max-video-preview":"max-video-preview:-1"},"canonical":"https:\/\/www.stileitalianoocchiali.com\/de\/acetat-2\/","og_locale":"de_DE","og_type":"article","og_title":"ACETATO - stileItaliano beats for Kids!","og_description":"Acetatbrillen f\u00fcr Kids & Teens: bunt, leicht, einzigartig! Komfort & Stil aus Italien f\u00fcr junge Augen mit viel Pers\u00f6nlichkeit.","og_url":"https:\/\/www.stileitalianoocchiali.com\/de\/acetat-2\/","og_site_name":"stileItaliano beats for Kids!","article_modified_time":"2025-07-22T14:05:39+00:00","og_image":[{"width":2560,"height":1440,"url":"https:\/\/www.stileitalianoocchiali.com\/wp-content\/uploads\/2025\/07\/acetato_stileItaliano_kidseyewear-2-scaled.jpg","type":"image\/jpeg"}],"twitter_card":"summary_large_image","twitter_misc":{"Gesch\u00e4tzte Lesezeit":"3\u00a0Minuten"},"schema":{"@context":"https:\/\/schema.org","@graph":[{"@type":"WebPage","@id":"https:\/\/www.stileitalianoocchiali.com\/de\/acetat-2\/","url":"https:\/\/www.stileitalianoocchiali.com\/de\/acetat-2\/","name":"ACETATO - stileItaliano beats for Kids!","isPartOf":{"@id":"https:\/\/www.stileitalianoocchiali.com\/de\/#website"},"datePublished":"2025-07-18T15:01:41+00:00","dateModified":"2025-07-22T14:05:39+00:00","description":"Acetatbrillen f\u00fcr Kids & Teens: bunt, leicht, einzigartig! Komfort & Stil aus Italien f\u00fcr junge Augen mit viel Pers\u00f6nlichkeit.","breadcrumb":{"@id":"https:\/\/www.stileitalianoocchiali.com\/de\/acetat-2\/#breadcrumb"},"inLanguage":"de","potentialAction":[{"@type":"ReadAction","target":["https:\/\/www.stileitalianoocchiali.com\/de\/acetat-2\/"]}]},{"@type":"BreadcrumbList","@id":"https:\/\/www.stileitalianoocchiali.com\/de\/acetat-2\/#breadcrumb","itemListElement":[{"@type":"ListItem","position":1,"name":"Homepage","item":"https:\/\/www.stileitalianoocchiali.com\/de\/"},{"@type":"ListItem","position":2,"name":"ACETATO"}]},{"@type":"WebSite","@id":"https:\/\/www.stileitalianoocchiali.com\/de\/#website","url":"https:\/\/www.stileitalianoocchiali.com\/de\/","name":"stileItaliano beats for Kids!","description":"Big vision for Little eyes","publisher":{"@id":"https:\/\/www.stileitalianoocchiali.com\/de\/#organization"},"potentialAction":[{"@type":"SearchAction","target":{"@type":"EntryPoint","urlTemplate":"https:\/\/www.stileitalianoocchiali.com\/de\/?s={search_term_string}"},"query-input":"required name=search_term_string"}],"inLanguage":"de"},{"@type":"Organization","@id":"https:\/\/www.stileitalianoocchiali.com\/de\/#organization","name":"stileItaliano beats for Kids!","url":"https:\/\/www.stileitalianoocchiali.com\/de\/","logo":{"@type":"ImageObject","inLanguage":"de","@id":"https:\/\/www.stileitalianoocchiali.com\/de\/#\/schema\/logo\/image\/","url":"https:\/\/www.stileitalianoocchiali.com\/wp-content\/uploads\/2025\/07\/cropped-stileItaliano_logo_BEATSFORKIDS_teal-1.png","contentUrl":"https:\/\/www.stileitalianoocchiali.com\/wp-content\/uploads\/2025\/07\/cropped-stileItaliano_logo_BEATSFORKIDS_teal-1.png","width":5460,"height":1843,"caption":"stileItaliano beats for Kids!"},"image":{"@id":"https:\/\/www.stileitalianoocchiali.com\/de\/#\/schema\/logo\/image\/"}}]}},"_links":{"self":[{"href":"https:\/\/www.stileitalianoocchiali.com\/de\/wp-json\/wp\/v2\/pages\/33120"}],"collection":[{"href":"https:\/\/www.stileitalianoocchiali.com\/de\/wp-json\/wp\/v2\/pages"}],"about":[{"href":"https:\/\/www.stileitalianoocchiali.com\/de\/wp-json\/wp\/v2\/types\/page"}],"author":[{"embeddable":true,"href":"https:\/\/www.stileitalianoocchiali.com\/de\/wp-json\/wp\/v2\/users\/350"}],"replies":[{"embeddable":true,"href":"https:\/\/www.stileitalianoocchiali.com\/de\/wp-json\/wp\/v2\/comments?post=33120"}],"version-history":[{"count":0,"href":"https:\/\/www.stileitalianoocchiali.com\/de\/wp-json\/wp\/v2\/pages\/33120\/revisions"}],"wp:featuredmedia":[{"embeddable":true,"href":"https:\/\/www.stileitalianoocchiali.com\/de\/wp-json\/wp\/v2\/media\/33083"}],"wp:attachment":[{"href":"https:\/\/www.stileitalianoocchiali.com\/de\/wp-json\/wp\/v2\/media?parent=33120"}],"curies":[{"name":"wp","href":"https:\/\/api.w.org\/{rel}","templated":true}]}}