{"id":33236,"date":"2025-07-25T11:48:27","date_gmt":"2025-07-25T09:48:27","guid":{"rendered":"https:\/\/www.stileitalianoocchiali.com\/kidentity\/"},"modified":"2025-07-25T16:54:49","modified_gmt":"2025-07-25T14:54:49","slug":"kidentity","status":"publish","type":"page","link":"https:\/\/www.stileitalianoocchiali.com\/de\/kidentity\/","title":{"rendered":"KIDENTITY"},"content":{"rendered":"\n<div class=\"wp-block-group alignfull has-global-padding is-layout-constrained wp-block-group-is-layout-constrained\"><div class=\"yoast-breadcrumbs p-0\"><span><span><a href=\"https:\/\/www.stileitalianoocchiali.com\/de\/\">Homepage<\/a><\/span>  <span class=\"breadcrumb_last\" aria-current=\"page\">KIDENTITY<\/span><\/span><\/div><\/div>\n\n\n\n<figure class=\"wp-block-video alignfull\"><video autoplay muted poster=\"https:\/\/www.stileitalianoocchiali.com\/wp-content\/uploads\/2025\/07\/HOME-KIDENTITY_stileItaliano_copertina.jpg\" src=\"https:\/\/www.stileitalianoocchiali.com\/wp-content\/uploads\/2025\/07\/HOME-KIDENTITY_stileItalaiano_kids_teens_eyewear.mp4\" playsinline><\/video><\/figure>\n\n\n\n<div style=\"height:30px\" aria-hidden=\"true\" class=\"wp-block-spacer\"><\/div>\n\n\n\n<div class=\"wp-block-media-text alignwide has-media-on-the-right is-stacked-on-mobile\" style=\"padding-right:0;padding-left:0;grid-template-columns:auto 40%\"><div class=\"wp-block-media-text__content\">\n<p><\/p>\n\n\n\n<div class=\"wp-block-group has-global-padding is-layout-constrained wp-container-3 wp-block-group-is-layout-constrained\" style=\"padding-top:15px\">\n<p class=\"has-primary-color has-text-color has-h-3-font-size\"><strong><strong>Eine Welt, gemacht f\u00fcr Kinder.<\/strong><\/strong><\/p>\n\n\n\n<p style=\"font-size:clamp(0.875rem, 0.875rem + ((1vw - 0.2rem) * 0.392), 1.2rem);\">Jedes Kind sieht die Welt auf seine eigene Art.<br>Deshalb machen wir keine Mini-Versionen von Erwachsenenbrillen \u2013 wir entwerfen Fassungen, <strong>die von Anfang an f\u00fcr wachsende Gesichter und neugierige Augen gedacht sind.<\/strong><br>Durchdachte Proportionen, bequeme Formen, sichere und superleichte Materialien.<br><strong>Denn gutes Sehen reicht nicht. Man soll sich auch wohlf\u00fchlen.<\/strong><\/p>\n\n\n\n<p style=\"font-size:clamp(0.875rem, 0.875rem + ((1vw - 0.2rem) * 0.392), 1.2rem);\"><strong>.<\/strong><\/p>\n\n\n\n<div class=\"wp-block-buttons is-layout-flex wp-block-buttons-is-layout-flex\">\n<div class=\"wp-block-button has-custom-font-size is-style-underlined\" style=\"font-size:clamp(0.875em, 0.875rem + ((1vw - 0.2em) * 0.392), 1.2em);\"><a class=\"wp-block-button__link has-primary-background-color has-text-color has-background wp-element-button\" href=\"https:\/\/www.stileitalianoocchiali.com\/de\/produkt-kategorie\/eyeglasses-de\/\" style=\"border-radius:40px;color:#ffffff;padding-top:10px;padding-right:30px;padding-bottom:10px;padding-left:30px\" target=\"_blank\" rel=\"noreferrer noopener\">Entdecke die Kollektion<\/a><\/div>\n<\/div>\n<\/div>\n<\/div><figure class=\"wp-block-media-text__media\"><img decoding=\"async\" loading=\"lazy\" width=\"2560\" height=\"2560\" src=\"https:\/\/www.stileitalianoocchiali.com\/wp-content\/uploads\/2025\/07\/stileItaliano_kidseyewear_kidentity3.jpg\" alt=\"\" class=\"wp-image-33214 size-full\" srcset=\"https:\/\/www.stileitalianoocchiali.com\/wp-content\/uploads\/2025\/07\/stileItaliano_kidseyewear_kidentity3.jpg 2560w, https:\/\/www.stileitalianoocchiali.com\/wp-content\/uploads\/2025\/07\/stileItaliano_kidseyewear_kidentity3-150x150.jpg 150w, https:\/\/www.stileitalianoocchiali.com\/wp-content\/uploads\/2025\/07\/stileItaliano_kidseyewear_kidentity3-416x416.jpg 416w\" sizes=\"(max-width: 2560px) 100vw, 2560px\" \/><\/figure><\/div>\n\n\n\n<div class=\"wp-block-group has-global-padding is-layout-constrained wp-container-4 wp-block-group-is-layout-constrained\" style=\"padding-top:var(--wp--preset--spacing--80);padding-bottom:var(--wp--preset--spacing--80)\">\n<h2 class=\"wp-block-heading has-text-align-center has-text-color has-h-3-font-size\" style=\"color:#fa919d;text-transform:uppercase\"><strong>Our heart beats for Kids. <\/strong><\/h2>\n\n\n\n<h2 class=\"wp-block-heading has-text-align-center has-h-3-font-size\">Und f\u00fcr alle, die ihnen besseres Sehen erm\u00f6glichen<strong>.<\/strong><\/h2>\n<\/div>\n\n\n\n<div class=\"wp-block-columns alignwide is-layout-flex wp-container-8 wp-block-columns-is-layout-flex\" style=\"padding-top:0;padding-right:0;padding-bottom:0;padding-left:0\">\n<div class=\"wp-block-column is-layout-flow wp-block-column-is-layout-flow\" style=\"flex-basis:66.66%\">\n<div class=\"wp-block-media-text alignwide has-media-on-the-right is-stacked-on-mobile has-primary-background-color has-text-color has-background\" style=\"color:#ffffff\"><div class=\"wp-block-media-text__content\">\n<div class=\"wp-block-group is-vertical is-layout-flex wp-container-5 wp-block-group-is-layout-flex\" style=\"margin-top:20px;margin-bottom:20px\">\n<h2 class=\"wp-block-heading\"><strong><strong>Technisch f\u00fcr Optiker. Magisch f\u00fcr Kinder<\/strong><\/strong>.<\/h2>\n\n\n\n<p>Jede Fassung ist gemacht f\u00fcr leistungsstarke Gl\u00e4ser, f\u00fcr festen Halt beim Toben \u2013 und langanhaltenden Komfort. Unser Team unterst\u00fctzt Optiker mit echtem Service: Ersatzteile und Materialien stets verf\u00fcgbar, pers\u00f6nlicher und zuverl\u00e4ssiger Support nach dem Kauf.<br><strong>Denn wer sich um das Sehverm\u00f6gen von Kindern k\u00fcmmert, verdient Pr\u00e4zision \u2013 und Vertrauen.<\/strong><\/p>\n<\/div>\n<\/div><figure class=\"wp-block-media-text__media\"><img decoding=\"async\" loading=\"lazy\" width=\"676\" height=\"1080\" src=\"https:\/\/www.stileitalianoocchiali.com\/wp-content\/uploads\/2024\/07\/DANI_5022-1-e1753435707738.jpg\" alt=\"\" class=\"wp-image-30493 size-full\"\/><\/figure><\/div>\n<\/div>\n\n\n\n<div class=\"wp-block-column is-vertically-aligned-center is-style-default is-layout-flow wp-block-column-is-layout-flow\" style=\"padding-right:var(--wp--preset--spacing--30);padding-left:var(--wp--preset--spacing--30);flex-basis:33.33%\">\n<p class=\"has-primary-color has-text-color has-large-font-size\"><strong>100% Made in Italy. Ohne Abk\u00fcrzungen.<\/strong><\/p>\n\n\n\n<p>Unsere Brillen entstehen aus einem klaren Versprechen: <strong>Design, Entwicklung und Produktion \u2013 alles in Italien.<\/strong><br>Wir arbeiten mit erfahrenen Handwerkern, verwenden <strong>Mazzucchelli<\/strong>-Acetat und antiallergische Metalle, setzen auf stabile Scharniere und durchdachte Details.<br><strong>Made in Italy<\/strong> ist f\u00fcr uns kein Werbeslogan. Es ist eine Haltung, ein Wert, ein echtes Engagement.<\/p>\n\n\n\n<hr class=\"wp-block-separator has-text-color has-alpha-channel-opacity has-background is-style-wide\" style=\"background-color:#fa919d;color:#fa919d\"\/>\n\n\n\n<p class=\"has-primary-color has-text-color has-large-font-size\"><strong>Sch\u00f6nheit. Verantwortung. Authentizit\u00e4t.<\/strong><\/p>\n\n\n\n<p>Jede Kollektion wird in limitierter Auflage produziert \u2013 um Abfall und Umweltauswirkungen zu reduzieren.<br>Wir setzen auf nat\u00fcrliche Materialien, kurze Lieferketten und umweltschonende Prozesse.<br>So tr\u00e4gt jedes Kind eine Brille, die nicht nur sch\u00f6n ist \u2013 sondern auch richtig.<br>Und jeder Optiker bekommt <strong>ein ethisches, nachvollziehbares und bewusstes Produkt.<\/strong><\/p>\n\n\n\n<hr class=\"wp-block-separator has-text-color has-alpha-channel-opacity has-background is-style-wide\" style=\"background-color:#fa919d;color:#fa919d\"\/>\n\n\n\n<p class=\"has-primary-color has-text-color has-large-font-size\"><strong>Design, das Italien erz\u00e4hlt. Mit Rhythmus.<\/strong><\/p>\n\n\n\n<p>Sinnliche Inspiration, italienischer Esprit, Formen mit Ausdruck.<br>Unsere Kollektionen spiegeln die Farben der St\u00e4dte, das Licht des Mittelmeers und die Geschichten wider, die nur Italien erz\u00e4hlen kann.<br><strong>Tradition und Kreativit\u00e4t vereinen sich in Fassungen, die ber\u00fchren \u2013 und funktionieren.<\/strong><\/p>\n<\/div>\n<\/div>\n\n\n\n<div style=\"height:40px\" aria-hidden=\"true\" class=\"wp-block-spacer\"><\/div>\n\n\n\n<h3 class=\"wp-block-heading has-text-align-left\">UNSERE MATERIALIEN<\/h3>\n\n\n\n<div style=\"height:20px\" aria-hidden=\"true\" class=\"wp-block-spacer\"><\/div>\n\n\n\n<div class=\"wp-block-columns alignfull is-layout-flex wp-container-11 wp-block-columns-is-layout-flex\" style=\"padding-top:0;padding-right:0;padding-bottom:var(--wp--preset--spacing--80);padding-left:0\">\n<div class=\"wp-block-column is-layout-flow wp-container-9 wp-block-column-is-layout-flow\">\n<figure class=\"wp-block-image size-full is-style-button-on-top\"><a href=\"https:\/\/www.stileitalianoocchiali.com\/de\/acetat-2\/\" target=\"_blank\" rel=\"noreferrer noopener\"><img decoding=\"async\" loading=\"lazy\" width=\"2560\" height=\"2023\" src=\"https:\/\/www.stileitalianoocchiali.com\/wp-content\/uploads\/2025\/04\/1000X790-_ACETATO_DE-scaled.jpg\" alt=\"\" class=\"wp-image-32578\"\/><\/a><\/figure>\n<\/div>\n\n\n\n<div class=\"wp-block-column is-layout-flow wp-container-10 wp-block-column-is-layout-flow\">\n<figure class=\"wp-block-image size-full is-style-button-on-top\"><a href=\"https:\/\/www.stileitalianoocchiali.com\/de\/metallo\/\" target=\"_blank\" rel=\"noreferrer noopener\"><img decoding=\"async\" loading=\"lazy\" width=\"2500\" height=\"1975\" src=\"https:\/\/www.stileitalianoocchiali.com\/wp-content\/uploads\/2025\/04\/1000X790-_METALLO_DE.jpg\" alt=\"\" class=\"wp-image-32583\"\/><\/a><\/figure>\n<\/div>\n<\/div>\n","protected":false},"excerpt":{"rendered":"<p>Our heart beats for Kids. Und f\u00fcr alle, die ihnen besseres Sehen erm\u00f6glichen. Technisch f\u00fcr Optiker. Magisch f\u00fcr Kinder. Jede Fassung ist gemacht f\u00fcr leistungsstarke Gl\u00e4ser, f\u00fcr festen Halt beim Toben \u2013 und langanhaltenden Komfort. Unser Team unterst\u00fctzt Optiker mit echtem Service: Ersatzteile und Materialien stets verf\u00fcgbar, pers\u00f6nlicher und zuverl\u00e4ssiger Support nach dem Kauf.Denn wer [&hellip;]<\/p>\n","protected":false},"author":350,"featured_media":33216,"parent":0,"menu_order":0,"comment_status":"closed","ping_status":"closed","template":"","meta":{"inline_featured_image":false,"footnotes":""},"acf":[],"yoast_head":"<!-- This site is optimized with the Yoast SEO plugin v21.3 - https:\/\/yoast.com\/wordpress\/plugins\/seo\/ -->\n<title>KIDENTITY - stileItaliano beats for Kids!<\/title>\n<meta name=\"description\" content=\"Brillen f\u00fcr Kids mit Pers\u00f6nlichkeit. Kidentity vereint Form, Funktion und italienische Seele. Nichts ist dem Zufall \u00fcberlassen.\" \/>\n<meta name=\"robots\" content=\"index, follow, max-snippet:-1, max-image-preview:large, max-video-preview:-1\" \/>\n<link rel=\"canonical\" href=\"https:\/\/www.stileitalianoocchiali.com\/de\/kidentity\/\" \/>\n<meta property=\"og:locale\" content=\"de_DE\" \/>\n<meta property=\"og:type\" content=\"article\" \/>\n<meta property=\"og:title\" content=\"KIDENTITY - stileItaliano beats for Kids!\" \/>\n<meta property=\"og:description\" content=\"Brillen f\u00fcr Kids mit Pers\u00f6nlichkeit. Kidentity vereint Form, Funktion und italienische Seele. Nichts ist dem Zufall \u00fcberlassen.\" \/>\n<meta property=\"og:url\" content=\"https:\/\/www.stileitalianoocchiali.com\/de\/kidentity\/\" \/>\n<meta property=\"og:site_name\" content=\"stileItaliano beats for Kids!\" \/>\n<meta property=\"article:modified_time\" content=\"2025-07-25T14:54:49+00:00\" \/>\n<meta property=\"og:image\" content=\"https:\/\/www.stileitalianoocchiali.com\/wp-content\/uploads\/2025\/07\/stileItaliano_kidseyewear_kidentity3.jpg\" \/>\n\t<meta property=\"og:image:width\" content=\"1024\" \/>\n\t<meta property=\"og:image:height\" content=\"1024\" \/>\n\t<meta property=\"og:image:type\" content=\"image\/jpeg\" \/>\n<meta name=\"twitter:card\" content=\"summary_large_image\" \/>\n<meta name=\"twitter:label1\" content=\"Gesch\u00e4tzte Lesezeit\" \/>\n\t<meta name=\"twitter:data1\" content=\"3\u00a0Minuten\" \/>\n<script type=\"application\/ld+json\" class=\"yoast-schema-graph\">{\"@context\":\"https:\/\/schema.org\",\"@graph\":[{\"@type\":\"WebPage\",\"@id\":\"https:\/\/www.stileitalianoocchiali.com\/de\/kidentity\/\",\"url\":\"https:\/\/www.stileitalianoocchiali.com\/de\/kidentity\/\",\"name\":\"KIDENTITY - stileItaliano beats for Kids!\",\"isPartOf\":{\"@id\":\"https:\/\/www.stileitalianoocchiali.com\/de\/#website\"},\"datePublished\":\"2025-07-25T09:48:27+00:00\",\"dateModified\":\"2025-07-25T14:54:49+00:00\",\"description\":\"Brillen f\u00fcr Kids mit Pers\u00f6nlichkeit. Kidentity vereint Form, Funktion und italienische Seele. Nichts ist dem Zufall \u00fcberlassen.\",\"breadcrumb\":{\"@id\":\"https:\/\/www.stileitalianoocchiali.com\/de\/kidentity\/#breadcrumb\"},\"inLanguage\":\"de\",\"potentialAction\":[{\"@type\":\"ReadAction\",\"target\":[\"https:\/\/www.stileitalianoocchiali.com\/de\/kidentity\/\"]}]},{\"@type\":\"BreadcrumbList\",\"@id\":\"https:\/\/www.stileitalianoocchiali.com\/de\/kidentity\/#breadcrumb\",\"itemListElement\":[{\"@type\":\"ListItem\",\"position\":1,\"name\":\"Homepage\",\"item\":\"https:\/\/www.stileitalianoocchiali.com\/de\/\"},{\"@type\":\"ListItem\",\"position\":2,\"name\":\"KIDENTITY\"}]},{\"@type\":\"WebSite\",\"@id\":\"https:\/\/www.stileitalianoocchiali.com\/de\/#website\",\"url\":\"https:\/\/www.stileitalianoocchiali.com\/de\/\",\"name\":\"stileItaliano beats for Kids!\",\"description\":\"Big vision for Little eyes\",\"publisher\":{\"@id\":\"https:\/\/www.stileitalianoocchiali.com\/de\/#organization\"},\"potentialAction\":[{\"@type\":\"SearchAction\",\"target\":{\"@type\":\"EntryPoint\",\"urlTemplate\":\"https:\/\/www.stileitalianoocchiali.com\/de\/?s={search_term_string}\"},\"query-input\":\"required name=search_term_string\"}],\"inLanguage\":\"de\"},{\"@type\":\"Organization\",\"@id\":\"https:\/\/www.stileitalianoocchiali.com\/de\/#organization\",\"name\":\"stileItaliano beats for Kids!\",\"url\":\"https:\/\/www.stileitalianoocchiali.com\/de\/\",\"logo\":{\"@type\":\"ImageObject\",\"inLanguage\":\"de\",\"@id\":\"https:\/\/www.stileitalianoocchiali.com\/de\/#\/schema\/logo\/image\/\",\"url\":\"https:\/\/www.stileitalianoocchiali.com\/wp-content\/uploads\/2025\/07\/cropped-stileItaliano_logo_BEATSFORKIDS_teal-1.png\",\"contentUrl\":\"https:\/\/www.stileitalianoocchiali.com\/wp-content\/uploads\/2025\/07\/cropped-stileItaliano_logo_BEATSFORKIDS_teal-1.png\",\"width\":5460,\"height\":1843,\"caption\":\"stileItaliano beats for Kids!\"},\"image\":{\"@id\":\"https:\/\/www.stileitalianoocchiali.com\/de\/#\/schema\/logo\/image\/\"}}]}<\/script>\n<!-- \/ Yoast SEO plugin. -->","yoast_head_json":{"title":"KIDENTITY - stileItaliano beats for Kids!","description":"Brillen f\u00fcr Kids mit Pers\u00f6nlichkeit. Kidentity vereint Form, Funktion und italienische Seele. Nichts ist dem Zufall \u00fcberlassen.","robots":{"index":"index","follow":"follow","max-snippet":"max-snippet:-1","max-image-preview":"max-image-preview:large","max-video-preview":"max-video-preview:-1"},"canonical":"https:\/\/www.stileitalianoocchiali.com\/de\/kidentity\/","og_locale":"de_DE","og_type":"article","og_title":"KIDENTITY - stileItaliano beats for Kids!","og_description":"Brillen f\u00fcr Kids mit Pers\u00f6nlichkeit. Kidentity vereint Form, Funktion und italienische Seele. Nichts ist dem Zufall \u00fcberlassen.","og_url":"https:\/\/www.stileitalianoocchiali.com\/de\/kidentity\/","og_site_name":"stileItaliano beats for Kids!","article_modified_time":"2025-07-25T14:54:49+00:00","og_image":[{"url":"https:\/\/www.stileitalianoocchiali.com\/wp-content\/uploads\/2025\/07\/stileItaliano_kidseyewear_kidentity3.jpg","width":1024,"height":1024,"type":"image\/jpeg"}],"twitter_card":"summary_large_image","twitter_misc":{"Gesch\u00e4tzte Lesezeit":"3\u00a0Minuten"},"schema":{"@context":"https:\/\/schema.org","@graph":[{"@type":"WebPage","@id":"https:\/\/www.stileitalianoocchiali.com\/de\/kidentity\/","url":"https:\/\/www.stileitalianoocchiali.com\/de\/kidentity\/","name":"KIDENTITY - stileItaliano beats for Kids!","isPartOf":{"@id":"https:\/\/www.stileitalianoocchiali.com\/de\/#website"},"datePublished":"2025-07-25T09:48:27+00:00","dateModified":"2025-07-25T14:54:49+00:00","description":"Brillen f\u00fcr Kids mit Pers\u00f6nlichkeit. Kidentity vereint Form, Funktion und italienische Seele. Nichts ist dem Zufall \u00fcberlassen.","breadcrumb":{"@id":"https:\/\/www.stileitalianoocchiali.com\/de\/kidentity\/#breadcrumb"},"inLanguage":"de","potentialAction":[{"@type":"ReadAction","target":["https:\/\/www.stileitalianoocchiali.com\/de\/kidentity\/"]}]},{"@type":"BreadcrumbList","@id":"https:\/\/www.stileitalianoocchiali.com\/de\/kidentity\/#breadcrumb","itemListElement":[{"@type":"ListItem","position":1,"name":"Homepage","item":"https:\/\/www.stileitalianoocchiali.com\/de\/"},{"@type":"ListItem","position":2,"name":"KIDENTITY"}]},{"@type":"WebSite","@id":"https:\/\/www.stileitalianoocchiali.com\/de\/#website","url":"https:\/\/www.stileitalianoocchiali.com\/de\/","name":"stileItaliano beats for Kids!","description":"Big vision for Little eyes","publisher":{"@id":"https:\/\/www.stileitalianoocchiali.com\/de\/#organization"},"potentialAction":[{"@type":"SearchAction","target":{"@type":"EntryPoint","urlTemplate":"https:\/\/www.stileitalianoocchiali.com\/de\/?s={search_term_string}"},"query-input":"required name=search_term_string"}],"inLanguage":"de"},{"@type":"Organization","@id":"https:\/\/www.stileitalianoocchiali.com\/de\/#organization","name":"stileItaliano beats for Kids!","url":"https:\/\/www.stileitalianoocchiali.com\/de\/","logo":{"@type":"ImageObject","inLanguage":"de","@id":"https:\/\/www.stileitalianoocchiali.com\/de\/#\/schema\/logo\/image\/","url":"https:\/\/www.stileitalianoocchiali.com\/wp-content\/uploads\/2025\/07\/cropped-stileItaliano_logo_BEATSFORKIDS_teal-1.png","contentUrl":"https:\/\/www.stileitalianoocchiali.com\/wp-content\/uploads\/2025\/07\/cropped-stileItaliano_logo_BEATSFORKIDS_teal-1.png","width":5460,"height":1843,"caption":"stileItaliano beats for Kids!"},"image":{"@id":"https:\/\/www.stileitalianoocchiali.com\/de\/#\/schema\/logo\/image\/"}}]}},"_links":{"self":[{"href":"https:\/\/www.stileitalianoocchiali.com\/de\/wp-json\/wp\/v2\/pages\/33236"}],"collection":[{"href":"https:\/\/www.stileitalianoocchiali.com\/de\/wp-json\/wp\/v2\/pages"}],"about":[{"href":"https:\/\/www.stileitalianoocchiali.com\/de\/wp-json\/wp\/v2\/types\/page"}],"author":[{"embeddable":true,"href":"https:\/\/www.stileitalianoocchiali.com\/de\/wp-json\/wp\/v2\/users\/350"}],"replies":[{"embeddable":true,"href":"https:\/\/www.stileitalianoocchiali.com\/de\/wp-json\/wp\/v2\/comments?post=33236"}],"version-history":[{"count":0,"href":"https:\/\/www.stileitalianoocchiali.com\/de\/wp-json\/wp\/v2\/pages\/33236\/revisions"}],"wp:featuredmedia":[{"embeddable":true,"href":"https:\/\/www.stileitalianoocchiali.com\/de\/wp-json\/wp\/v2\/media\/33216"}],"wp:attachment":[{"href":"https:\/\/www.stileitalianoocchiali.com\/de\/wp-json\/wp\/v2\/media?parent=33236"}],"curies":[{"name":"wp","href":"https:\/\/api.w.org\/{rel}","templated":true}]}}