{"id":33266,"date":"2025-07-23T10:34:04","date_gmt":"2025-07-23T08:34:04","guid":{"rendered":"https:\/\/www.stileitalianoocchiali.com\/homepage_new\/"},"modified":"2026-03-19T16:08:34","modified_gmt":"2026-03-19T15:08:34","slug":"homepage","status":"publish","type":"page","link":"https:\/\/www.stileitalianoocchiali.com\/de\/","title":{"rendered":"HOMEPAGE"},"content":{"rendered":"\n<div style=\"height:60px\" aria-hidden=\"true\" class=\"wp-block-spacer\"><\/div>\n\n\n\n<figure class=\"wp-block-video alignfull\"><video autoplay controls muted poster=\"https:\/\/www.stileitalianoocchiali.com\/wp-content\/uploads\/2025\/07\/home__stileItaliano_kidseyewear_fallback1_kids-scaled.jpg\" preload=\"auto\" src=\"https:\/\/www.stileitalianoocchiali.com\/wp-content\/uploads\/2025\/07\/Video_stileItaliano_kids_teens_beats-for-kids_def-1.mp4\" playsinline><\/video><\/figure>\n\n\n\n<div style=\"height:100px\" aria-hidden=\"true\" class=\"wp-block-spacer\"><\/div>\n\n\n\n<div class=\"wp-block-group alignfull has-global-padding is-layout-constrained wp-block-group-is-layout-constrained\" style=\"padding-right:0;padding-left:0\">\n<h2 class=\"wp-block-heading has-text-align-left\" style=\"text-transform:none\">ZWEI GENERATIONEN, EIN stileItaliano<\/h2>\n\n\n\n<div class=\"wp-block-columns alignfull is-layout-flex wp-container-3 wp-block-columns-is-layout-flex\" style=\"padding-top:0;padding-right:0;padding-bottom:var(--wp--preset--spacing--80);padding-left:0\">\n<div class=\"wp-block-column is-layout-flow wp-container-1 wp-block-column-is-layout-flow\">\n<figure class=\"wp-block-image is-style-button-on-top\"><a href=\"https:\/\/www.stileitalianoocchiali.com\/en\/product-category\/eyeglasses-en\/?_sft_pa_categoria=kids-en\" target=\"_blank\" rel=\"kids_eyewear noopener\"><img decoding=\"async\" loading=\"lazy\" width=\"1000\" height=\"750\" src=\"https:\/\/www.stileitalianoocchiali.com\/wp-content\/uploads\/2025\/07\/kids_stileItaliano_eyewear.jpg\" alt=\"\" class=\"wp-image-33245\"\/><\/a><\/figure>\n<\/div>\n\n\n\n<div class=\"wp-block-column is-layout-flow wp-container-2 wp-block-column-is-layout-flow\">\n<figure class=\"wp-block-image is-style-button-on-top\"><a href=\"https:\/\/www.stileitalianoocchiali.com\/en\/product-category\/eyeglasses-en\/?_sft_pa_categoria=teens_en\" target=\"_blank\" rel=\"teens_eyewear noopener\"><img decoding=\"async\" loading=\"lazy\" width=\"1000\" height=\"750\" src=\"https:\/\/www.stileitalianoocchiali.com\/wp-content\/uploads\/2025\/07\/teens_stileItaliano_eyewear.jpg\" alt=\"\" class=\"wp-image-33242\"\/><\/a><\/figure>\n<\/div>\n<\/div>\n\n\n\n<div style=\"height:30px\" aria-hidden=\"true\" class=\"wp-block-spacer\"><\/div>\n<\/div>\n\n\n\n<div class=\"wp-block-group alignwide has-global-padding is-layout-constrained wp-block-group-is-layout-constrained\">\n<h2 class=\"wp-block-heading alignwide\" style=\"text-transform:uppercase\">Details, die z\u00e4hlen<\/h2>\n\n\n\n<div style=\"height:30px\" aria-hidden=\"true\" class=\"wp-block-spacer\"><\/div>\n\n\n\n<div class=\"wp-block-columns alignwide is-layout-flex wp-container-9 wp-block-columns-is-layout-flex\" style=\"margin-top:var(--wp--preset--spacing--40);margin-bottom:var(--wp--preset--spacing--40)\">\n<div class=\"wp-block-column is-layout-flow wp-block-column-is-layout-flow\">\n<figure class=\"wp-block-image size-full is-style-rounded\"><a class=\"fede_stileItaliano_kidseyewear\" href=\"https:\/\/www.stileitalianoocchiali.com\/de\/produkt-kategorie\/eyeglasses-de\/?_sft_pa_collezione=fede\" target=\"_blank\" rel=\"fede_stileItaliano_kidseyewear noopener\"><img decoding=\"async\" loading=\"lazy\" width=\"2560\" height=\"2560\" src=\"https:\/\/www.stileitalianoocchiali.com\/wp-content\/uploads\/2025\/07\/fede__stileItaliano_kidseyewear_teens-1.jpg\" alt=\"\" class=\"wp-image-33167\" srcset=\"https:\/\/www.stileitalianoocchiali.com\/wp-content\/uploads\/2025\/07\/fede__stileItaliano_kidseyewear_teens-1.jpg 2560w, https:\/\/www.stileitalianoocchiali.com\/wp-content\/uploads\/2025\/07\/fede__stileItaliano_kidseyewear_teens-1-150x150.jpg 150w, https:\/\/www.stileitalianoocchiali.com\/wp-content\/uploads\/2025\/07\/fede__stileItaliano_kidseyewear_teens-1-416x416.jpg 416w\" sizes=\"(max-width: 2560px) 100vw, 2560px\" \/><\/a><\/figure>\n<\/div>\n\n\n\n<div class=\"wp-block-column is-layout-flow wp-block-column-is-layout-flow\">\n<figure class=\"wp-block-image size-full is-style-rounded\"><a class=\"felix_stileItaliano_kidseyewear \" href=\"https:\/\/www.stileitalianoocchiali.com\/de\/produkt-kategorie\/eyeglasses-de\/?_sft_pa_collezione=felix\" target=\"_blank\" rel=\"felix_stileItaliano_kidseyewear noopener\"><img decoding=\"async\" loading=\"lazy\" width=\"2560\" height=\"2560\" src=\"https:\/\/www.stileitalianoocchiali.com\/wp-content\/uploads\/2025\/07\/felix_stileItaliano_kidseyewear_teens-1.jpg\" alt=\"\" class=\"wp-image-33170\" srcset=\"https:\/\/www.stileitalianoocchiali.com\/wp-content\/uploads\/2025\/07\/felix_stileItaliano_kidseyewear_teens-1.jpg 2560w, https:\/\/www.stileitalianoocchiali.com\/wp-content\/uploads\/2025\/07\/felix_stileItaliano_kidseyewear_teens-1-150x150.jpg 150w, https:\/\/www.stileitalianoocchiali.com\/wp-content\/uploads\/2025\/07\/felix_stileItaliano_kidseyewear_teens-1-416x416.jpg 416w\" sizes=\"(max-width: 2560px) 100vw, 2560px\" \/><\/a><\/figure>\n<\/div>\n\n\n\n<div class=\"wp-block-column is-layout-flow wp-block-column-is-layout-flow\">\n<figure class=\"wp-block-image size-full is-style-rounded\"><a class=\"nico_stileItaliano_kidseyewear \" href=\"https:\/\/www.stileitalianoocchiali.com\/de\/produkt-kategorie\/eyeglasses-de\/?_sft_pa_collezione=nico\" target=\"_blank\" rel=\"nico_stileItaliano_kidseyewear noopener\"><img decoding=\"async\" loading=\"lazy\" width=\"2560\" height=\"2560\" src=\"https:\/\/www.stileitalianoocchiali.com\/wp-content\/uploads\/2025\/07\/nico__stileItaliano_kidseyewear_teens-1.jpg\" alt=\"\" class=\"wp-image-33173\" srcset=\"https:\/\/www.stileitalianoocchiali.com\/wp-content\/uploads\/2025\/07\/nico__stileItaliano_kidseyewear_teens-1.jpg 2560w, https:\/\/www.stileitalianoocchiali.com\/wp-content\/uploads\/2025\/07\/nico__stileItaliano_kidseyewear_teens-1-150x150.jpg 150w, https:\/\/www.stileitalianoocchiali.com\/wp-content\/uploads\/2025\/07\/nico__stileItaliano_kidseyewear_teens-1-416x416.jpg 416w\" sizes=\"(max-width: 2560px) 100vw, 2560px\" \/><\/a><\/figure>\n<\/div>\n\n\n\n<div class=\"wp-block-column is-layout-flow wp-block-column-is-layout-flow\">\n<figure class=\"wp-block-image size-full is-style-rounded\"><a class=\"gabry stileItaliano kids eyewear \" href=\"https:\/\/www.stileitalianoocchiali.com\/de\/produkt-kategorie\/eyeglasses-de\/?_sft_pa_collezione=gabry\" target=\"_blank\" rel=\"gabry stileItaliano kids eyewear noopener\"><img decoding=\"async\" loading=\"lazy\" width=\"2560\" height=\"2560\" src=\"https:\/\/www.stileitalianoocchiali.com\/wp-content\/uploads\/2025\/07\/gabry_stileItaliano_kidseyewear_teens.jpg\" alt=\"\" class=\"wp-image-33159\" srcset=\"https:\/\/www.stileitalianoocchiali.com\/wp-content\/uploads\/2025\/07\/gabry_stileItaliano_kidseyewear_teens.jpg 2560w, https:\/\/www.stileitalianoocchiali.com\/wp-content\/uploads\/2025\/07\/gabry_stileItaliano_kidseyewear_teens-150x150.jpg 150w, https:\/\/www.stileitalianoocchiali.com\/wp-content\/uploads\/2025\/07\/gabry_stileItaliano_kidseyewear_teens-416x416.jpg 416w\" sizes=\"(max-width: 2560px) 100vw, 2560px\" \/><\/a><\/figure>\n<\/div>\n<\/div>\n<\/div>\n\n\n\n<div class=\"wp-block-group has-global-padding is-layout-constrained wp-block-group-is-layout-constrained\" style=\"padding-top:var(--wp--preset--spacing--80);padding-right:var(--wp--preset--spacing--18);padding-bottom:var(--wp--preset--spacing--120);padding-left:var(--wp--preset--spacing--18)\">\n<h2 class=\"wp-block-heading has-text-align-left\"><a href=\"https:\/\/www.stileitalianoocchiali.com\/de\/blog\/\" target=\"_blank\" rel=\"noreferrer noopener\">BLOGNEWS<\/a><\/h2>\n\n\n\n<p class=\"has-text-align-center\"><\/p>\n\n\n\n<section class=\"selezione-blog\">\n                            <article class=\"wow animate__animated animate__fadeInUp\" data-wow-duration=\"1s\">\n                <a href=\"https:\/\/www.stileitalianoocchiali.com\/de\/kinderbrillen-gute-sicht-beginnt-mit-dem-richtigen-umgang\/\">\n                                            <img loading=\"lazy\" width=\"2560\" height=\"1440\" src=\"https:\/\/www.stileitalianoocchiali.com\/wp-content\/uploads\/2026\/03\/Copertina__stileItaliano_blog_respectingglasses_kids_eyewear.png\" class=\"attachment-post-thumbnail size-post-thumbnail wp-post-image\" alt=\"\" decoding=\"async\" \/>                                        <h3>Kinderbrillen: Gute Sicht beginnt mit dem richtigen Umgang.<\/h3>\n                    <div>Bei Kindern z\u00e4hlt nicht nur die Brille, sondern auch der richtige Umgang: f\u00fcr besseres Sehen, mehr Komfort und l\u00e4ngere Haltbarkeit.<\/div>\n                <\/a>\n            <\/article>\n                        <article class=\"wow animate__animated animate__fadeInLeft\" data-wow-delay=\"0.5s\" data-wow-duration=\"1s\">\n                <a href=\"https:\/\/www.stileitalianoocchiali.com\/de\/mehr-stil-weniger-peinlichkeit-brillen-fuer-teenager\/\">\n                                            <img loading=\"lazy\" width=\"2560\" height=\"1440\" src=\"https:\/\/www.stileitalianoocchiali.com\/wp-content\/uploads\/2025\/05\/stileitaliano_eyewear_stile_imbarazzo.jpg\" class=\"attachment-post-thumbnail size-post-thumbnail wp-post-image\" alt=\"\" decoding=\"async\" \/>                                        <h3>Mehr Stil, weniger Peinlichkeit \u2013 Brillen f\u00fcr Teenager<\/h3>\n                    <div>F\u00fcr viele Teenager ist der Beginn mit der Brille eine kleine Revolution.\nWir helfen ihnen, sie mit Stil, Sicherheit und Freiheit zu erleben.\n\n<\/div>\n                <\/a>\n            <\/article>\n                        <article class=\"wow animate__animated animate__fadeInLeft\" data-wow-delay=\"0.5s\" data-wow-duration=\"1s\">\n                <a href=\"https:\/\/www.stileitalianoocchiali.com\/de\/kinder-und-brillen-nein-sie-gehen-nicht-immer-kaputt\/\">\n                                            <img loading=\"lazy\" width=\"2560\" height=\"1440\" src=\"https:\/\/www.stileitalianoocchiali.com\/wp-content\/uploads\/2025\/04\/stileitaliano_eyewear_bambini_rompono-occhiali.jpg\" class=\"attachment-post-thumbnail size-post-thumbnail wp-post-image\" alt=\"\" decoding=\"async\" \/>                                        <h3>\ud83d\udc53 Kinder und Brillen: Nein, sie gehen nicht immer kaputt (wenn man es ihnen beibringt)!<\/h3>\n                    <div>So wie sie lernen, auf ihren K\u00f6rper zu achten, k\u00f6nnen Kinder auch lernen, ihre Brille gut zu behandeln.\nSchauen wir uns das genauer an.\n\n<\/div>\n                <\/a>\n            <\/article>\n                        <article class=\"wow animate__animated animate__fadeInLeft\" data-wow-delay=\"1s\" data-wow-duration=\"1s\">\n                <a href=\"https:\/\/www.stileitalianoocchiali.com\/de\/mit-brille-erwachsen-werden-tipps-fuer-eltern-und-teens\/\">\n                                            <img loading=\"lazy\" width=\"2560\" height=\"1440\" src=\"https:\/\/www.stileitalianoocchiali.com\/wp-content\/uploads\/2025\/09\/stileItaliano_teen_glasses_blog_parents.png\" class=\"attachment-post-thumbnail size-post-thumbnail wp-post-image\" alt=\"teen_glasses_stileItaliano_eyewear\" decoding=\"async\" \/>                                        <h3>Mit Brille erwachsen werden: Tipps f\u00fcr Eltern und Teens.<\/h3>\n                    <div>Teenager und Brillen: wie Eltern die Herausforderung des Erwachsenwerdens begleiten. Tipps zu Auswahl, Identit\u00e4t und Dialog.\n<\/div>\n                <\/a>\n            <\/article>\n                        <article class=\"wow animate__animated animate__fadeInLeft\" data-wow-delay=\"1s\" data-wow-duration=\"1s\">\n                <a href=\"https:\/\/www.stileitalianoocchiali.com\/de\/die-richtige-fassung-macht-den-unterschied\/\">\n                                            <img loading=\"lazy\" width=\"7360\" height=\"4140\" src=\"https:\/\/www.stileitalianoocchiali.com\/wp-content\/uploads\/2025\/03\/Progetto-senza-titolo.png\" class=\"attachment-post-thumbnail size-post-thumbnail wp-post-image\" alt=\"\" decoding=\"async\" \/>                                        <h3>Kinderbrillen: Die richtige Fassung macht den Unterschied!<\/h3>\n                    <div>Warum sind Kinderbrillenfassungen genauso wichtig wie die Gl\u00e4ser? Sehen wir, warum man diesen Aspekt nicht untersch\u00e4tzen sollte!<\/div>\n                <\/a>\n            <\/article>\n            <\/section>\n\n\n\n<div class=\"wp-block-buttons is-content-justification-center is-layout-flex wp-container-11 wp-block-buttons-is-layout-flex\">\n<div class=\"wp-block-button has-custom-font-size is-style-underlined has-md-font-size\"><a class=\"wp-block-button__link wp-element-button\" href=\"https:\/\/www.stileitalianoocchiali.com\/de\/blog\/\">Leggi tutto<\/a><\/div>\n<\/div>\n<\/div>\n\n\n\n<h2 class=\"wp-block-heading has-text-align-left\"><a href=\"https:\/\/www.instagram.com\/stileitaliano_eyewear\/\" target=\"_blank\" rel=\"noreferrer noopener\">FOLLOW US ON INSTAGRAM<\/a><\/h2>\n\n\n\n<figure class=\"wp-block-gallery alignfull has-nested-images columns-6 is-cropped wp-block-gallery-13 is-layout-flex wp-block-gallery-is-layout-flex\">\n<figure class=\"wp-block-image size-full\"><img decoding=\"async\" loading=\"lazy\" width=\"308\" height=\"410\" data-id=\"33019\" src=\"https:\/\/www.stileitalianoocchiali.com\/wp-content\/uploads\/2025\/07\/stileItaliano_eyewear_beats-for-kids_instagram-2.png\" alt=\"\" class=\"wp-image-33019\"\/><\/figure>\n\n\n\n<figure class=\"wp-block-image size-full\"><a class=\"Alessio_stileItaliano\" href=\"https:\/\/www.instagram.com\/p\/DHoPelLqePM\/\" target=\"_blank\" rel=\"Alessio_stileItaliano noreferrer noopener\"><img decoding=\"async\" loading=\"lazy\" width=\"308\" height=\"410\" data-id=\"33034\" src=\"https:\/\/www.stileitalianoocchiali.com\/wp-content\/uploads\/2025\/07\/stileItaliano_eyewear_beats-for-kids_instagram-.png\" alt=\"\" class=\"wp-image-33034\"\/><\/a><\/figure>\n\n\n\n<figure class=\"wp-block-image size-full\"><a class=\"stileItaliano_fede\" href=\"https:\/\/www.instagram.com\/p\/DIJljrmqJdu\/\" target=\"_blank\" rel=\"stileItaliano fede noopener\"><img decoding=\"async\" loading=\"lazy\" width=\"308\" height=\"410\" data-id=\"33025\" src=\"https:\/\/www.stileitalianoocchiali.com\/wp-content\/uploads\/2025\/07\/stileItaliano_eyewear_beats-for-kids_instagram-4.png\" alt=\"\" class=\"wp-image-33025\"\/><\/a><\/figure>\n\n\n\n<figure class=\"wp-block-image size-full\"><img decoding=\"async\" loading=\"lazy\" width=\"307\" height=\"384\" data-id=\"33031\" src=\"https:\/\/www.stileitalianoocchiali.com\/wp-content\/uploads\/2025\/07\/stileItaliano_eyewear_beats-for-kids_instagram-1-e1763023406893.png\" alt=\"\" class=\"wp-image-33031\"\/><\/figure>\n\n\n\n<figure class=\"wp-block-image size-full\"><img decoding=\"async\" loading=\"lazy\" width=\"307\" height=\"410\" data-id=\"33028\" src=\"https:\/\/www.stileitalianoocchiali.com\/wp-content\/uploads\/2025\/07\/stileItaliano_eyewear_beats-for-kids_instagram-5.png\" alt=\"\" class=\"wp-image-33028\"\/><\/figure>\n\n\n\n<figure class=\"wp-block-image size-full\"><a class=\"stileItaliano_metal\" href=\"https:\/\/www.instagram.com\/p\/DAAwTYxNK4q\/\" target=\"_blank\" rel=\"stileItaliano_metal noopener\"><img decoding=\"async\" loading=\"lazy\" width=\"307\" height=\"410\" data-id=\"33022\" src=\"https:\/\/www.stileitalianoocchiali.com\/wp-content\/uploads\/2025\/07\/stileItaliano_eyewear_beats-for-kids_instagram-3.png\" alt=\"\" class=\"wp-image-33022\"\/><\/a><\/figure>\n<\/figure>\n","protected":false},"excerpt":{"rendered":"<p>ZWEI GENERATIONEN, EIN stileItaliano Details, die z\u00e4hlen BLOGNEWS FOLLOW US ON INSTAGRAM<\/p>\n","protected":false},"author":350,"featured_media":33255,"parent":0,"menu_order":0,"comment_status":"closed","ping_status":"closed","template":"","meta":{"inline_featured_image":false,"footnotes":""},"acf":[],"yoast_head":"<!-- This site is optimized with the Yoast SEO plugin v21.3 - https:\/\/yoast.com\/wordpress\/plugins\/seo\/ -->\n<title>stileItaliano beats for kids \ud83e\ude77\ud83d\udc99<\/title>\n<meta name=\"description\" content=\"Brillen f\u00fcr Kinder und Teenager, stolz italienisch. Smartes Design, echter Komfort, freier Geist. Keine Klischees.\" \/>\n<meta name=\"robots\" content=\"index, follow, max-snippet:-1, max-image-preview:large, max-video-preview:-1\" \/>\n<link rel=\"canonical\" href=\"https:\/\/www.stileitalianoocchiali.com\/de\/\" \/>\n<meta property=\"og:locale\" content=\"de_DE\" \/>\n<meta property=\"og:type\" content=\"article\" \/>\n<meta property=\"og:title\" content=\"stileItaliano beats for kids \ud83e\ude77\ud83d\udc99\" \/>\n<meta property=\"og:description\" content=\"Occhiali per bambini e teenager, orgoliosamente italiani. Design smart, comfort vero, spirito libero. Niente clich\u00e9.\" \/>\n<meta property=\"og:url\" content=\"https:\/\/www.stileitalianoocchiali.com\/de\/\" \/>\n<meta property=\"og:site_name\" content=\"stileItaliano beats for Kids!\" \/>\n<meta property=\"article:modified_time\" content=\"2026-03-19T15:08:34+00:00\" \/>\n<meta property=\"og:image\" content=\"https:\/\/www.stileitalianoocchiali.com\/wp-content\/uploads\/2021\/05\/home_sun.jpg\" \/>\n<meta name=\"twitter:card\" content=\"summary_large_image\" \/>\n<meta name=\"twitter:label1\" content=\"Gesch\u00e4tzte Lesezeit\" \/>\n\t<meta name=\"twitter:data1\" content=\"3\u00a0Minuten\" \/>\n<script type=\"application\/ld+json\" class=\"yoast-schema-graph\">{\"@context\":\"https:\/\/schema.org\",\"@graph\":[{\"@type\":\"WebPage\",\"@id\":\"https:\/\/www.stileitalianoocchiali.com\/de\/\",\"url\":\"https:\/\/www.stileitalianoocchiali.com\/de\/\",\"name\":\"stileItaliano beats for kids \ud83e\ude77\ud83d\udc99\",\"isPartOf\":{\"@id\":\"https:\/\/www.stileitalianoocchiali.com\/de\/#website\"},\"datePublished\":\"2025-07-23T08:34:04+00:00\",\"dateModified\":\"2026-03-19T15:08:34+00:00\",\"description\":\"Brillen f\u00fcr Kinder und Teenager, stolz italienisch. Smartes Design, echter Komfort, freier Geist. Keine Klischees.\",\"breadcrumb\":{\"@id\":\"https:\/\/www.stileitalianoocchiali.com\/de\/#breadcrumb\"},\"inLanguage\":\"de\",\"potentialAction\":[{\"@type\":\"ReadAction\",\"target\":[\"https:\/\/www.stileitalianoocchiali.com\/de\/\"]}]},{\"@type\":\"BreadcrumbList\",\"@id\":\"https:\/\/www.stileitalianoocchiali.com\/de\/#breadcrumb\",\"itemListElement\":[{\"@type\":\"ListItem\",\"position\":1,\"name\":\"Homepage\",\"item\":\"https:\/\/www.stileitalianoocchiali.com\/de\/\"},{\"@type\":\"ListItem\",\"position\":2,\"name\":\"HOMEPAGE\"}]},{\"@type\":\"WebSite\",\"@id\":\"https:\/\/www.stileitalianoocchiali.com\/de\/#website\",\"url\":\"https:\/\/www.stileitalianoocchiali.com\/de\/\",\"name\":\"stileItaliano beats for Kids!\",\"description\":\"Big vision for Little eyes\",\"publisher\":{\"@id\":\"https:\/\/www.stileitalianoocchiali.com\/de\/#organization\"},\"potentialAction\":[{\"@type\":\"SearchAction\",\"target\":{\"@type\":\"EntryPoint\",\"urlTemplate\":\"https:\/\/www.stileitalianoocchiali.com\/de\/?s={search_term_string}\"},\"query-input\":\"required name=search_term_string\"}],\"inLanguage\":\"de\"},{\"@type\":\"Organization\",\"@id\":\"https:\/\/www.stileitalianoocchiali.com\/de\/#organization\",\"name\":\"stileItaliano beats for Kids!\",\"url\":\"https:\/\/www.stileitalianoocchiali.com\/de\/\",\"logo\":{\"@type\":\"ImageObject\",\"inLanguage\":\"de\",\"@id\":\"https:\/\/www.stileitalianoocchiali.com\/de\/#\/schema\/logo\/image\/\",\"url\":\"https:\/\/www.stileitalianoocchiali.com\/wp-content\/uploads\/2025\/07\/cropped-stileItaliano_logo_BEATSFORKIDS_teal-1.png\",\"contentUrl\":\"https:\/\/www.stileitalianoocchiali.com\/wp-content\/uploads\/2025\/07\/cropped-stileItaliano_logo_BEATSFORKIDS_teal-1.png\",\"width\":5460,\"height\":1843,\"caption\":\"stileItaliano beats for Kids!\"},\"image\":{\"@id\":\"https:\/\/www.stileitalianoocchiali.com\/de\/#\/schema\/logo\/image\/\"}}]}<\/script>\n<!-- \/ Yoast SEO plugin. -->","yoast_head_json":{"title":"stileItaliano beats for kids \ud83e\ude77\ud83d\udc99","description":"Brillen f\u00fcr Kinder und Teenager, stolz italienisch. Smartes Design, echter Komfort, freier Geist. Keine Klischees.","robots":{"index":"index","follow":"follow","max-snippet":"max-snippet:-1","max-image-preview":"max-image-preview:large","max-video-preview":"max-video-preview:-1"},"canonical":"https:\/\/www.stileitalianoocchiali.com\/de\/","og_locale":"de_DE","og_type":"article","og_title":"stileItaliano beats for kids \ud83e\ude77\ud83d\udc99","og_description":"Occhiali per bambini e teenager, orgoliosamente italiani. Design smart, comfort vero, spirito libero. Niente clich\u00e9.","og_url":"https:\/\/www.stileitalianoocchiali.com\/de\/","og_site_name":"stileItaliano beats for Kids!","article_modified_time":"2026-03-19T15:08:34+00:00","og_image":[{"url":"https:\/\/www.stileitalianoocchiali.com\/wp-content\/uploads\/2021\/05\/home_sun.jpg"}],"twitter_card":"summary_large_image","twitter_misc":{"Gesch\u00e4tzte Lesezeit":"3\u00a0Minuten"},"schema":{"@context":"https:\/\/schema.org","@graph":[{"@type":"WebPage","@id":"https:\/\/www.stileitalianoocchiali.com\/de\/","url":"https:\/\/www.stileitalianoocchiali.com\/de\/","name":"stileItaliano beats for kids \ud83e\ude77\ud83d\udc99","isPartOf":{"@id":"https:\/\/www.stileitalianoocchiali.com\/de\/#website"},"datePublished":"2025-07-23T08:34:04+00:00","dateModified":"2026-03-19T15:08:34+00:00","description":"Brillen f\u00fcr Kinder und Teenager, stolz italienisch. Smartes Design, echter Komfort, freier Geist. Keine Klischees.","breadcrumb":{"@id":"https:\/\/www.stileitalianoocchiali.com\/de\/#breadcrumb"},"inLanguage":"de","potentialAction":[{"@type":"ReadAction","target":["https:\/\/www.stileitalianoocchiali.com\/de\/"]}]},{"@type":"BreadcrumbList","@id":"https:\/\/www.stileitalianoocchiali.com\/de\/#breadcrumb","itemListElement":[{"@type":"ListItem","position":1,"name":"Homepage","item":"https:\/\/www.stileitalianoocchiali.com\/de\/"},{"@type":"ListItem","position":2,"name":"HOMEPAGE"}]},{"@type":"WebSite","@id":"https:\/\/www.stileitalianoocchiali.com\/de\/#website","url":"https:\/\/www.stileitalianoocchiali.com\/de\/","name":"stileItaliano beats for Kids!","description":"Big vision for Little eyes","publisher":{"@id":"https:\/\/www.stileitalianoocchiali.com\/de\/#organization"},"potentialAction":[{"@type":"SearchAction","target":{"@type":"EntryPoint","urlTemplate":"https:\/\/www.stileitalianoocchiali.com\/de\/?s={search_term_string}"},"query-input":"required name=search_term_string"}],"inLanguage":"de"},{"@type":"Organization","@id":"https:\/\/www.stileitalianoocchiali.com\/de\/#organization","name":"stileItaliano beats for Kids!","url":"https:\/\/www.stileitalianoocchiali.com\/de\/","logo":{"@type":"ImageObject","inLanguage":"de","@id":"https:\/\/www.stileitalianoocchiali.com\/de\/#\/schema\/logo\/image\/","url":"https:\/\/www.stileitalianoocchiali.com\/wp-content\/uploads\/2025\/07\/cropped-stileItaliano_logo_BEATSFORKIDS_teal-1.png","contentUrl":"https:\/\/www.stileitalianoocchiali.com\/wp-content\/uploads\/2025\/07\/cropped-stileItaliano_logo_BEATSFORKIDS_teal-1.png","width":5460,"height":1843,"caption":"stileItaliano beats for Kids!"},"image":{"@id":"https:\/\/www.stileitalianoocchiali.com\/de\/#\/schema\/logo\/image\/"}}]}},"_links":{"self":[{"href":"https:\/\/www.stileitalianoocchiali.com\/de\/wp-json\/wp\/v2\/pages\/33266"}],"collection":[{"href":"https:\/\/www.stileitalianoocchiali.com\/de\/wp-json\/wp\/v2\/pages"}],"about":[{"href":"https:\/\/www.stileitalianoocchiali.com\/de\/wp-json\/wp\/v2\/types\/page"}],"author":[{"embeddable":true,"href":"https:\/\/www.stileitalianoocchiali.com\/de\/wp-json\/wp\/v2\/users\/350"}],"replies":[{"embeddable":true,"href":"https:\/\/www.stileitalianoocchiali.com\/de\/wp-json\/wp\/v2\/comments?post=33266"}],"version-history":[{"count":0,"href":"https:\/\/www.stileitalianoocchiali.com\/de\/wp-json\/wp\/v2\/pages\/33266\/revisions"}],"wp:featuredmedia":[{"embeddable":true,"href":"https:\/\/www.stileitalianoocchiali.com\/de\/wp-json\/wp\/v2\/media\/33255"}],"wp:attachment":[{"href":"https:\/\/www.stileitalianoocchiali.com\/de\/wp-json\/wp\/v2\/media?parent=33266"}],"curies":[{"name":"wp","href":"https:\/\/api.w.org\/{rel}","templated":true}]}}