{"id":14320,"date":"2021-03-24T15:26:13","date_gmt":"2021-03-24T14:26:13","guid":{"rendered":"https:\/\/www.stileitalianoocchiali.com\/?post_type=product&#038;p=14320"},"modified":"2025-03-18T15:52:21","modified_gmt":"2025-03-18T14:52:21","slug":"si8031-562","status":"publish","type":"product","link":"https:\/\/www.stileitalianoocchiali.com\/de\/produkt\/si8031-562\/","title":{"rendered":"SI8031.562"},"content":{"rendered":"<p>Eine bunte und leidenschaftliche Kollektion \u2013 Ihre quadratische Form ermuntert alle Frauen einen offenen und ehrlichen Blick zu haben. Attivista, von vision\u00e4rer und intuitiver Pers\u00f6nlichkeit, die es erm\u00f6glicht, die Welt mit neugierigen und gef\u00fchlvollen Augen zu betrachten. Komfortabel dank der B\u00fcgelendungen aus Acetat, erg\u00e4nzt durch eine elegante Zwinge und die regulierbaren antiallergischen Nasenpads. Mit diesem Gestell sp\u00fcrt man die Logik der Gef\u00fchle, auf der Suche nach dem tieferen Sinn. Das Design steht f\u00fcr das Bed\u00fcrfnis nach Freiheit und Unabh\u00e4ngigkeit, auch dank der Lackierung, die mit Farben, Satinage und Lichtern spielt und die Linearit\u00e4t der Brille unterbricht. Ohne Vernunft, nur Intuition und Leidenschaft.<\/p>\n","protected":false},"excerpt":{"rendered":"<p>Eine bunte und leidenschaftliche Kollektion \u2013 Ihre quadratische Form ermuntert alle Frauen einen offenen und ehrlichen Blick zu haben. Attivista, von vision\u00e4rer und intuitiver Pers\u00f6nlichkeit, die es erm\u00f6glicht, die Welt mit neugierigen und gef\u00fchlvollen Augen zu betrachten. Komfortabel dank der B\u00fcgelendungen aus Acetat, erg\u00e4nzt durch eine elegante Zwinge und die regulierbaren antiallergischen Nasenpads. Mit diesem [&hellip;]<\/p>\n","protected":false},"featured_media":24954,"template":"","meta":{"inline_featured_image":false},"product_cat":[664,5665],"product_tag":[],"acf":[],"yoast_head":"<!-- This site is optimized with the Yoast SEO plugin v21.3 - https:\/\/yoast.com\/wordpress\/plugins\/seo\/ -->\n<title>SI8031.562 - stileItaliano beats for Kids!<\/title>\n<meta name=\"description\" content=\"Eine bunte und leidenschaftliche Kollektion \u2013 Ihre quadratische Form ermuntert alle Frauen einen offenen und ehrlichen Blick zu haben.\" \/>\n<meta name=\"robots\" content=\"index, follow, max-snippet:-1, max-image-preview:large, max-video-preview:-1\" \/>\n<link rel=\"canonical\" href=\"https:\/\/www.stileitalianoocchiali.com\/de\/produkt\/si8031-562\/\" \/>\n<meta property=\"og:locale\" content=\"de_DE\" \/>\n<meta property=\"og:type\" content=\"article\" \/>\n<meta property=\"og:title\" content=\"SI8031.562 - stileItaliano beats for Kids!\" \/>\n<meta property=\"og:description\" content=\"Eine bunte und leidenschaftliche Kollektion \u2013 Ihre quadratische Form ermuntert alle Frauen einen offenen und ehrlichen Blick zu haben.\" \/>\n<meta property=\"og:url\" content=\"https:\/\/www.stileitalianoocchiali.com\/de\/produkt\/si8031-562\/\" \/>\n<meta property=\"og:site_name\" content=\"stileItaliano beats for Kids!\" \/>\n<meta property=\"article:modified_time\" content=\"2025-03-18T14:52:21+00:00\" \/>\n<meta property=\"og:image\" content=\"https:\/\/www.stileitalianoocchiali.com\/wp-content\/uploads\/2021\/03\/SI8031.562_1_copertina.jpg\" \/>\n\t<meta property=\"og:image:width\" content=\"2400\" \/>\n\t<meta property=\"og:image:height\" content=\"1800\" \/>\n\t<meta property=\"og:image:type\" content=\"image\/jpeg\" \/>\n<meta name=\"twitter:card\" content=\"summary_large_image\" \/>\n<meta name=\"twitter:label1\" content=\"Gesch\u00e4tzte Lesezeit\" \/>\n\t<meta name=\"twitter:data1\" content=\"1\u00a0Minute\" \/>\n<script type=\"application\/ld+json\" class=\"yoast-schema-graph\">{\"@context\":\"https:\/\/schema.org\",\"@graph\":[{\"@type\":\"WebPage\",\"@id\":\"https:\/\/www.stileitalianoocchiali.com\/de\/produkt\/si8031-562\/\",\"url\":\"https:\/\/www.stileitalianoocchiali.com\/de\/produkt\/si8031-562\/\",\"name\":\"SI8031.562 - stileItaliano beats for Kids!\",\"isPartOf\":{\"@id\":\"https:\/\/www.stileitalianoocchiali.com\/de\/#website\"},\"datePublished\":\"2021-03-24T14:26:13+00:00\",\"dateModified\":\"2025-03-18T14:52:21+00:00\",\"description\":\"Eine bunte und leidenschaftliche Kollektion \u2013 Ihre quadratische Form ermuntert alle Frauen einen offenen und ehrlichen Blick zu haben.\",\"breadcrumb\":{\"@id\":\"https:\/\/www.stileitalianoocchiali.com\/de\/produkt\/si8031-562\/#breadcrumb\"},\"inLanguage\":\"de\",\"potentialAction\":[{\"@type\":\"ReadAction\",\"target\":[\"https:\/\/www.stileitalianoocchiali.com\/de\/produkt\/si8031-562\/\"]}]},{\"@type\":\"BreadcrumbList\",\"@id\":\"https:\/\/www.stileitalianoocchiali.com\/de\/produkt\/si8031-562\/#breadcrumb\",\"itemListElement\":[{\"@type\":\"ListItem\",\"position\":1,\"name\":\"Homepage\",\"item\":\"https:\/\/www.stileitalianoocchiali.com\/de\/\"},{\"@type\":\"ListItem\",\"position\":2,\"name\":\"Shop\",\"item\":\"https:\/\/www.stileitalianoocchiali.com\/de\/shop-2\/\"},{\"@type\":\"ListItem\",\"position\":3,\"name\":\"SI8031.562\"}]},{\"@type\":\"WebSite\",\"@id\":\"https:\/\/www.stileitalianoocchiali.com\/de\/#website\",\"url\":\"https:\/\/www.stileitalianoocchiali.com\/de\/\",\"name\":\"stileItaliano beats for Kids!\",\"description\":\"Big vision for Little eyes\",\"publisher\":{\"@id\":\"https:\/\/www.stileitalianoocchiali.com\/de\/#organization\"},\"potentialAction\":[{\"@type\":\"SearchAction\",\"target\":{\"@type\":\"EntryPoint\",\"urlTemplate\":\"https:\/\/www.stileitalianoocchiali.com\/de\/?s={search_term_string}\"},\"query-input\":\"required name=search_term_string\"}],\"inLanguage\":\"de\"},{\"@type\":\"Organization\",\"@id\":\"https:\/\/www.stileitalianoocchiali.com\/de\/#organization\",\"name\":\"stileItaliano beats for Kids!\",\"url\":\"https:\/\/www.stileitalianoocchiali.com\/de\/\",\"logo\":{\"@type\":\"ImageObject\",\"inLanguage\":\"de\",\"@id\":\"https:\/\/www.stileitalianoocchiali.com\/de\/#\/schema\/logo\/image\/\",\"url\":\"https:\/\/www.stileitalianoocchiali.com\/wp-content\/uploads\/2025\/07\/cropped-stileItaliano_logo_BEATSFORKIDS_teal-1.png\",\"contentUrl\":\"https:\/\/www.stileitalianoocchiali.com\/wp-content\/uploads\/2025\/07\/cropped-stileItaliano_logo_BEATSFORKIDS_teal-1.png\",\"width\":5460,\"height\":1843,\"caption\":\"stileItaliano beats for Kids!\"},\"image\":{\"@id\":\"https:\/\/www.stileitalianoocchiali.com\/de\/#\/schema\/logo\/image\/\"}}]}<\/script>\n<!-- \/ Yoast SEO plugin. -->","yoast_head_json":{"title":"SI8031.562 - stileItaliano beats for Kids!","description":"Eine bunte und leidenschaftliche Kollektion \u2013 Ihre quadratische Form ermuntert alle Frauen einen offenen und ehrlichen Blick zu haben.","robots":{"index":"index","follow":"follow","max-snippet":"max-snippet:-1","max-image-preview":"max-image-preview:large","max-video-preview":"max-video-preview:-1"},"canonical":"https:\/\/www.stileitalianoocchiali.com\/de\/produkt\/si8031-562\/","og_locale":"de_DE","og_type":"article","og_title":"SI8031.562 - stileItaliano beats for Kids!","og_description":"Eine bunte und leidenschaftliche Kollektion \u2013 Ihre quadratische Form ermuntert alle Frauen einen offenen und ehrlichen Blick zu haben.","og_url":"https:\/\/www.stileitalianoocchiali.com\/de\/produkt\/si8031-562\/","og_site_name":"stileItaliano beats for Kids!","article_modified_time":"2025-03-18T14:52:21+00:00","og_image":[{"width":2400,"height":1800,"url":"https:\/\/www.stileitalianoocchiali.com\/wp-content\/uploads\/2021\/03\/SI8031.562_1_copertina.jpg","type":"image\/jpeg"}],"twitter_card":"summary_large_image","twitter_misc":{"Gesch\u00e4tzte Lesezeit":"1\u00a0Minute"},"schema":{"@context":"https:\/\/schema.org","@graph":[{"@type":"WebPage","@id":"https:\/\/www.stileitalianoocchiali.com\/de\/produkt\/si8031-562\/","url":"https:\/\/www.stileitalianoocchiali.com\/de\/produkt\/si8031-562\/","name":"SI8031.562 - stileItaliano beats for Kids!","isPartOf":{"@id":"https:\/\/www.stileitalianoocchiali.com\/de\/#website"},"datePublished":"2021-03-24T14:26:13+00:00","dateModified":"2025-03-18T14:52:21+00:00","description":"Eine bunte und leidenschaftliche Kollektion \u2013 Ihre quadratische Form ermuntert alle Frauen einen offenen und ehrlichen Blick zu haben.","breadcrumb":{"@id":"https:\/\/www.stileitalianoocchiali.com\/de\/produkt\/si8031-562\/#breadcrumb"},"inLanguage":"de","potentialAction":[{"@type":"ReadAction","target":["https:\/\/www.stileitalianoocchiali.com\/de\/produkt\/si8031-562\/"]}]},{"@type":"BreadcrumbList","@id":"https:\/\/www.stileitalianoocchiali.com\/de\/produkt\/si8031-562\/#breadcrumb","itemListElement":[{"@type":"ListItem","position":1,"name":"Homepage","item":"https:\/\/www.stileitalianoocchiali.com\/de\/"},{"@type":"ListItem","position":2,"name":"Shop","item":"https:\/\/www.stileitalianoocchiali.com\/de\/shop-2\/"},{"@type":"ListItem","position":3,"name":"SI8031.562"}]},{"@type":"WebSite","@id":"https:\/\/www.stileitalianoocchiali.com\/de\/#website","url":"https:\/\/www.stileitalianoocchiali.com\/de\/","name":"stileItaliano beats for Kids!","description":"Big vision for Little eyes","publisher":{"@id":"https:\/\/www.stileitalianoocchiali.com\/de\/#organization"},"potentialAction":[{"@type":"SearchAction","target":{"@type":"EntryPoint","urlTemplate":"https:\/\/www.stileitalianoocchiali.com\/de\/?s={search_term_string}"},"query-input":"required name=search_term_string"}],"inLanguage":"de"},{"@type":"Organization","@id":"https:\/\/www.stileitalianoocchiali.com\/de\/#organization","name":"stileItaliano beats for Kids!","url":"https:\/\/www.stileitalianoocchiali.com\/de\/","logo":{"@type":"ImageObject","inLanguage":"de","@id":"https:\/\/www.stileitalianoocchiali.com\/de\/#\/schema\/logo\/image\/","url":"https:\/\/www.stileitalianoocchiali.com\/wp-content\/uploads\/2025\/07\/cropped-stileItaliano_logo_BEATSFORKIDS_teal-1.png","contentUrl":"https:\/\/www.stileitalianoocchiali.com\/wp-content\/uploads\/2025\/07\/cropped-stileItaliano_logo_BEATSFORKIDS_teal-1.png","width":5460,"height":1843,"caption":"stileItaliano beats for Kids!"},"image":{"@id":"https:\/\/www.stileitalianoocchiali.com\/de\/#\/schema\/logo\/image\/"}}]}},"_links":{"self":[{"href":"https:\/\/www.stileitalianoocchiali.com\/de\/wp-json\/wp\/v2\/product\/14320"}],"collection":[{"href":"https:\/\/www.stileitalianoocchiali.com\/de\/wp-json\/wp\/v2\/product"}],"about":[{"href":"https:\/\/www.stileitalianoocchiali.com\/de\/wp-json\/wp\/v2\/types\/product"}],"wp:featuredmedia":[{"embeddable":true,"href":"https:\/\/www.stileitalianoocchiali.com\/de\/wp-json\/wp\/v2\/media\/24954"}],"wp:attachment":[{"href":"https:\/\/www.stileitalianoocchiali.com\/de\/wp-json\/wp\/v2\/media?parent=14320"}],"wp:term":[{"taxonomy":"product_cat","embeddable":true,"href":"https:\/\/www.stileitalianoocchiali.com\/de\/wp-json\/wp\/v2\/product_cat?post=14320"},{"taxonomy":"product_tag","embeddable":true,"href":"https:\/\/www.stileitalianoocchiali.com\/de\/wp-json\/wp\/v2\/product_tag?post=14320"}],"curies":[{"name":"wp","href":"https:\/\/api.w.org\/{rel}","templated":true}]}}