{"id":15154,"date":"2021-04-27T16:41:52","date_gmt":"2021-04-27T14:41:52","guid":{"rendered":"https:\/\/www.stileitalianoocchiali.com\/?post_type=product&#038;p=15154"},"modified":"2025-02-14T11:07:05","modified_gmt":"2025-02-14T10:07:05","slug":"si5014-215","status":"publish","type":"product","link":"https:\/\/www.stileitalianoocchiali.com\/de\/produkt\/si5014-215\/","title":{"rendered":"SI5014.215"},"content":{"rendered":"<p>Frisch, lustig und kunterbunt! Die Faasungen der Tutti-Frutti Kollektion \u00fcbertreffen sich gegenseitig an Ausgelassenheit! Eine Kollektion mit runden Formen und niedrigen Steg, um den visuellen Bed\u00fcrfnissen unserer Kleinen gerecht zu werden. Transparenzen, durch Klebens an den linken B\u00fcgel mit lebhaften Pinselstrichen veredelt. F\u00fcr die wahre Einzigartigkeit dieser Kollektion sorgen mit Lack gef\u00fcllte Fr\u00e4sen mit einer anderen Frucht f\u00fcr jede verschiedene Farbe: Ananas, Apfel, Traube und Blaubeere. Lasst uns Vitamine und Farben tanken mit Tutti Frutti, der Kollektion, die dich gut sehen l\u00e4sst.<\/p>\n","protected":false},"excerpt":{"rendered":"<p>Frisch, lustig und kunterbunt! Die Faasungen der Tutti-Frutti Kollektion \u00fcbertreffen sich gegenseitig an Ausgelassenheit! Eine Kollektion mit runden Formen und niedrigen Steg, um den visuellen Bed\u00fcrfnissen unserer Kleinen gerecht zu werden. Transparenzen, durch Klebens an den linken B\u00fcgel mit lebhaften Pinselstrichen veredelt. F\u00fcr die wahre Einzigartigkeit dieser Kollektion sorgen mit Lack gef\u00fcllte Fr\u00e4sen mit einer [&hellip;]<\/p>\n","protected":false},"featured_media":26339,"template":"","meta":{"inline_featured_image":false},"product_cat":[664,5693],"product_tag":[],"acf":[],"yoast_head":"<!-- This site is optimized with the Yoast SEO plugin v21.3 - https:\/\/yoast.com\/wordpress\/plugins\/seo\/ -->\n<title>SI5014.215 - stileItaliano beats for Kids!<\/title>\n<meta name=\"description\" content=\"Runden Formen und niedrigen Steg, um den visuellen Bed\u00fcrfnissen unserer Kleinen gerecht zu werden. Klebens an den linken B\u00fcgel und Fr\u00e4sen an den rechten.\" \/>\n<meta name=\"robots\" content=\"index, follow, max-snippet:-1, max-image-preview:large, max-video-preview:-1\" \/>\n<link rel=\"canonical\" href=\"https:\/\/www.stileitalianoocchiali.com\/de\/produkt\/si5014-215\/\" \/>\n<meta property=\"og:locale\" content=\"de_DE\" \/>\n<meta property=\"og:type\" content=\"article\" \/>\n<meta property=\"og:title\" content=\"SI5014.215 - stileItaliano beats for Kids!\" \/>\n<meta property=\"og:description\" content=\"Runden Formen und niedrigen Steg, um den visuellen Bed\u00fcrfnissen unserer Kleinen gerecht zu werden. Klebens an den linken B\u00fcgel und Fr\u00e4sen an den rechten.\" \/>\n<meta property=\"og:url\" content=\"https:\/\/www.stileitalianoocchiali.com\/de\/produkt\/si5014-215\/\" \/>\n<meta property=\"og:site_name\" content=\"stileItaliano beats for Kids!\" \/>\n<meta property=\"article:modified_time\" content=\"2025-02-14T10:07:05+00:00\" \/>\n<meta property=\"og:image\" content=\"https:\/\/www.stileitalianoocchiali.com\/wp-content\/uploads\/2021\/04\/360_SI5014.215_1_copertina.jpg\" \/>\n\t<meta property=\"og:image:width\" content=\"2400\" \/>\n\t<meta property=\"og:image:height\" content=\"1800\" \/>\n\t<meta property=\"og:image:type\" content=\"image\/jpeg\" \/>\n<meta name=\"twitter:card\" content=\"summary_large_image\" \/>\n<meta name=\"twitter:label1\" content=\"Gesch\u00e4tzte Lesezeit\" \/>\n\t<meta name=\"twitter:data1\" content=\"1\u00a0Minute\" \/>\n<script type=\"application\/ld+json\" class=\"yoast-schema-graph\">{\"@context\":\"https:\/\/schema.org\",\"@graph\":[{\"@type\":\"WebPage\",\"@id\":\"https:\/\/www.stileitalianoocchiali.com\/de\/produkt\/si5014-215\/\",\"url\":\"https:\/\/www.stileitalianoocchiali.com\/de\/produkt\/si5014-215\/\",\"name\":\"SI5014.215 - stileItaliano beats for Kids!\",\"isPartOf\":{\"@id\":\"https:\/\/www.stileitalianoocchiali.com\/de\/#website\"},\"datePublished\":\"2021-04-27T14:41:52+00:00\",\"dateModified\":\"2025-02-14T10:07:05+00:00\",\"description\":\"Runden Formen und niedrigen Steg, um den visuellen Bed\u00fcrfnissen unserer Kleinen gerecht zu werden. Klebens an den linken B\u00fcgel und Fr\u00e4sen an den rechten.\",\"breadcrumb\":{\"@id\":\"https:\/\/www.stileitalianoocchiali.com\/de\/produkt\/si5014-215\/#breadcrumb\"},\"inLanguage\":\"de\",\"potentialAction\":[{\"@type\":\"ReadAction\",\"target\":[\"https:\/\/www.stileitalianoocchiali.com\/de\/produkt\/si5014-215\/\"]}]},{\"@type\":\"BreadcrumbList\",\"@id\":\"https:\/\/www.stileitalianoocchiali.com\/de\/produkt\/si5014-215\/#breadcrumb\",\"itemListElement\":[{\"@type\":\"ListItem\",\"position\":1,\"name\":\"Homepage\",\"item\":\"https:\/\/www.stileitalianoocchiali.com\/de\/\"},{\"@type\":\"ListItem\",\"position\":2,\"name\":\"Shop\",\"item\":\"https:\/\/www.stileitalianoocchiali.com\/de\/shop-2\/\"},{\"@type\":\"ListItem\",\"position\":3,\"name\":\"SI5014.215\"}]},{\"@type\":\"WebSite\",\"@id\":\"https:\/\/www.stileitalianoocchiali.com\/de\/#website\",\"url\":\"https:\/\/www.stileitalianoocchiali.com\/de\/\",\"name\":\"stileItaliano beats for Kids!\",\"description\":\"Big vision for Little eyes\",\"publisher\":{\"@id\":\"https:\/\/www.stileitalianoocchiali.com\/de\/#organization\"},\"potentialAction\":[{\"@type\":\"SearchAction\",\"target\":{\"@type\":\"EntryPoint\",\"urlTemplate\":\"https:\/\/www.stileitalianoocchiali.com\/de\/?s={search_term_string}\"},\"query-input\":\"required name=search_term_string\"}],\"inLanguage\":\"de\"},{\"@type\":\"Organization\",\"@id\":\"https:\/\/www.stileitalianoocchiali.com\/de\/#organization\",\"name\":\"stileItaliano beats for Kids!\",\"url\":\"https:\/\/www.stileitalianoocchiali.com\/de\/\",\"logo\":{\"@type\":\"ImageObject\",\"inLanguage\":\"de\",\"@id\":\"https:\/\/www.stileitalianoocchiali.com\/de\/#\/schema\/logo\/image\/\",\"url\":\"https:\/\/www.stileitalianoocchiali.com\/wp-content\/uploads\/2025\/07\/cropped-stileItaliano_logo_BEATSFORKIDS_teal-1.png\",\"contentUrl\":\"https:\/\/www.stileitalianoocchiali.com\/wp-content\/uploads\/2025\/07\/cropped-stileItaliano_logo_BEATSFORKIDS_teal-1.png\",\"width\":5460,\"height\":1843,\"caption\":\"stileItaliano beats for Kids!\"},\"image\":{\"@id\":\"https:\/\/www.stileitalianoocchiali.com\/de\/#\/schema\/logo\/image\/\"}}]}<\/script>\n<!-- \/ Yoast SEO plugin. -->","yoast_head_json":{"title":"SI5014.215 - stileItaliano beats for Kids!","description":"Runden Formen und niedrigen Steg, um den visuellen Bed\u00fcrfnissen unserer Kleinen gerecht zu werden. Klebens an den linken B\u00fcgel und Fr\u00e4sen an den rechten.","robots":{"index":"index","follow":"follow","max-snippet":"max-snippet:-1","max-image-preview":"max-image-preview:large","max-video-preview":"max-video-preview:-1"},"canonical":"https:\/\/www.stileitalianoocchiali.com\/de\/produkt\/si5014-215\/","og_locale":"de_DE","og_type":"article","og_title":"SI5014.215 - stileItaliano beats for Kids!","og_description":"Runden Formen und niedrigen Steg, um den visuellen Bed\u00fcrfnissen unserer Kleinen gerecht zu werden. Klebens an den linken B\u00fcgel und Fr\u00e4sen an den rechten.","og_url":"https:\/\/www.stileitalianoocchiali.com\/de\/produkt\/si5014-215\/","og_site_name":"stileItaliano beats for Kids!","article_modified_time":"2025-02-14T10:07:05+00:00","og_image":[{"width":2400,"height":1800,"url":"https:\/\/www.stileitalianoocchiali.com\/wp-content\/uploads\/2021\/04\/360_SI5014.215_1_copertina.jpg","type":"image\/jpeg"}],"twitter_card":"summary_large_image","twitter_misc":{"Gesch\u00e4tzte Lesezeit":"1\u00a0Minute"},"schema":{"@context":"https:\/\/schema.org","@graph":[{"@type":"WebPage","@id":"https:\/\/www.stileitalianoocchiali.com\/de\/produkt\/si5014-215\/","url":"https:\/\/www.stileitalianoocchiali.com\/de\/produkt\/si5014-215\/","name":"SI5014.215 - stileItaliano beats for Kids!","isPartOf":{"@id":"https:\/\/www.stileitalianoocchiali.com\/de\/#website"},"datePublished":"2021-04-27T14:41:52+00:00","dateModified":"2025-02-14T10:07:05+00:00","description":"Runden Formen und niedrigen Steg, um den visuellen Bed\u00fcrfnissen unserer Kleinen gerecht zu werden. Klebens an den linken B\u00fcgel und Fr\u00e4sen an den rechten.","breadcrumb":{"@id":"https:\/\/www.stileitalianoocchiali.com\/de\/produkt\/si5014-215\/#breadcrumb"},"inLanguage":"de","potentialAction":[{"@type":"ReadAction","target":["https:\/\/www.stileitalianoocchiali.com\/de\/produkt\/si5014-215\/"]}]},{"@type":"BreadcrumbList","@id":"https:\/\/www.stileitalianoocchiali.com\/de\/produkt\/si5014-215\/#breadcrumb","itemListElement":[{"@type":"ListItem","position":1,"name":"Homepage","item":"https:\/\/www.stileitalianoocchiali.com\/de\/"},{"@type":"ListItem","position":2,"name":"Shop","item":"https:\/\/www.stileitalianoocchiali.com\/de\/shop-2\/"},{"@type":"ListItem","position":3,"name":"SI5014.215"}]},{"@type":"WebSite","@id":"https:\/\/www.stileitalianoocchiali.com\/de\/#website","url":"https:\/\/www.stileitalianoocchiali.com\/de\/","name":"stileItaliano beats for Kids!","description":"Big vision for Little eyes","publisher":{"@id":"https:\/\/www.stileitalianoocchiali.com\/de\/#organization"},"potentialAction":[{"@type":"SearchAction","target":{"@type":"EntryPoint","urlTemplate":"https:\/\/www.stileitalianoocchiali.com\/de\/?s={search_term_string}"},"query-input":"required name=search_term_string"}],"inLanguage":"de"},{"@type":"Organization","@id":"https:\/\/www.stileitalianoocchiali.com\/de\/#organization","name":"stileItaliano beats for Kids!","url":"https:\/\/www.stileitalianoocchiali.com\/de\/","logo":{"@type":"ImageObject","inLanguage":"de","@id":"https:\/\/www.stileitalianoocchiali.com\/de\/#\/schema\/logo\/image\/","url":"https:\/\/www.stileitalianoocchiali.com\/wp-content\/uploads\/2025\/07\/cropped-stileItaliano_logo_BEATSFORKIDS_teal-1.png","contentUrl":"https:\/\/www.stileitalianoocchiali.com\/wp-content\/uploads\/2025\/07\/cropped-stileItaliano_logo_BEATSFORKIDS_teal-1.png","width":5460,"height":1843,"caption":"stileItaliano beats for Kids!"},"image":{"@id":"https:\/\/www.stileitalianoocchiali.com\/de\/#\/schema\/logo\/image\/"}}]}},"_links":{"self":[{"href":"https:\/\/www.stileitalianoocchiali.com\/de\/wp-json\/wp\/v2\/product\/15154"}],"collection":[{"href":"https:\/\/www.stileitalianoocchiali.com\/de\/wp-json\/wp\/v2\/product"}],"about":[{"href":"https:\/\/www.stileitalianoocchiali.com\/de\/wp-json\/wp\/v2\/types\/product"}],"wp:featuredmedia":[{"embeddable":true,"href":"https:\/\/www.stileitalianoocchiali.com\/de\/wp-json\/wp\/v2\/media\/26339"}],"wp:attachment":[{"href":"https:\/\/www.stileitalianoocchiali.com\/de\/wp-json\/wp\/v2\/media?parent=15154"}],"wp:term":[{"taxonomy":"product_cat","embeddable":true,"href":"https:\/\/www.stileitalianoocchiali.com\/de\/wp-json\/wp\/v2\/product_cat?post=15154"},{"taxonomy":"product_tag","embeddable":true,"href":"https:\/\/www.stileitalianoocchiali.com\/de\/wp-json\/wp\/v2\/product_tag?post=15154"}],"curies":[{"name":"wp","href":"https:\/\/api.w.org\/{rel}","templated":true}]}}