{"id":15657,"date":"2021-07-30T11:02:24","date_gmt":"2021-07-30T09:02:25","guid":{"rendered":"https:\/\/www.stileitalianoocchiali.com\/?post_type=product&#038;p=15657"},"modified":"2025-02-19T10:47:27","modified_gmt":"2025-02-19T09:47:27","slug":"si5541-193","status":"publish","type":"product","link":"https:\/\/www.stileitalianoocchiali.com\/de\/produkt\/si5541-193\/","title":{"rendered":"SI5541.193"},"content":{"rendered":"<p>Ausstrahlung und Selbstvertrauen sind die beiden Haupteigenschaften dieser neuen Kollektion. Leader, ein rundes Brillengestell, mit einem eleganten Steg f\u00fcr unternehmungslustige, junge Menschen, die entschlossen und geschickt handeln. Kr\u00e4ftige Farben und Nuancen spielen auf dem Gesicht ihres Tr\u00e4gers. Leader, wie ein Geist, der die Zukunft plant und sich vorstellt, sie gestalten zu k\u00f6nnen. Einfache Verzierungen an den B\u00fcgeln verleihen einen perfekten Glanzpunkt, und schlie\u00dfen mit dem Logo SI in Fotogravur ab, welches sich transparent lackiert am Ende des B\u00fcgels befindet. Eine Kollektion f\u00fcr alle, die klare Vorstellungen haben und sofort handeln. Ein Beispiel f\u00fcr viele, eine Position f\u00fcr wenige.<\/p>\n<p>&nbsp;<\/p>\n<p>&nbsp;<\/p>\n","protected":false},"excerpt":{"rendered":"<p>Ausstrahlung und Selbstvertrauen sind die beiden Haupteigenschaften dieser neuen Kollektion. Leader, ein rundes Brillengestell, mit einem eleganten Steg f\u00fcr unternehmungslustige, junge Menschen, die entschlossen und geschickt handeln. Kr\u00e4ftige Farben und Nuancen spielen auf dem Gesicht ihres Tr\u00e4gers. Leader, wie ein Geist, der die Zukunft plant und sich vorstellt, sie gestalten zu k\u00f6nnen. Einfache Verzierungen an [&hellip;]<\/p>\n","protected":false},"featured_media":23028,"template":"","meta":{"inline_featured_image":false},"product_cat":[664,5697],"product_tag":[],"acf":[],"yoast_head":"<!-- This site is optimized with the Yoast SEO plugin v21.3 - https:\/\/yoast.com\/wordpress\/plugins\/seo\/ -->\n<title>SI5541.193 - stileItaliano beats for Kids!<\/title>\n<meta name=\"description\" content=\"Leader, ein rundes Brillengestell, mit einem eleganten Steg f\u00fcr unternehmungslustige, junge Menschen, die entschlossen und geschickt handeln.\" \/>\n<meta name=\"robots\" content=\"index, follow, max-snippet:-1, max-image-preview:large, max-video-preview:-1\" \/>\n<link rel=\"canonical\" href=\"https:\/\/www.stileitalianoocchiali.com\/de\/produkt\/si5541-193\/\" \/>\n<meta property=\"og:locale\" content=\"de_DE\" \/>\n<meta property=\"og:type\" content=\"article\" \/>\n<meta property=\"og:title\" content=\"SI5541.193 - stileItaliano beats for Kids!\" \/>\n<meta property=\"og:description\" content=\"Leader, ein rundes Brillengestell, mit einem eleganten Steg f\u00fcr unternehmungslustige, junge Menschen, die entschlossen und geschickt handeln.\" \/>\n<meta property=\"og:url\" content=\"https:\/\/www.stileitalianoocchiali.com\/de\/produkt\/si5541-193\/\" \/>\n<meta property=\"og:site_name\" content=\"stileItaliano beats for Kids!\" \/>\n<meta property=\"article:modified_time\" content=\"2025-02-19T09:47:27+00:00\" \/>\n<meta property=\"og:image\" content=\"https:\/\/www.stileitalianoocchiali.com\/wp-content\/uploads\/2021\/07\/SI5541.193_1_copertina.jpg\" \/>\n\t<meta property=\"og:image:width\" content=\"2400\" \/>\n\t<meta property=\"og:image:height\" content=\"1800\" \/>\n\t<meta property=\"og:image:type\" content=\"image\/jpeg\" \/>\n<meta name=\"twitter:card\" content=\"summary_large_image\" \/>\n<meta name=\"twitter:label1\" content=\"Gesch\u00e4tzte Lesezeit\" \/>\n\t<meta name=\"twitter:data1\" content=\"1\u00a0Minute\" \/>\n<script type=\"application\/ld+json\" class=\"yoast-schema-graph\">{\"@context\":\"https:\/\/schema.org\",\"@graph\":[{\"@type\":\"WebPage\",\"@id\":\"https:\/\/www.stileitalianoocchiali.com\/de\/produkt\/si5541-193\/\",\"url\":\"https:\/\/www.stileitalianoocchiali.com\/de\/produkt\/si5541-193\/\",\"name\":\"SI5541.193 - stileItaliano beats for Kids!\",\"isPartOf\":{\"@id\":\"https:\/\/www.stileitalianoocchiali.com\/de\/#website\"},\"datePublished\":\"2021-07-30T09:02:25+00:00\",\"dateModified\":\"2025-02-19T09:47:27+00:00\",\"description\":\"Leader, ein rundes Brillengestell, mit einem eleganten Steg f\u00fcr unternehmungslustige, junge Menschen, die entschlossen und geschickt handeln.\",\"breadcrumb\":{\"@id\":\"https:\/\/www.stileitalianoocchiali.com\/de\/produkt\/si5541-193\/#breadcrumb\"},\"inLanguage\":\"de\",\"potentialAction\":[{\"@type\":\"ReadAction\",\"target\":[\"https:\/\/www.stileitalianoocchiali.com\/de\/produkt\/si5541-193\/\"]}]},{\"@type\":\"BreadcrumbList\",\"@id\":\"https:\/\/www.stileitalianoocchiali.com\/de\/produkt\/si5541-193\/#breadcrumb\",\"itemListElement\":[{\"@type\":\"ListItem\",\"position\":1,\"name\":\"Homepage\",\"item\":\"https:\/\/www.stileitalianoocchiali.com\/de\/\"},{\"@type\":\"ListItem\",\"position\":2,\"name\":\"Shop\",\"item\":\"https:\/\/www.stileitalianoocchiali.com\/de\/shop-2\/\"},{\"@type\":\"ListItem\",\"position\":3,\"name\":\"SI5541.193\"}]},{\"@type\":\"WebSite\",\"@id\":\"https:\/\/www.stileitalianoocchiali.com\/de\/#website\",\"url\":\"https:\/\/www.stileitalianoocchiali.com\/de\/\",\"name\":\"stileItaliano beats for Kids!\",\"description\":\"Big vision for Little eyes\",\"publisher\":{\"@id\":\"https:\/\/www.stileitalianoocchiali.com\/de\/#organization\"},\"potentialAction\":[{\"@type\":\"SearchAction\",\"target\":{\"@type\":\"EntryPoint\",\"urlTemplate\":\"https:\/\/www.stileitalianoocchiali.com\/de\/?s={search_term_string}\"},\"query-input\":\"required name=search_term_string\"}],\"inLanguage\":\"de\"},{\"@type\":\"Organization\",\"@id\":\"https:\/\/www.stileitalianoocchiali.com\/de\/#organization\",\"name\":\"stileItaliano beats for Kids!\",\"url\":\"https:\/\/www.stileitalianoocchiali.com\/de\/\",\"logo\":{\"@type\":\"ImageObject\",\"inLanguage\":\"de\",\"@id\":\"https:\/\/www.stileitalianoocchiali.com\/de\/#\/schema\/logo\/image\/\",\"url\":\"https:\/\/www.stileitalianoocchiali.com\/wp-content\/uploads\/2025\/07\/cropped-stileItaliano_logo_BEATSFORKIDS_teal-1.png\",\"contentUrl\":\"https:\/\/www.stileitalianoocchiali.com\/wp-content\/uploads\/2025\/07\/cropped-stileItaliano_logo_BEATSFORKIDS_teal-1.png\",\"width\":5460,\"height\":1843,\"caption\":\"stileItaliano beats for Kids!\"},\"image\":{\"@id\":\"https:\/\/www.stileitalianoocchiali.com\/de\/#\/schema\/logo\/image\/\"}}]}<\/script>\n<!-- \/ Yoast SEO plugin. -->","yoast_head_json":{"title":"SI5541.193 - stileItaliano beats for Kids!","description":"Leader, ein rundes Brillengestell, mit einem eleganten Steg f\u00fcr unternehmungslustige, junge Menschen, die entschlossen und geschickt handeln.","robots":{"index":"index","follow":"follow","max-snippet":"max-snippet:-1","max-image-preview":"max-image-preview:large","max-video-preview":"max-video-preview:-1"},"canonical":"https:\/\/www.stileitalianoocchiali.com\/de\/produkt\/si5541-193\/","og_locale":"de_DE","og_type":"article","og_title":"SI5541.193 - stileItaliano beats for Kids!","og_description":"Leader, ein rundes Brillengestell, mit einem eleganten Steg f\u00fcr unternehmungslustige, junge Menschen, die entschlossen und geschickt handeln.","og_url":"https:\/\/www.stileitalianoocchiali.com\/de\/produkt\/si5541-193\/","og_site_name":"stileItaliano beats for Kids!","article_modified_time":"2025-02-19T09:47:27+00:00","og_image":[{"width":2400,"height":1800,"url":"https:\/\/www.stileitalianoocchiali.com\/wp-content\/uploads\/2021\/07\/SI5541.193_1_copertina.jpg","type":"image\/jpeg"}],"twitter_card":"summary_large_image","twitter_misc":{"Gesch\u00e4tzte Lesezeit":"1\u00a0Minute"},"schema":{"@context":"https:\/\/schema.org","@graph":[{"@type":"WebPage","@id":"https:\/\/www.stileitalianoocchiali.com\/de\/produkt\/si5541-193\/","url":"https:\/\/www.stileitalianoocchiali.com\/de\/produkt\/si5541-193\/","name":"SI5541.193 - stileItaliano beats for Kids!","isPartOf":{"@id":"https:\/\/www.stileitalianoocchiali.com\/de\/#website"},"datePublished":"2021-07-30T09:02:25+00:00","dateModified":"2025-02-19T09:47:27+00:00","description":"Leader, ein rundes Brillengestell, mit einem eleganten Steg f\u00fcr unternehmungslustige, junge Menschen, die entschlossen und geschickt handeln.","breadcrumb":{"@id":"https:\/\/www.stileitalianoocchiali.com\/de\/produkt\/si5541-193\/#breadcrumb"},"inLanguage":"de","potentialAction":[{"@type":"ReadAction","target":["https:\/\/www.stileitalianoocchiali.com\/de\/produkt\/si5541-193\/"]}]},{"@type":"BreadcrumbList","@id":"https:\/\/www.stileitalianoocchiali.com\/de\/produkt\/si5541-193\/#breadcrumb","itemListElement":[{"@type":"ListItem","position":1,"name":"Homepage","item":"https:\/\/www.stileitalianoocchiali.com\/de\/"},{"@type":"ListItem","position":2,"name":"Shop","item":"https:\/\/www.stileitalianoocchiali.com\/de\/shop-2\/"},{"@type":"ListItem","position":3,"name":"SI5541.193"}]},{"@type":"WebSite","@id":"https:\/\/www.stileitalianoocchiali.com\/de\/#website","url":"https:\/\/www.stileitalianoocchiali.com\/de\/","name":"stileItaliano beats for Kids!","description":"Big vision for Little eyes","publisher":{"@id":"https:\/\/www.stileitalianoocchiali.com\/de\/#organization"},"potentialAction":[{"@type":"SearchAction","target":{"@type":"EntryPoint","urlTemplate":"https:\/\/www.stileitalianoocchiali.com\/de\/?s={search_term_string}"},"query-input":"required name=search_term_string"}],"inLanguage":"de"},{"@type":"Organization","@id":"https:\/\/www.stileitalianoocchiali.com\/de\/#organization","name":"stileItaliano beats for Kids!","url":"https:\/\/www.stileitalianoocchiali.com\/de\/","logo":{"@type":"ImageObject","inLanguage":"de","@id":"https:\/\/www.stileitalianoocchiali.com\/de\/#\/schema\/logo\/image\/","url":"https:\/\/www.stileitalianoocchiali.com\/wp-content\/uploads\/2025\/07\/cropped-stileItaliano_logo_BEATSFORKIDS_teal-1.png","contentUrl":"https:\/\/www.stileitalianoocchiali.com\/wp-content\/uploads\/2025\/07\/cropped-stileItaliano_logo_BEATSFORKIDS_teal-1.png","width":5460,"height":1843,"caption":"stileItaliano beats for Kids!"},"image":{"@id":"https:\/\/www.stileitalianoocchiali.com\/de\/#\/schema\/logo\/image\/"}}]}},"_links":{"self":[{"href":"https:\/\/www.stileitalianoocchiali.com\/de\/wp-json\/wp\/v2\/product\/15657"}],"collection":[{"href":"https:\/\/www.stileitalianoocchiali.com\/de\/wp-json\/wp\/v2\/product"}],"about":[{"href":"https:\/\/www.stileitalianoocchiali.com\/de\/wp-json\/wp\/v2\/types\/product"}],"wp:featuredmedia":[{"embeddable":true,"href":"https:\/\/www.stileitalianoocchiali.com\/de\/wp-json\/wp\/v2\/media\/23028"}],"wp:attachment":[{"href":"https:\/\/www.stileitalianoocchiali.com\/de\/wp-json\/wp\/v2\/media?parent=15657"}],"wp:term":[{"taxonomy":"product_cat","embeddable":true,"href":"https:\/\/www.stileitalianoocchiali.com\/de\/wp-json\/wp\/v2\/product_cat?post=15657"},{"taxonomy":"product_tag","embeddable":true,"href":"https:\/\/www.stileitalianoocchiali.com\/de\/wp-json\/wp\/v2\/product_tag?post=15657"}],"curies":[{"name":"wp","href":"https:\/\/api.w.org\/{rel}","templated":true}]}}