{"id":15745,"date":"2021-08-02T10:00:58","date_gmt":"2021-08-02T08:00:59","guid":{"rendered":"https:\/\/www.stileitalianoocchiali.com\/?post_type=product&#038;p=15745"},"modified":"2025-02-19T10:07:58","modified_gmt":"2025-02-19T09:07:58","slug":"si8034-612","status":"publish","type":"product","link":"https:\/\/www.stileitalianoocchiali.com\/de\/produkt\/si8034-612\/","title":{"rendered":"SI8034.612"},"content":{"rendered":"<p>Ein Augenblick reicht aus, um Ihren Tag zu ver\u00e4ndern. Ein Augenblick der Svago, um alles klarer zu sehen und das Gleichgewicht wiederzufinden. Diese Linie m\u00f6chte Ihnen genau das schenken. Ihren Augenblick, um den Schwerpunkt wiederzufinden und den Geist schweifen zu lassen. W\u00e4hlen Sie eine Brille, die Ihr Gesicht mit seinem erlesenen und besonderen Design bedeutsam einrahmt. Hergestellt aus <strong>Edelstahl<\/strong> in verschiedenen Farben, die in elektrolytischen B\u00e4dern erzeugt werden und sich mit farbigen Lacken verbinden, um das weiche Profil dieser Brille einzurahmen. Svago, f\u00fcr alle, die wissen, wann sie an erster Stelle stehen und sich diesen kostbaren, regenerierenden Augenblick g\u00f6nnen.<\/p>\n","protected":false},"excerpt":{"rendered":"<p>Ein Augenblick reicht aus, um Ihren Tag zu ver\u00e4ndern. Ein Augenblick der Svago, um alles klarer zu sehen und das Gleichgewicht wiederzufinden. Diese Linie m\u00f6chte Ihnen genau das schenken. Ihren Augenblick, um den Schwerpunkt wiederzufinden und den Geist schweifen zu lassen. W\u00e4hlen Sie eine Brille, die Ihr Gesicht mit seinem erlesenen und besonderen Design bedeutsam [&hellip;]<\/p>\n","protected":false},"featured_media":25427,"template":"","meta":{"inline_featured_image":false},"product_cat":[664,5839],"product_tag":[],"acf":[],"yoast_head":"<!-- This site is optimized with the Yoast SEO plugin v21.3 - https:\/\/yoast.com\/wordpress\/plugins\/seo\/ -->\n<title>SI8034.612 - stileItaliano beats for Kids!<\/title>\n<meta name=\"description\" content=\"Ein Augenblick reicht aus, um Ihren Tag zu ver\u00e4ndern. Ein Augenblick der Svago, um alles klarer zu sehen und das Gleichgewicht wiederzufinden.\" \/>\n<meta name=\"robots\" content=\"index, follow, max-snippet:-1, max-image-preview:large, max-video-preview:-1\" \/>\n<link rel=\"canonical\" href=\"https:\/\/www.stileitalianoocchiali.com\/de\/produkt\/si8034-612\/\" \/>\n<meta property=\"og:locale\" content=\"de_DE\" \/>\n<meta property=\"og:type\" content=\"article\" \/>\n<meta property=\"og:title\" content=\"SI8034.612 - stileItaliano beats for Kids!\" \/>\n<meta property=\"og:description\" content=\"Ein Augenblick reicht aus, um Ihren Tag zu ver\u00e4ndern. Ein Augenblick der Svago, um alles klarer zu sehen und das Gleichgewicht wiederzufinden.\" \/>\n<meta property=\"og:url\" content=\"https:\/\/www.stileitalianoocchiali.com\/de\/produkt\/si8034-612\/\" \/>\n<meta property=\"og:site_name\" content=\"stileItaliano beats for Kids!\" \/>\n<meta property=\"article:modified_time\" content=\"2025-02-19T09:07:58+00:00\" \/>\n<meta property=\"og:image\" content=\"https:\/\/www.stileitalianoocchiali.com\/wp-content\/uploads\/2021\/08\/SI8034.612_1_copertina.jpg\" \/>\n\t<meta property=\"og:image:width\" content=\"2400\" \/>\n\t<meta property=\"og:image:height\" content=\"1800\" \/>\n\t<meta property=\"og:image:type\" content=\"image\/jpeg\" \/>\n<meta name=\"twitter:card\" content=\"summary_large_image\" \/>\n<meta name=\"twitter:label1\" content=\"Gesch\u00e4tzte Lesezeit\" \/>\n\t<meta name=\"twitter:data1\" content=\"1\u00a0Minute\" \/>\n<script type=\"application\/ld+json\" class=\"yoast-schema-graph\">{\"@context\":\"https:\/\/schema.org\",\"@graph\":[{\"@type\":\"WebPage\",\"@id\":\"https:\/\/www.stileitalianoocchiali.com\/de\/produkt\/si8034-612\/\",\"url\":\"https:\/\/www.stileitalianoocchiali.com\/de\/produkt\/si8034-612\/\",\"name\":\"SI8034.612 - stileItaliano beats for Kids!\",\"isPartOf\":{\"@id\":\"https:\/\/www.stileitalianoocchiali.com\/de\/#website\"},\"datePublished\":\"2021-08-02T08:00:59+00:00\",\"dateModified\":\"2025-02-19T09:07:58+00:00\",\"description\":\"Ein Augenblick reicht aus, um Ihren Tag zu ver\u00e4ndern. Ein Augenblick der Svago, um alles klarer zu sehen und das Gleichgewicht wiederzufinden.\",\"breadcrumb\":{\"@id\":\"https:\/\/www.stileitalianoocchiali.com\/de\/produkt\/si8034-612\/#breadcrumb\"},\"inLanguage\":\"de\",\"potentialAction\":[{\"@type\":\"ReadAction\",\"target\":[\"https:\/\/www.stileitalianoocchiali.com\/de\/produkt\/si8034-612\/\"]}]},{\"@type\":\"BreadcrumbList\",\"@id\":\"https:\/\/www.stileitalianoocchiali.com\/de\/produkt\/si8034-612\/#breadcrumb\",\"itemListElement\":[{\"@type\":\"ListItem\",\"position\":1,\"name\":\"Homepage\",\"item\":\"https:\/\/www.stileitalianoocchiali.com\/de\/\"},{\"@type\":\"ListItem\",\"position\":2,\"name\":\"Shop\",\"item\":\"https:\/\/www.stileitalianoocchiali.com\/de\/shop-2\/\"},{\"@type\":\"ListItem\",\"position\":3,\"name\":\"SI8034.612\"}]},{\"@type\":\"WebSite\",\"@id\":\"https:\/\/www.stileitalianoocchiali.com\/de\/#website\",\"url\":\"https:\/\/www.stileitalianoocchiali.com\/de\/\",\"name\":\"stileItaliano beats for Kids!\",\"description\":\"Big vision for Little eyes\",\"publisher\":{\"@id\":\"https:\/\/www.stileitalianoocchiali.com\/de\/#organization\"},\"potentialAction\":[{\"@type\":\"SearchAction\",\"target\":{\"@type\":\"EntryPoint\",\"urlTemplate\":\"https:\/\/www.stileitalianoocchiali.com\/de\/?s={search_term_string}\"},\"query-input\":\"required name=search_term_string\"}],\"inLanguage\":\"de\"},{\"@type\":\"Organization\",\"@id\":\"https:\/\/www.stileitalianoocchiali.com\/de\/#organization\",\"name\":\"stileItaliano beats for Kids!\",\"url\":\"https:\/\/www.stileitalianoocchiali.com\/de\/\",\"logo\":{\"@type\":\"ImageObject\",\"inLanguage\":\"de\",\"@id\":\"https:\/\/www.stileitalianoocchiali.com\/de\/#\/schema\/logo\/image\/\",\"url\":\"https:\/\/www.stileitalianoocchiali.com\/wp-content\/uploads\/2025\/07\/cropped-stileItaliano_logo_BEATSFORKIDS_teal-1.png\",\"contentUrl\":\"https:\/\/www.stileitalianoocchiali.com\/wp-content\/uploads\/2025\/07\/cropped-stileItaliano_logo_BEATSFORKIDS_teal-1.png\",\"width\":5460,\"height\":1843,\"caption\":\"stileItaliano beats for Kids!\"},\"image\":{\"@id\":\"https:\/\/www.stileitalianoocchiali.com\/de\/#\/schema\/logo\/image\/\"}}]}<\/script>\n<!-- \/ Yoast SEO plugin. -->","yoast_head_json":{"title":"SI8034.612 - stileItaliano beats for Kids!","description":"Ein Augenblick reicht aus, um Ihren Tag zu ver\u00e4ndern. Ein Augenblick der Svago, um alles klarer zu sehen und das Gleichgewicht wiederzufinden.","robots":{"index":"index","follow":"follow","max-snippet":"max-snippet:-1","max-image-preview":"max-image-preview:large","max-video-preview":"max-video-preview:-1"},"canonical":"https:\/\/www.stileitalianoocchiali.com\/de\/produkt\/si8034-612\/","og_locale":"de_DE","og_type":"article","og_title":"SI8034.612 - stileItaliano beats for Kids!","og_description":"Ein Augenblick reicht aus, um Ihren Tag zu ver\u00e4ndern. Ein Augenblick der Svago, um alles klarer zu sehen und das Gleichgewicht wiederzufinden.","og_url":"https:\/\/www.stileitalianoocchiali.com\/de\/produkt\/si8034-612\/","og_site_name":"stileItaliano beats for Kids!","article_modified_time":"2025-02-19T09:07:58+00:00","og_image":[{"width":2400,"height":1800,"url":"https:\/\/www.stileitalianoocchiali.com\/wp-content\/uploads\/2021\/08\/SI8034.612_1_copertina.jpg","type":"image\/jpeg"}],"twitter_card":"summary_large_image","twitter_misc":{"Gesch\u00e4tzte Lesezeit":"1\u00a0Minute"},"schema":{"@context":"https:\/\/schema.org","@graph":[{"@type":"WebPage","@id":"https:\/\/www.stileitalianoocchiali.com\/de\/produkt\/si8034-612\/","url":"https:\/\/www.stileitalianoocchiali.com\/de\/produkt\/si8034-612\/","name":"SI8034.612 - stileItaliano beats for Kids!","isPartOf":{"@id":"https:\/\/www.stileitalianoocchiali.com\/de\/#website"},"datePublished":"2021-08-02T08:00:59+00:00","dateModified":"2025-02-19T09:07:58+00:00","description":"Ein Augenblick reicht aus, um Ihren Tag zu ver\u00e4ndern. Ein Augenblick der Svago, um alles klarer zu sehen und das Gleichgewicht wiederzufinden.","breadcrumb":{"@id":"https:\/\/www.stileitalianoocchiali.com\/de\/produkt\/si8034-612\/#breadcrumb"},"inLanguage":"de","potentialAction":[{"@type":"ReadAction","target":["https:\/\/www.stileitalianoocchiali.com\/de\/produkt\/si8034-612\/"]}]},{"@type":"BreadcrumbList","@id":"https:\/\/www.stileitalianoocchiali.com\/de\/produkt\/si8034-612\/#breadcrumb","itemListElement":[{"@type":"ListItem","position":1,"name":"Homepage","item":"https:\/\/www.stileitalianoocchiali.com\/de\/"},{"@type":"ListItem","position":2,"name":"Shop","item":"https:\/\/www.stileitalianoocchiali.com\/de\/shop-2\/"},{"@type":"ListItem","position":3,"name":"SI8034.612"}]},{"@type":"WebSite","@id":"https:\/\/www.stileitalianoocchiali.com\/de\/#website","url":"https:\/\/www.stileitalianoocchiali.com\/de\/","name":"stileItaliano beats for Kids!","description":"Big vision for Little eyes","publisher":{"@id":"https:\/\/www.stileitalianoocchiali.com\/de\/#organization"},"potentialAction":[{"@type":"SearchAction","target":{"@type":"EntryPoint","urlTemplate":"https:\/\/www.stileitalianoocchiali.com\/de\/?s={search_term_string}"},"query-input":"required name=search_term_string"}],"inLanguage":"de"},{"@type":"Organization","@id":"https:\/\/www.stileitalianoocchiali.com\/de\/#organization","name":"stileItaliano beats for Kids!","url":"https:\/\/www.stileitalianoocchiali.com\/de\/","logo":{"@type":"ImageObject","inLanguage":"de","@id":"https:\/\/www.stileitalianoocchiali.com\/de\/#\/schema\/logo\/image\/","url":"https:\/\/www.stileitalianoocchiali.com\/wp-content\/uploads\/2025\/07\/cropped-stileItaliano_logo_BEATSFORKIDS_teal-1.png","contentUrl":"https:\/\/www.stileitalianoocchiali.com\/wp-content\/uploads\/2025\/07\/cropped-stileItaliano_logo_BEATSFORKIDS_teal-1.png","width":5460,"height":1843,"caption":"stileItaliano beats for Kids!"},"image":{"@id":"https:\/\/www.stileitalianoocchiali.com\/de\/#\/schema\/logo\/image\/"}}]}},"_links":{"self":[{"href":"https:\/\/www.stileitalianoocchiali.com\/de\/wp-json\/wp\/v2\/product\/15745"}],"collection":[{"href":"https:\/\/www.stileitalianoocchiali.com\/de\/wp-json\/wp\/v2\/product"}],"about":[{"href":"https:\/\/www.stileitalianoocchiali.com\/de\/wp-json\/wp\/v2\/types\/product"}],"wp:featuredmedia":[{"embeddable":true,"href":"https:\/\/www.stileitalianoocchiali.com\/de\/wp-json\/wp\/v2\/media\/25427"}],"wp:attachment":[{"href":"https:\/\/www.stileitalianoocchiali.com\/de\/wp-json\/wp\/v2\/media?parent=15745"}],"wp:term":[{"taxonomy":"product_cat","embeddable":true,"href":"https:\/\/www.stileitalianoocchiali.com\/de\/wp-json\/wp\/v2\/product_cat?post=15745"},{"taxonomy":"product_tag","embeddable":true,"href":"https:\/\/www.stileitalianoocchiali.com\/de\/wp-json\/wp\/v2\/product_tag?post=15745"}],"curies":[{"name":"wp","href":"https:\/\/api.w.org\/{rel}","templated":true}]}}