{"id":17934,"date":"2022-02-25T09:33:27","date_gmt":"2022-02-25T08:33:27","guid":{"rendered":"https:\/\/www.stileitalianoocchiali.com\/?post_type=product&#038;p=17934"},"modified":"2025-02-14T15:50:14","modified_gmt":"2025-02-14T14:50:14","slug":"si5552-240","status":"publish","type":"product","link":"https:\/\/www.stileitalianoocchiali.com\/de\/produkt\/si5552-240\/","title":{"rendered":"SI5552.240"},"content":{"rendered":"<p>Ein altes Spiel, das immer noch von Kindern und Jugendlichen auf der ganzen Welt gespielt wird. Steine, die sich treffen, verbinden und vervollst\u00e4ndigen. Eine rechteckige Fassung mit zweifachem Dekorelement auf der Vorderseite, das ans Design des in diesem Spiel verwendeten Steins erinnert. Die Besonderheit dieser neuen Kollektion liegt jedoch in den B\u00fcgeln, wo sich zwei unterschiedliche Acetate abwechseln, indem sie ein einzigartiges Farbspiel erzeugen. Au\u00dferdem macht unser im Terminal eingef\u00fcgtes Logo diese Fassung unverwechselbar. Domino, der fehlende Stein, damit man das Spiel gewinnen kann.<\/p>\n","protected":false},"excerpt":{"rendered":"<p>Ein altes Spiel, das immer noch von Kindern und Jugendlichen auf der ganzen Welt gespielt wird. Steine, die sich treffen, verbinden und vervollst\u00e4ndigen. Eine rechteckige Fassung mit zweifachem Dekorelement auf der Vorderseite, das ans Design des in diesem Spiel verwendeten Steins erinnert. Die Besonderheit dieser neuen Kollektion liegt jedoch in den B\u00fcgeln, wo sich zwei [&hellip;]<\/p>\n","protected":false},"featured_media":22882,"template":"","meta":{"inline_featured_image":false},"product_cat":[664,5914],"product_tag":[],"acf":[],"yoast_head":"<!-- This site is optimized with the Yoast SEO plugin v21.3 - https:\/\/yoast.com\/wordpress\/plugins\/seo\/ -->\n<title>SI5552.240 - stileItaliano beats for Kids!<\/title>\n<meta name=\"description\" content=\"Ein altes Spiel, das immer noch von Kindern und Jugendlichen auf der ganzen Welt gespielt wird. Steine, die sich treffen, verbinden und vervollst\u00e4ndigen.\" \/>\n<meta name=\"robots\" content=\"index, follow, max-snippet:-1, max-image-preview:large, max-video-preview:-1\" \/>\n<link rel=\"canonical\" href=\"https:\/\/www.stileitalianoocchiali.com\/de\/produkt\/si5552-240\/\" \/>\n<meta property=\"og:locale\" content=\"de_DE\" \/>\n<meta property=\"og:type\" content=\"article\" \/>\n<meta property=\"og:title\" content=\"SI5552.240 - stileItaliano beats for Kids!\" \/>\n<meta property=\"og:description\" content=\"Ein altes Spiel, das immer noch von Kindern und Jugendlichen auf der ganzen Welt gespielt wird. Steine, die sich treffen, verbinden und vervollst\u00e4ndigen.\" \/>\n<meta property=\"og:url\" content=\"https:\/\/www.stileitalianoocchiali.com\/de\/produkt\/si5552-240\/\" \/>\n<meta property=\"og:site_name\" content=\"stileItaliano beats for Kids!\" \/>\n<meta property=\"article:modified_time\" content=\"2025-02-14T14:50:14+00:00\" \/>\n<meta property=\"og:image\" content=\"https:\/\/www.stileitalianoocchiali.com\/wp-content\/uploads\/2022\/02\/SI5552.240_1_copertina.jpg\" \/>\n\t<meta property=\"og:image:width\" content=\"2400\" \/>\n\t<meta property=\"og:image:height\" content=\"1800\" \/>\n\t<meta property=\"og:image:type\" content=\"image\/jpeg\" \/>\n<meta name=\"twitter:card\" content=\"summary_large_image\" \/>\n<meta name=\"twitter:label1\" content=\"Gesch\u00e4tzte Lesezeit\" \/>\n\t<meta name=\"twitter:data1\" content=\"1\u00a0Minute\" \/>\n<script type=\"application\/ld+json\" class=\"yoast-schema-graph\">{\"@context\":\"https:\/\/schema.org\",\"@graph\":[{\"@type\":\"WebPage\",\"@id\":\"https:\/\/www.stileitalianoocchiali.com\/de\/produkt\/si5552-240\/\",\"url\":\"https:\/\/www.stileitalianoocchiali.com\/de\/produkt\/si5552-240\/\",\"name\":\"SI5552.240 - stileItaliano beats for Kids!\",\"isPartOf\":{\"@id\":\"https:\/\/www.stileitalianoocchiali.com\/de\/#website\"},\"datePublished\":\"2022-02-25T08:33:27+00:00\",\"dateModified\":\"2025-02-14T14:50:14+00:00\",\"description\":\"Ein altes Spiel, das immer noch von Kindern und Jugendlichen auf der ganzen Welt gespielt wird. Steine, die sich treffen, verbinden und vervollst\u00e4ndigen.\",\"breadcrumb\":{\"@id\":\"https:\/\/www.stileitalianoocchiali.com\/de\/produkt\/si5552-240\/#breadcrumb\"},\"inLanguage\":\"de\",\"potentialAction\":[{\"@type\":\"ReadAction\",\"target\":[\"https:\/\/www.stileitalianoocchiali.com\/de\/produkt\/si5552-240\/\"]}]},{\"@type\":\"BreadcrumbList\",\"@id\":\"https:\/\/www.stileitalianoocchiali.com\/de\/produkt\/si5552-240\/#breadcrumb\",\"itemListElement\":[{\"@type\":\"ListItem\",\"position\":1,\"name\":\"Homepage\",\"item\":\"https:\/\/www.stileitalianoocchiali.com\/de\/\"},{\"@type\":\"ListItem\",\"position\":2,\"name\":\"Shop\",\"item\":\"https:\/\/www.stileitalianoocchiali.com\/de\/shop-2\/\"},{\"@type\":\"ListItem\",\"position\":3,\"name\":\"SI5552.240\"}]},{\"@type\":\"WebSite\",\"@id\":\"https:\/\/www.stileitalianoocchiali.com\/de\/#website\",\"url\":\"https:\/\/www.stileitalianoocchiali.com\/de\/\",\"name\":\"stileItaliano beats for Kids!\",\"description\":\"Big vision for Little eyes\",\"publisher\":{\"@id\":\"https:\/\/www.stileitalianoocchiali.com\/de\/#organization\"},\"potentialAction\":[{\"@type\":\"SearchAction\",\"target\":{\"@type\":\"EntryPoint\",\"urlTemplate\":\"https:\/\/www.stileitalianoocchiali.com\/de\/?s={search_term_string}\"},\"query-input\":\"required name=search_term_string\"}],\"inLanguage\":\"de\"},{\"@type\":\"Organization\",\"@id\":\"https:\/\/www.stileitalianoocchiali.com\/de\/#organization\",\"name\":\"stileItaliano beats for Kids!\",\"url\":\"https:\/\/www.stileitalianoocchiali.com\/de\/\",\"logo\":{\"@type\":\"ImageObject\",\"inLanguage\":\"de\",\"@id\":\"https:\/\/www.stileitalianoocchiali.com\/de\/#\/schema\/logo\/image\/\",\"url\":\"https:\/\/www.stileitalianoocchiali.com\/wp-content\/uploads\/2025\/07\/cropped-stileItaliano_logo_BEATSFORKIDS_teal-1.png\",\"contentUrl\":\"https:\/\/www.stileitalianoocchiali.com\/wp-content\/uploads\/2025\/07\/cropped-stileItaliano_logo_BEATSFORKIDS_teal-1.png\",\"width\":5460,\"height\":1843,\"caption\":\"stileItaliano beats for Kids!\"},\"image\":{\"@id\":\"https:\/\/www.stileitalianoocchiali.com\/de\/#\/schema\/logo\/image\/\"}}]}<\/script>\n<!-- \/ Yoast SEO plugin. -->","yoast_head_json":{"title":"SI5552.240 - stileItaliano beats for Kids!","description":"Ein altes Spiel, das immer noch von Kindern und Jugendlichen auf der ganzen Welt gespielt wird. Steine, die sich treffen, verbinden und vervollst\u00e4ndigen.","robots":{"index":"index","follow":"follow","max-snippet":"max-snippet:-1","max-image-preview":"max-image-preview:large","max-video-preview":"max-video-preview:-1"},"canonical":"https:\/\/www.stileitalianoocchiali.com\/de\/produkt\/si5552-240\/","og_locale":"de_DE","og_type":"article","og_title":"SI5552.240 - stileItaliano beats for Kids!","og_description":"Ein altes Spiel, das immer noch von Kindern und Jugendlichen auf der ganzen Welt gespielt wird. Steine, die sich treffen, verbinden und vervollst\u00e4ndigen.","og_url":"https:\/\/www.stileitalianoocchiali.com\/de\/produkt\/si5552-240\/","og_site_name":"stileItaliano beats for Kids!","article_modified_time":"2025-02-14T14:50:14+00:00","og_image":[{"width":2400,"height":1800,"url":"https:\/\/www.stileitalianoocchiali.com\/wp-content\/uploads\/2022\/02\/SI5552.240_1_copertina.jpg","type":"image\/jpeg"}],"twitter_card":"summary_large_image","twitter_misc":{"Gesch\u00e4tzte Lesezeit":"1\u00a0Minute"},"schema":{"@context":"https:\/\/schema.org","@graph":[{"@type":"WebPage","@id":"https:\/\/www.stileitalianoocchiali.com\/de\/produkt\/si5552-240\/","url":"https:\/\/www.stileitalianoocchiali.com\/de\/produkt\/si5552-240\/","name":"SI5552.240 - stileItaliano beats for Kids!","isPartOf":{"@id":"https:\/\/www.stileitalianoocchiali.com\/de\/#website"},"datePublished":"2022-02-25T08:33:27+00:00","dateModified":"2025-02-14T14:50:14+00:00","description":"Ein altes Spiel, das immer noch von Kindern und Jugendlichen auf der ganzen Welt gespielt wird. Steine, die sich treffen, verbinden und vervollst\u00e4ndigen.","breadcrumb":{"@id":"https:\/\/www.stileitalianoocchiali.com\/de\/produkt\/si5552-240\/#breadcrumb"},"inLanguage":"de","potentialAction":[{"@type":"ReadAction","target":["https:\/\/www.stileitalianoocchiali.com\/de\/produkt\/si5552-240\/"]}]},{"@type":"BreadcrumbList","@id":"https:\/\/www.stileitalianoocchiali.com\/de\/produkt\/si5552-240\/#breadcrumb","itemListElement":[{"@type":"ListItem","position":1,"name":"Homepage","item":"https:\/\/www.stileitalianoocchiali.com\/de\/"},{"@type":"ListItem","position":2,"name":"Shop","item":"https:\/\/www.stileitalianoocchiali.com\/de\/shop-2\/"},{"@type":"ListItem","position":3,"name":"SI5552.240"}]},{"@type":"WebSite","@id":"https:\/\/www.stileitalianoocchiali.com\/de\/#website","url":"https:\/\/www.stileitalianoocchiali.com\/de\/","name":"stileItaliano beats for Kids!","description":"Big vision for Little eyes","publisher":{"@id":"https:\/\/www.stileitalianoocchiali.com\/de\/#organization"},"potentialAction":[{"@type":"SearchAction","target":{"@type":"EntryPoint","urlTemplate":"https:\/\/www.stileitalianoocchiali.com\/de\/?s={search_term_string}"},"query-input":"required name=search_term_string"}],"inLanguage":"de"},{"@type":"Organization","@id":"https:\/\/www.stileitalianoocchiali.com\/de\/#organization","name":"stileItaliano beats for Kids!","url":"https:\/\/www.stileitalianoocchiali.com\/de\/","logo":{"@type":"ImageObject","inLanguage":"de","@id":"https:\/\/www.stileitalianoocchiali.com\/de\/#\/schema\/logo\/image\/","url":"https:\/\/www.stileitalianoocchiali.com\/wp-content\/uploads\/2025\/07\/cropped-stileItaliano_logo_BEATSFORKIDS_teal-1.png","contentUrl":"https:\/\/www.stileitalianoocchiali.com\/wp-content\/uploads\/2025\/07\/cropped-stileItaliano_logo_BEATSFORKIDS_teal-1.png","width":5460,"height":1843,"caption":"stileItaliano beats for Kids!"},"image":{"@id":"https:\/\/www.stileitalianoocchiali.com\/de\/#\/schema\/logo\/image\/"}}]}},"_links":{"self":[{"href":"https:\/\/www.stileitalianoocchiali.com\/de\/wp-json\/wp\/v2\/product\/17934"}],"collection":[{"href":"https:\/\/www.stileitalianoocchiali.com\/de\/wp-json\/wp\/v2\/product"}],"about":[{"href":"https:\/\/www.stileitalianoocchiali.com\/de\/wp-json\/wp\/v2\/types\/product"}],"wp:featuredmedia":[{"embeddable":true,"href":"https:\/\/www.stileitalianoocchiali.com\/de\/wp-json\/wp\/v2\/media\/22882"}],"wp:attachment":[{"href":"https:\/\/www.stileitalianoocchiali.com\/de\/wp-json\/wp\/v2\/media?parent=17934"}],"wp:term":[{"taxonomy":"product_cat","embeddable":true,"href":"https:\/\/www.stileitalianoocchiali.com\/de\/wp-json\/wp\/v2\/product_cat?post=17934"},{"taxonomy":"product_tag","embeddable":true,"href":"https:\/\/www.stileitalianoocchiali.com\/de\/wp-json\/wp\/v2\/product_tag?post=17934"}],"curies":[{"name":"wp","href":"https:\/\/api.w.org\/{rel}","templated":true}]}}