{"id":18026,"date":"2022-03-02T12:02:05","date_gmt":"2022-03-02T11:02:06","guid":{"rendered":"https:\/\/www.stileitalianoocchiali.com\/?post_type=product&#038;p=18026"},"modified":"2025-02-19T10:14:41","modified_gmt":"2025-02-19T09:14:41","slug":"si8039-627","status":"publish","type":"product","link":"https:\/\/www.stileitalianoocchiali.com\/de\/produkt\/si8039-627\/","title":{"rendered":"SI8039.627"},"content":{"rendered":"<p>Es ist ein Augenblick, der ewig dauert. Ein Zauber, der auf unsere bedeutendsten Momente zur\u00fcckf\u00fchrt. Ricordo, eine immer wieder spannende Zeitreise. Eine komfortable und stark erzeugte Kollektion aus satiniertem und gl\u00e4nzendem <strong>Metall<\/strong> in den Farben Gold, Ros\u00e9, Silber und Ruthenium, kombiniert mit speziellen farbigen und widerstandsf\u00e4higen Lacken f\u00fcr einen einzigartigen Effekt. Und auf den Komfort nicht zu verzichten, bietet diese Linie tats\u00e4chlich einen neuen, noch widerstandsf\u00e4higeren B\u00fcgel mit Acetatsenden in einer Reihe und Mischung aus Transparenzen, Havanna-Farben und H\u00f6rnern. Ricordo, eine Fassungskollektion, die perfekt zu jedem Gesicht passt.<\/p>\n","protected":false},"excerpt":{"rendered":"<p>Es ist ein Augenblick, der ewig dauert. Ein Zauber, der auf unsere bedeutendsten Momente zur\u00fcckf\u00fchrt. Ricordo, eine immer wieder spannende Zeitreise. Eine komfortable und stark erzeugte Kollektion aus satiniertem und gl\u00e4nzendem Metall in den Farben Gold, Ros\u00e9, Silber und Ruthenium, kombiniert mit speziellen farbigen und widerstandsf\u00e4higen Lacken f\u00fcr einen einzigartigen Effekt. Und auf den Komfort [&hellip;]<\/p>\n","protected":false},"featured_media":25257,"template":"","meta":{"inline_featured_image":false},"product_cat":[664,5947],"product_tag":[],"acf":[],"yoast_head":"<!-- This site is optimized with the Yoast SEO plugin v21.3 - https:\/\/yoast.com\/wordpress\/plugins\/seo\/ -->\n<title>SI8039.627 - stileItaliano beats for Kids!<\/title>\n<meta name=\"description\" content=\"Ricordo, ein Augenblick, der ewig dauert. Ein Zauber, der auf unsere bedeutendsten Momente zur\u00fcckf\u00fchrt. Ricordo, eine immer wieder spannende Zeitreise.\" \/>\n<meta name=\"robots\" content=\"index, follow, max-snippet:-1, max-image-preview:large, max-video-preview:-1\" \/>\n<link rel=\"canonical\" href=\"https:\/\/www.stileitalianoocchiali.com\/de\/produkt\/si8039-627\/\" \/>\n<meta property=\"og:locale\" content=\"de_DE\" \/>\n<meta property=\"og:type\" content=\"article\" \/>\n<meta property=\"og:title\" content=\"SI8039.627 - stileItaliano beats for Kids!\" \/>\n<meta property=\"og:description\" content=\"Ricordo, ein Augenblick, der ewig dauert. Ein Zauber, der auf unsere bedeutendsten Momente zur\u00fcckf\u00fchrt. Ricordo, eine immer wieder spannende Zeitreise.\" \/>\n<meta property=\"og:url\" content=\"https:\/\/www.stileitalianoocchiali.com\/de\/produkt\/si8039-627\/\" \/>\n<meta property=\"og:site_name\" content=\"stileItaliano beats for Kids!\" \/>\n<meta property=\"article:modified_time\" content=\"2025-02-19T09:14:41+00:00\" \/>\n<meta property=\"og:image\" content=\"https:\/\/www.stileitalianoocchiali.com\/wp-content\/uploads\/2022\/03\/360_SI8039.627_1_copertina.jpg\" \/>\n\t<meta property=\"og:image:width\" content=\"2400\" \/>\n\t<meta property=\"og:image:height\" content=\"1800\" \/>\n\t<meta property=\"og:image:type\" content=\"image\/jpeg\" \/>\n<meta name=\"twitter:card\" content=\"summary_large_image\" \/>\n<meta name=\"twitter:label1\" content=\"Gesch\u00e4tzte Lesezeit\" \/>\n\t<meta name=\"twitter:data1\" content=\"1\u00a0Minute\" \/>\n<script type=\"application\/ld+json\" class=\"yoast-schema-graph\">{\"@context\":\"https:\/\/schema.org\",\"@graph\":[{\"@type\":\"WebPage\",\"@id\":\"https:\/\/www.stileitalianoocchiali.com\/de\/produkt\/si8039-627\/\",\"url\":\"https:\/\/www.stileitalianoocchiali.com\/de\/produkt\/si8039-627\/\",\"name\":\"SI8039.627 - stileItaliano beats for Kids!\",\"isPartOf\":{\"@id\":\"https:\/\/www.stileitalianoocchiali.com\/de\/#website\"},\"datePublished\":\"2022-03-02T11:02:06+00:00\",\"dateModified\":\"2025-02-19T09:14:41+00:00\",\"description\":\"Ricordo, ein Augenblick, der ewig dauert. Ein Zauber, der auf unsere bedeutendsten Momente zur\u00fcckf\u00fchrt. Ricordo, eine immer wieder spannende Zeitreise.\",\"breadcrumb\":{\"@id\":\"https:\/\/www.stileitalianoocchiali.com\/de\/produkt\/si8039-627\/#breadcrumb\"},\"inLanguage\":\"de\",\"potentialAction\":[{\"@type\":\"ReadAction\",\"target\":[\"https:\/\/www.stileitalianoocchiali.com\/de\/produkt\/si8039-627\/\"]}]},{\"@type\":\"BreadcrumbList\",\"@id\":\"https:\/\/www.stileitalianoocchiali.com\/de\/produkt\/si8039-627\/#breadcrumb\",\"itemListElement\":[{\"@type\":\"ListItem\",\"position\":1,\"name\":\"Homepage\",\"item\":\"https:\/\/www.stileitalianoocchiali.com\/de\/\"},{\"@type\":\"ListItem\",\"position\":2,\"name\":\"Shop\",\"item\":\"https:\/\/www.stileitalianoocchiali.com\/de\/shop-2\/\"},{\"@type\":\"ListItem\",\"position\":3,\"name\":\"SI8039.627\"}]},{\"@type\":\"WebSite\",\"@id\":\"https:\/\/www.stileitalianoocchiali.com\/de\/#website\",\"url\":\"https:\/\/www.stileitalianoocchiali.com\/de\/\",\"name\":\"stileItaliano beats for Kids!\",\"description\":\"Big vision for Little eyes\",\"publisher\":{\"@id\":\"https:\/\/www.stileitalianoocchiali.com\/de\/#organization\"},\"potentialAction\":[{\"@type\":\"SearchAction\",\"target\":{\"@type\":\"EntryPoint\",\"urlTemplate\":\"https:\/\/www.stileitalianoocchiali.com\/de\/?s={search_term_string}\"},\"query-input\":\"required name=search_term_string\"}],\"inLanguage\":\"de\"},{\"@type\":\"Organization\",\"@id\":\"https:\/\/www.stileitalianoocchiali.com\/de\/#organization\",\"name\":\"stileItaliano beats for Kids!\",\"url\":\"https:\/\/www.stileitalianoocchiali.com\/de\/\",\"logo\":{\"@type\":\"ImageObject\",\"inLanguage\":\"de\",\"@id\":\"https:\/\/www.stileitalianoocchiali.com\/de\/#\/schema\/logo\/image\/\",\"url\":\"https:\/\/www.stileitalianoocchiali.com\/wp-content\/uploads\/2025\/07\/cropped-stileItaliano_logo_BEATSFORKIDS_teal-1.png\",\"contentUrl\":\"https:\/\/www.stileitalianoocchiali.com\/wp-content\/uploads\/2025\/07\/cropped-stileItaliano_logo_BEATSFORKIDS_teal-1.png\",\"width\":5460,\"height\":1843,\"caption\":\"stileItaliano beats for Kids!\"},\"image\":{\"@id\":\"https:\/\/www.stileitalianoocchiali.com\/de\/#\/schema\/logo\/image\/\"}}]}<\/script>\n<!-- \/ Yoast SEO plugin. -->","yoast_head_json":{"title":"SI8039.627 - stileItaliano beats for Kids!","description":"Ricordo, ein Augenblick, der ewig dauert. Ein Zauber, der auf unsere bedeutendsten Momente zur\u00fcckf\u00fchrt. Ricordo, eine immer wieder spannende Zeitreise.","robots":{"index":"index","follow":"follow","max-snippet":"max-snippet:-1","max-image-preview":"max-image-preview:large","max-video-preview":"max-video-preview:-1"},"canonical":"https:\/\/www.stileitalianoocchiali.com\/de\/produkt\/si8039-627\/","og_locale":"de_DE","og_type":"article","og_title":"SI8039.627 - stileItaliano beats for Kids!","og_description":"Ricordo, ein Augenblick, der ewig dauert. Ein Zauber, der auf unsere bedeutendsten Momente zur\u00fcckf\u00fchrt. Ricordo, eine immer wieder spannende Zeitreise.","og_url":"https:\/\/www.stileitalianoocchiali.com\/de\/produkt\/si8039-627\/","og_site_name":"stileItaliano beats for Kids!","article_modified_time":"2025-02-19T09:14:41+00:00","og_image":[{"width":2400,"height":1800,"url":"https:\/\/www.stileitalianoocchiali.com\/wp-content\/uploads\/2022\/03\/360_SI8039.627_1_copertina.jpg","type":"image\/jpeg"}],"twitter_card":"summary_large_image","twitter_misc":{"Gesch\u00e4tzte Lesezeit":"1\u00a0Minute"},"schema":{"@context":"https:\/\/schema.org","@graph":[{"@type":"WebPage","@id":"https:\/\/www.stileitalianoocchiali.com\/de\/produkt\/si8039-627\/","url":"https:\/\/www.stileitalianoocchiali.com\/de\/produkt\/si8039-627\/","name":"SI8039.627 - stileItaliano beats for Kids!","isPartOf":{"@id":"https:\/\/www.stileitalianoocchiali.com\/de\/#website"},"datePublished":"2022-03-02T11:02:06+00:00","dateModified":"2025-02-19T09:14:41+00:00","description":"Ricordo, ein Augenblick, der ewig dauert. Ein Zauber, der auf unsere bedeutendsten Momente zur\u00fcckf\u00fchrt. Ricordo, eine immer wieder spannende Zeitreise.","breadcrumb":{"@id":"https:\/\/www.stileitalianoocchiali.com\/de\/produkt\/si8039-627\/#breadcrumb"},"inLanguage":"de","potentialAction":[{"@type":"ReadAction","target":["https:\/\/www.stileitalianoocchiali.com\/de\/produkt\/si8039-627\/"]}]},{"@type":"BreadcrumbList","@id":"https:\/\/www.stileitalianoocchiali.com\/de\/produkt\/si8039-627\/#breadcrumb","itemListElement":[{"@type":"ListItem","position":1,"name":"Homepage","item":"https:\/\/www.stileitalianoocchiali.com\/de\/"},{"@type":"ListItem","position":2,"name":"Shop","item":"https:\/\/www.stileitalianoocchiali.com\/de\/shop-2\/"},{"@type":"ListItem","position":3,"name":"SI8039.627"}]},{"@type":"WebSite","@id":"https:\/\/www.stileitalianoocchiali.com\/de\/#website","url":"https:\/\/www.stileitalianoocchiali.com\/de\/","name":"stileItaliano beats for Kids!","description":"Big vision for Little eyes","publisher":{"@id":"https:\/\/www.stileitalianoocchiali.com\/de\/#organization"},"potentialAction":[{"@type":"SearchAction","target":{"@type":"EntryPoint","urlTemplate":"https:\/\/www.stileitalianoocchiali.com\/de\/?s={search_term_string}"},"query-input":"required name=search_term_string"}],"inLanguage":"de"},{"@type":"Organization","@id":"https:\/\/www.stileitalianoocchiali.com\/de\/#organization","name":"stileItaliano beats for Kids!","url":"https:\/\/www.stileitalianoocchiali.com\/de\/","logo":{"@type":"ImageObject","inLanguage":"de","@id":"https:\/\/www.stileitalianoocchiali.com\/de\/#\/schema\/logo\/image\/","url":"https:\/\/www.stileitalianoocchiali.com\/wp-content\/uploads\/2025\/07\/cropped-stileItaliano_logo_BEATSFORKIDS_teal-1.png","contentUrl":"https:\/\/www.stileitalianoocchiali.com\/wp-content\/uploads\/2025\/07\/cropped-stileItaliano_logo_BEATSFORKIDS_teal-1.png","width":5460,"height":1843,"caption":"stileItaliano beats for Kids!"},"image":{"@id":"https:\/\/www.stileitalianoocchiali.com\/de\/#\/schema\/logo\/image\/"}}]}},"_links":{"self":[{"href":"https:\/\/www.stileitalianoocchiali.com\/de\/wp-json\/wp\/v2\/product\/18026"}],"collection":[{"href":"https:\/\/www.stileitalianoocchiali.com\/de\/wp-json\/wp\/v2\/product"}],"about":[{"href":"https:\/\/www.stileitalianoocchiali.com\/de\/wp-json\/wp\/v2\/types\/product"}],"wp:featuredmedia":[{"embeddable":true,"href":"https:\/\/www.stileitalianoocchiali.com\/de\/wp-json\/wp\/v2\/media\/25257"}],"wp:attachment":[{"href":"https:\/\/www.stileitalianoocchiali.com\/de\/wp-json\/wp\/v2\/media?parent=18026"}],"wp:term":[{"taxonomy":"product_cat","embeddable":true,"href":"https:\/\/www.stileitalianoocchiali.com\/de\/wp-json\/wp\/v2\/product_cat?post=18026"},{"taxonomy":"product_tag","embeddable":true,"href":"https:\/\/www.stileitalianoocchiali.com\/de\/wp-json\/wp\/v2\/product_tag?post=18026"}],"curies":[{"name":"wp","href":"https:\/\/api.w.org\/{rel}","templated":true}]}}