{"id":20581,"date":"2023-02-01T12:44:33","date_gmt":"2023-02-01T11:44:35","guid":{"rendered":"https:\/\/www.stileitalianoocchiali.com\/?post_type=product&#038;p=20581"},"modified":"2025-02-17T14:25:45","modified_gmt":"2025-02-17T13:25:45","slug":"si6515-556","status":"publish","type":"product","link":"https:\/\/www.stileitalianoocchiali.com\/de\/produkt\/si6515-556\/","title":{"rendered":"SI6515.556"},"content":{"rendered":"<p>Andrea ist eine rechteckige Passepartout-Kollektion, die auf jedes Gesicht passt. F\u00fcr ihn und f\u00fcr sie. Diese Linie \u00fcberrascht mit ihren erstaunlich sauberen Farben, die sorgf\u00e4ltig mit einem hochwertigen hypoallergenen Gold-, Ros\u00e9gold- und Silbermetall kombiniert werden. Diese Fassung hat solide B\u00fcgel und Acetat-Enden f\u00fcr mehr Komfort beim Tragen. Ein einteiliges Scharnier, das an 3 Seiten verschwei\u00dft ist, macht diese Brille langlebig und geeignet f\u00fcr diejenigen, die ihr Leben in vollen Z\u00fcgen genie\u00dfen.<\/p>\n","protected":false},"excerpt":{"rendered":"<p>Andrea ist eine rechteckige Passepartout-Kollektion, die auf jedes Gesicht passt. F\u00fcr ihn und f\u00fcr sie. Diese Linie \u00fcberrascht mit ihren erstaunlich sauberen Farben, die sorgf\u00e4ltig mit einem hochwertigen hypoallergenen Gold-, Ros\u00e9gold- und Silbermetall kombiniert werden. Diese Fassung hat solide B\u00fcgel und Acetat-Enden f\u00fcr mehr Komfort beim Tragen. Ein einteiliges Scharnier, das an 3 Seiten verschwei\u00dft [&hellip;]<\/p>\n","protected":false},"featured_media":24515,"template":"","meta":{"inline_featured_image":false},"product_cat":[664,6238],"product_tag":[],"acf":[],"yoast_head":"<!-- This site is optimized with the Yoast SEO plugin v21.3 - https:\/\/yoast.com\/wordpress\/plugins\/seo\/ -->\n<title>SI6515.556 - stileItaliano beats for Kids!<\/title>\n<meta name=\"description\" content=\"Andrea, eine rechteckige Passepartout-Kollektion. Diese Linie \u00fcberrascht mit ihren erstaunlich Farben, die mit einem hypoallergenen Metall kombiniert werden\" \/>\n<meta name=\"robots\" content=\"index, follow, max-snippet:-1, max-image-preview:large, max-video-preview:-1\" \/>\n<link rel=\"canonical\" href=\"https:\/\/www.stileitalianoocchiali.com\/de\/produkt\/si6515-556\/\" \/>\n<meta property=\"og:locale\" content=\"de_DE\" \/>\n<meta property=\"og:type\" content=\"article\" \/>\n<meta property=\"og:title\" content=\"SI6515.556 - stileItaliano beats for Kids!\" \/>\n<meta property=\"og:description\" content=\"Andrea, eine rechteckige Passepartout-Kollektion. Diese Linie \u00fcberrascht mit ihren erstaunlich Farben, die mit einem hypoallergenen Metall kombiniert werden\" \/>\n<meta property=\"og:url\" content=\"https:\/\/www.stileitalianoocchiali.com\/de\/produkt\/si6515-556\/\" \/>\n<meta property=\"og:site_name\" content=\"stileItaliano beats for Kids!\" \/>\n<meta property=\"article:modified_time\" content=\"2025-02-17T13:25:45+00:00\" \/>\n<meta property=\"og:image\" content=\"https:\/\/www.stileitalianoocchiali.com\/wp-content\/uploads\/2023\/02\/360_SI6515.556_1_copertina.jpg\" \/>\n\t<meta property=\"og:image:width\" content=\"2400\" \/>\n\t<meta property=\"og:image:height\" content=\"1800\" \/>\n\t<meta property=\"og:image:type\" content=\"image\/jpeg\" \/>\n<meta name=\"twitter:card\" content=\"summary_large_image\" \/>\n<meta name=\"twitter:label1\" content=\"Gesch\u00e4tzte Lesezeit\" \/>\n\t<meta name=\"twitter:data1\" content=\"1\u00a0Minute\" \/>\n<script type=\"application\/ld+json\" class=\"yoast-schema-graph\">{\"@context\":\"https:\/\/schema.org\",\"@graph\":[{\"@type\":\"WebPage\",\"@id\":\"https:\/\/www.stileitalianoocchiali.com\/de\/produkt\/si6515-556\/\",\"url\":\"https:\/\/www.stileitalianoocchiali.com\/de\/produkt\/si6515-556\/\",\"name\":\"SI6515.556 - stileItaliano beats for Kids!\",\"isPartOf\":{\"@id\":\"https:\/\/www.stileitalianoocchiali.com\/de\/#website\"},\"datePublished\":\"2023-02-01T11:44:35+00:00\",\"dateModified\":\"2025-02-17T13:25:45+00:00\",\"description\":\"Andrea, eine rechteckige Passepartout-Kollektion. Diese Linie \u00fcberrascht mit ihren erstaunlich Farben, die mit einem hypoallergenen Metall kombiniert werden\",\"breadcrumb\":{\"@id\":\"https:\/\/www.stileitalianoocchiali.com\/de\/produkt\/si6515-556\/#breadcrumb\"},\"inLanguage\":\"de\",\"potentialAction\":[{\"@type\":\"ReadAction\",\"target\":[\"https:\/\/www.stileitalianoocchiali.com\/de\/produkt\/si6515-556\/\"]}]},{\"@type\":\"BreadcrumbList\",\"@id\":\"https:\/\/www.stileitalianoocchiali.com\/de\/produkt\/si6515-556\/#breadcrumb\",\"itemListElement\":[{\"@type\":\"ListItem\",\"position\":1,\"name\":\"Homepage\",\"item\":\"https:\/\/www.stileitalianoocchiali.com\/de\/\"},{\"@type\":\"ListItem\",\"position\":2,\"name\":\"Shop\",\"item\":\"https:\/\/www.stileitalianoocchiali.com\/de\/shop-2\/\"},{\"@type\":\"ListItem\",\"position\":3,\"name\":\"SI6515.556\"}]},{\"@type\":\"WebSite\",\"@id\":\"https:\/\/www.stileitalianoocchiali.com\/de\/#website\",\"url\":\"https:\/\/www.stileitalianoocchiali.com\/de\/\",\"name\":\"stileItaliano beats for Kids!\",\"description\":\"Big vision for Little eyes\",\"publisher\":{\"@id\":\"https:\/\/www.stileitalianoocchiali.com\/de\/#organization\"},\"potentialAction\":[{\"@type\":\"SearchAction\",\"target\":{\"@type\":\"EntryPoint\",\"urlTemplate\":\"https:\/\/www.stileitalianoocchiali.com\/de\/?s={search_term_string}\"},\"query-input\":\"required name=search_term_string\"}],\"inLanguage\":\"de\"},{\"@type\":\"Organization\",\"@id\":\"https:\/\/www.stileitalianoocchiali.com\/de\/#organization\",\"name\":\"stileItaliano beats for Kids!\",\"url\":\"https:\/\/www.stileitalianoocchiali.com\/de\/\",\"logo\":{\"@type\":\"ImageObject\",\"inLanguage\":\"de\",\"@id\":\"https:\/\/www.stileitalianoocchiali.com\/de\/#\/schema\/logo\/image\/\",\"url\":\"https:\/\/www.stileitalianoocchiali.com\/wp-content\/uploads\/2025\/07\/cropped-stileItaliano_logo_BEATSFORKIDS_teal-1.png\",\"contentUrl\":\"https:\/\/www.stileitalianoocchiali.com\/wp-content\/uploads\/2025\/07\/cropped-stileItaliano_logo_BEATSFORKIDS_teal-1.png\",\"width\":5460,\"height\":1843,\"caption\":\"stileItaliano beats for Kids!\"},\"image\":{\"@id\":\"https:\/\/www.stileitalianoocchiali.com\/de\/#\/schema\/logo\/image\/\"}}]}<\/script>\n<!-- \/ Yoast SEO plugin. -->","yoast_head_json":{"title":"SI6515.556 - stileItaliano beats for Kids!","description":"Andrea, eine rechteckige Passepartout-Kollektion. Diese Linie \u00fcberrascht mit ihren erstaunlich Farben, die mit einem hypoallergenen Metall kombiniert werden","robots":{"index":"index","follow":"follow","max-snippet":"max-snippet:-1","max-image-preview":"max-image-preview:large","max-video-preview":"max-video-preview:-1"},"canonical":"https:\/\/www.stileitalianoocchiali.com\/de\/produkt\/si6515-556\/","og_locale":"de_DE","og_type":"article","og_title":"SI6515.556 - stileItaliano beats for Kids!","og_description":"Andrea, eine rechteckige Passepartout-Kollektion. Diese Linie \u00fcberrascht mit ihren erstaunlich Farben, die mit einem hypoallergenen Metall kombiniert werden","og_url":"https:\/\/www.stileitalianoocchiali.com\/de\/produkt\/si6515-556\/","og_site_name":"stileItaliano beats for Kids!","article_modified_time":"2025-02-17T13:25:45+00:00","og_image":[{"width":2400,"height":1800,"url":"https:\/\/www.stileitalianoocchiali.com\/wp-content\/uploads\/2023\/02\/360_SI6515.556_1_copertina.jpg","type":"image\/jpeg"}],"twitter_card":"summary_large_image","twitter_misc":{"Gesch\u00e4tzte Lesezeit":"1\u00a0Minute"},"schema":{"@context":"https:\/\/schema.org","@graph":[{"@type":"WebPage","@id":"https:\/\/www.stileitalianoocchiali.com\/de\/produkt\/si6515-556\/","url":"https:\/\/www.stileitalianoocchiali.com\/de\/produkt\/si6515-556\/","name":"SI6515.556 - stileItaliano beats for Kids!","isPartOf":{"@id":"https:\/\/www.stileitalianoocchiali.com\/de\/#website"},"datePublished":"2023-02-01T11:44:35+00:00","dateModified":"2025-02-17T13:25:45+00:00","description":"Andrea, eine rechteckige Passepartout-Kollektion. Diese Linie \u00fcberrascht mit ihren erstaunlich Farben, die mit einem hypoallergenen Metall kombiniert werden","breadcrumb":{"@id":"https:\/\/www.stileitalianoocchiali.com\/de\/produkt\/si6515-556\/#breadcrumb"},"inLanguage":"de","potentialAction":[{"@type":"ReadAction","target":["https:\/\/www.stileitalianoocchiali.com\/de\/produkt\/si6515-556\/"]}]},{"@type":"BreadcrumbList","@id":"https:\/\/www.stileitalianoocchiali.com\/de\/produkt\/si6515-556\/#breadcrumb","itemListElement":[{"@type":"ListItem","position":1,"name":"Homepage","item":"https:\/\/www.stileitalianoocchiali.com\/de\/"},{"@type":"ListItem","position":2,"name":"Shop","item":"https:\/\/www.stileitalianoocchiali.com\/de\/shop-2\/"},{"@type":"ListItem","position":3,"name":"SI6515.556"}]},{"@type":"WebSite","@id":"https:\/\/www.stileitalianoocchiali.com\/de\/#website","url":"https:\/\/www.stileitalianoocchiali.com\/de\/","name":"stileItaliano beats for Kids!","description":"Big vision for Little eyes","publisher":{"@id":"https:\/\/www.stileitalianoocchiali.com\/de\/#organization"},"potentialAction":[{"@type":"SearchAction","target":{"@type":"EntryPoint","urlTemplate":"https:\/\/www.stileitalianoocchiali.com\/de\/?s={search_term_string}"},"query-input":"required name=search_term_string"}],"inLanguage":"de"},{"@type":"Organization","@id":"https:\/\/www.stileitalianoocchiali.com\/de\/#organization","name":"stileItaliano beats for Kids!","url":"https:\/\/www.stileitalianoocchiali.com\/de\/","logo":{"@type":"ImageObject","inLanguage":"de","@id":"https:\/\/www.stileitalianoocchiali.com\/de\/#\/schema\/logo\/image\/","url":"https:\/\/www.stileitalianoocchiali.com\/wp-content\/uploads\/2025\/07\/cropped-stileItaliano_logo_BEATSFORKIDS_teal-1.png","contentUrl":"https:\/\/www.stileitalianoocchiali.com\/wp-content\/uploads\/2025\/07\/cropped-stileItaliano_logo_BEATSFORKIDS_teal-1.png","width":5460,"height":1843,"caption":"stileItaliano beats for Kids!"},"image":{"@id":"https:\/\/www.stileitalianoocchiali.com\/de\/#\/schema\/logo\/image\/"}}]}},"_links":{"self":[{"href":"https:\/\/www.stileitalianoocchiali.com\/de\/wp-json\/wp\/v2\/product\/20581"}],"collection":[{"href":"https:\/\/www.stileitalianoocchiali.com\/de\/wp-json\/wp\/v2\/product"}],"about":[{"href":"https:\/\/www.stileitalianoocchiali.com\/de\/wp-json\/wp\/v2\/types\/product"}],"wp:featuredmedia":[{"embeddable":true,"href":"https:\/\/www.stileitalianoocchiali.com\/de\/wp-json\/wp\/v2\/media\/24515"}],"wp:attachment":[{"href":"https:\/\/www.stileitalianoocchiali.com\/de\/wp-json\/wp\/v2\/media?parent=20581"}],"wp:term":[{"taxonomy":"product_cat","embeddable":true,"href":"https:\/\/www.stileitalianoocchiali.com\/de\/wp-json\/wp\/v2\/product_cat?post=20581"},{"taxonomy":"product_tag","embeddable":true,"href":"https:\/\/www.stileitalianoocchiali.com\/de\/wp-json\/wp\/v2\/product_tag?post=20581"}],"curies":[{"name":"wp","href":"https:\/\/api.w.org\/{rel}","templated":true}]}}