{"id":21325,"date":"2023-02-22T10:58:46","date_gmt":"2023-02-22T09:58:47","guid":{"rendered":"https:\/\/www.stileitalianoocchiali.com\/?post_type=product&#038;p=21325"},"modified":"2025-02-19T10:00:03","modified_gmt":"2025-02-19T09:00:03","slug":"si7039-268","status":"publish","type":"product","link":"https:\/\/www.stileitalianoocchiali.com\/de\/produkt\/si7039-268\/","title":{"rendered":"SI7039.268"},"content":{"rendered":"<p>Emma hat eine gro\u00dfe und rechteckige Form mit weichen Ecken und Farben, die das Gesicht umrahmen und den Blick erw\u00e4rmen. Die d\u00fcnnen B\u00fcgel werden von einem soliden, vernieteten Scharnier getragen. Eine klassische und sanfte Linie findet ihren bedeutungsvollsten Ausdruck in bestem italienischem Acetat, das von erfahrenen und detailverliebten H\u00e4nden bearbeitet und einzigartig gemacht wird. Aber hier ist das wichtigste Detail das Gesicht, das die Hauptrolle spielt, indem es den Raum erhellt.<\/p>\n","protected":false},"excerpt":{"rendered":"<p>Emma hat eine gro\u00dfe und rechteckige Form mit weichen Ecken und Farben, die das Gesicht umrahmen und den Blick erw\u00e4rmen. Die d\u00fcnnen B\u00fcgel werden von einem soliden, vernieteten Scharnier getragen. Eine klassische und sanfte Linie findet ihren bedeutungsvollsten Ausdruck in bestem italienischem Acetat, das von erfahrenen und detailverliebten H\u00e4nden bearbeitet und einzigartig gemacht wird. Aber [&hellip;]<\/p>\n","protected":false},"featured_media":23497,"template":"","meta":{"inline_featured_image":false},"product_cat":[664,6268],"product_tag":[],"acf":[],"yoast_head":"<!-- This site is optimized with the Yoast SEO plugin v21.3 - https:\/\/yoast.com\/wordpress\/plugins\/seo\/ -->\n<title>SI7039.268 - stileItaliano beats for Kids!<\/title>\n<meta name=\"description\" content=\"Emma, findet ihren bedeutungsvollsten Ausdruck in bestem italienischem Acetat, das von erfahrenen und detailverliebten H\u00e4nden bearbeitet gemacht wird.\" \/>\n<meta name=\"robots\" content=\"index, follow, max-snippet:-1, max-image-preview:large, max-video-preview:-1\" \/>\n<link rel=\"canonical\" href=\"https:\/\/www.stileitalianoocchiali.com\/de\/produkt\/si7039-268\/\" \/>\n<meta property=\"og:locale\" content=\"de_DE\" \/>\n<meta property=\"og:type\" content=\"article\" \/>\n<meta property=\"og:title\" content=\"SI7039.268 - stileItaliano beats for Kids!\" \/>\n<meta property=\"og:description\" content=\"Emma, findet ihren bedeutungsvollsten Ausdruck in bestem italienischem Acetat, das von erfahrenen und detailverliebten H\u00e4nden bearbeitet gemacht wird.\" \/>\n<meta property=\"og:url\" content=\"https:\/\/www.stileitalianoocchiali.com\/de\/produkt\/si7039-268\/\" \/>\n<meta property=\"og:site_name\" content=\"stileItaliano beats for Kids!\" \/>\n<meta property=\"article:modified_time\" content=\"2025-02-19T09:00:03+00:00\" \/>\n<meta property=\"og:image\" content=\"https:\/\/www.stileitalianoocchiali.com\/wp-content\/uploads\/2023\/05\/SI7039.268_1.jpg\" \/>\n\t<meta property=\"og:image:width\" content=\"2106\" \/>\n\t<meta property=\"og:image:height\" content=\"1404\" \/>\n\t<meta property=\"og:image:type\" content=\"image\/jpeg\" \/>\n<meta name=\"twitter:card\" content=\"summary_large_image\" \/>\n<meta name=\"twitter:label1\" content=\"Gesch\u00e4tzte Lesezeit\" \/>\n\t<meta name=\"twitter:data1\" content=\"1\u00a0Minute\" \/>\n<script type=\"application\/ld+json\" class=\"yoast-schema-graph\">{\"@context\":\"https:\/\/schema.org\",\"@graph\":[{\"@type\":\"WebPage\",\"@id\":\"https:\/\/www.stileitalianoocchiali.com\/de\/produkt\/si7039-268\/\",\"url\":\"https:\/\/www.stileitalianoocchiali.com\/de\/produkt\/si7039-268\/\",\"name\":\"SI7039.268 - stileItaliano beats for Kids!\",\"isPartOf\":{\"@id\":\"https:\/\/www.stileitalianoocchiali.com\/de\/#website\"},\"datePublished\":\"2023-02-22T09:58:47+00:00\",\"dateModified\":\"2025-02-19T09:00:03+00:00\",\"description\":\"Emma, findet ihren bedeutungsvollsten Ausdruck in bestem italienischem Acetat, das von erfahrenen und detailverliebten H\u00e4nden bearbeitet gemacht wird.\",\"breadcrumb\":{\"@id\":\"https:\/\/www.stileitalianoocchiali.com\/de\/produkt\/si7039-268\/#breadcrumb\"},\"inLanguage\":\"de\",\"potentialAction\":[{\"@type\":\"ReadAction\",\"target\":[\"https:\/\/www.stileitalianoocchiali.com\/de\/produkt\/si7039-268\/\"]}]},{\"@type\":\"BreadcrumbList\",\"@id\":\"https:\/\/www.stileitalianoocchiali.com\/de\/produkt\/si7039-268\/#breadcrumb\",\"itemListElement\":[{\"@type\":\"ListItem\",\"position\":1,\"name\":\"Homepage\",\"item\":\"https:\/\/www.stileitalianoocchiali.com\/de\/\"},{\"@type\":\"ListItem\",\"position\":2,\"name\":\"Shop\",\"item\":\"https:\/\/www.stileitalianoocchiali.com\/de\/shop-2\/\"},{\"@type\":\"ListItem\",\"position\":3,\"name\":\"SI7039.268\"}]},{\"@type\":\"WebSite\",\"@id\":\"https:\/\/www.stileitalianoocchiali.com\/de\/#website\",\"url\":\"https:\/\/www.stileitalianoocchiali.com\/de\/\",\"name\":\"stileItaliano beats for Kids!\",\"description\":\"Big vision for Little eyes\",\"publisher\":{\"@id\":\"https:\/\/www.stileitalianoocchiali.com\/de\/#organization\"},\"potentialAction\":[{\"@type\":\"SearchAction\",\"target\":{\"@type\":\"EntryPoint\",\"urlTemplate\":\"https:\/\/www.stileitalianoocchiali.com\/de\/?s={search_term_string}\"},\"query-input\":\"required name=search_term_string\"}],\"inLanguage\":\"de\"},{\"@type\":\"Organization\",\"@id\":\"https:\/\/www.stileitalianoocchiali.com\/de\/#organization\",\"name\":\"stileItaliano beats for Kids!\",\"url\":\"https:\/\/www.stileitalianoocchiali.com\/de\/\",\"logo\":{\"@type\":\"ImageObject\",\"inLanguage\":\"de\",\"@id\":\"https:\/\/www.stileitalianoocchiali.com\/de\/#\/schema\/logo\/image\/\",\"url\":\"https:\/\/www.stileitalianoocchiali.com\/wp-content\/uploads\/2025\/07\/cropped-stileItaliano_logo_BEATSFORKIDS_teal-1.png\",\"contentUrl\":\"https:\/\/www.stileitalianoocchiali.com\/wp-content\/uploads\/2025\/07\/cropped-stileItaliano_logo_BEATSFORKIDS_teal-1.png\",\"width\":5460,\"height\":1843,\"caption\":\"stileItaliano beats for Kids!\"},\"image\":{\"@id\":\"https:\/\/www.stileitalianoocchiali.com\/de\/#\/schema\/logo\/image\/\"}}]}<\/script>\n<!-- \/ Yoast SEO plugin. -->","yoast_head_json":{"title":"SI7039.268 - stileItaliano beats for Kids!","description":"Emma, findet ihren bedeutungsvollsten Ausdruck in bestem italienischem Acetat, das von erfahrenen und detailverliebten H\u00e4nden bearbeitet gemacht wird.","robots":{"index":"index","follow":"follow","max-snippet":"max-snippet:-1","max-image-preview":"max-image-preview:large","max-video-preview":"max-video-preview:-1"},"canonical":"https:\/\/www.stileitalianoocchiali.com\/de\/produkt\/si7039-268\/","og_locale":"de_DE","og_type":"article","og_title":"SI7039.268 - stileItaliano beats for Kids!","og_description":"Emma, findet ihren bedeutungsvollsten Ausdruck in bestem italienischem Acetat, das von erfahrenen und detailverliebten H\u00e4nden bearbeitet gemacht wird.","og_url":"https:\/\/www.stileitalianoocchiali.com\/de\/produkt\/si7039-268\/","og_site_name":"stileItaliano beats for Kids!","article_modified_time":"2025-02-19T09:00:03+00:00","og_image":[{"width":2106,"height":1404,"url":"https:\/\/www.stileitalianoocchiali.com\/wp-content\/uploads\/2023\/05\/SI7039.268_1.jpg","type":"image\/jpeg"}],"twitter_card":"summary_large_image","twitter_misc":{"Gesch\u00e4tzte Lesezeit":"1\u00a0Minute"},"schema":{"@context":"https:\/\/schema.org","@graph":[{"@type":"WebPage","@id":"https:\/\/www.stileitalianoocchiali.com\/de\/produkt\/si7039-268\/","url":"https:\/\/www.stileitalianoocchiali.com\/de\/produkt\/si7039-268\/","name":"SI7039.268 - stileItaliano beats for Kids!","isPartOf":{"@id":"https:\/\/www.stileitalianoocchiali.com\/de\/#website"},"datePublished":"2023-02-22T09:58:47+00:00","dateModified":"2025-02-19T09:00:03+00:00","description":"Emma, findet ihren bedeutungsvollsten Ausdruck in bestem italienischem Acetat, das von erfahrenen und detailverliebten H\u00e4nden bearbeitet gemacht wird.","breadcrumb":{"@id":"https:\/\/www.stileitalianoocchiali.com\/de\/produkt\/si7039-268\/#breadcrumb"},"inLanguage":"de","potentialAction":[{"@type":"ReadAction","target":["https:\/\/www.stileitalianoocchiali.com\/de\/produkt\/si7039-268\/"]}]},{"@type":"BreadcrumbList","@id":"https:\/\/www.stileitalianoocchiali.com\/de\/produkt\/si7039-268\/#breadcrumb","itemListElement":[{"@type":"ListItem","position":1,"name":"Homepage","item":"https:\/\/www.stileitalianoocchiali.com\/de\/"},{"@type":"ListItem","position":2,"name":"Shop","item":"https:\/\/www.stileitalianoocchiali.com\/de\/shop-2\/"},{"@type":"ListItem","position":3,"name":"SI7039.268"}]},{"@type":"WebSite","@id":"https:\/\/www.stileitalianoocchiali.com\/de\/#website","url":"https:\/\/www.stileitalianoocchiali.com\/de\/","name":"stileItaliano beats for Kids!","description":"Big vision for Little eyes","publisher":{"@id":"https:\/\/www.stileitalianoocchiali.com\/de\/#organization"},"potentialAction":[{"@type":"SearchAction","target":{"@type":"EntryPoint","urlTemplate":"https:\/\/www.stileitalianoocchiali.com\/de\/?s={search_term_string}"},"query-input":"required name=search_term_string"}],"inLanguage":"de"},{"@type":"Organization","@id":"https:\/\/www.stileitalianoocchiali.com\/de\/#organization","name":"stileItaliano beats for Kids!","url":"https:\/\/www.stileitalianoocchiali.com\/de\/","logo":{"@type":"ImageObject","inLanguage":"de","@id":"https:\/\/www.stileitalianoocchiali.com\/de\/#\/schema\/logo\/image\/","url":"https:\/\/www.stileitalianoocchiali.com\/wp-content\/uploads\/2025\/07\/cropped-stileItaliano_logo_BEATSFORKIDS_teal-1.png","contentUrl":"https:\/\/www.stileitalianoocchiali.com\/wp-content\/uploads\/2025\/07\/cropped-stileItaliano_logo_BEATSFORKIDS_teal-1.png","width":5460,"height":1843,"caption":"stileItaliano beats for Kids!"},"image":{"@id":"https:\/\/www.stileitalianoocchiali.com\/de\/#\/schema\/logo\/image\/"}}]}},"_links":{"self":[{"href":"https:\/\/www.stileitalianoocchiali.com\/de\/wp-json\/wp\/v2\/product\/21325"}],"collection":[{"href":"https:\/\/www.stileitalianoocchiali.com\/de\/wp-json\/wp\/v2\/product"}],"about":[{"href":"https:\/\/www.stileitalianoocchiali.com\/de\/wp-json\/wp\/v2\/types\/product"}],"wp:featuredmedia":[{"embeddable":true,"href":"https:\/\/www.stileitalianoocchiali.com\/de\/wp-json\/wp\/v2\/media\/23497"}],"wp:attachment":[{"href":"https:\/\/www.stileitalianoocchiali.com\/de\/wp-json\/wp\/v2\/media?parent=21325"}],"wp:term":[{"taxonomy":"product_cat","embeddable":true,"href":"https:\/\/www.stileitalianoocchiali.com\/de\/wp-json\/wp\/v2\/product_cat?post=21325"},{"taxonomy":"product_tag","embeddable":true,"href":"https:\/\/www.stileitalianoocchiali.com\/de\/wp-json\/wp\/v2\/product_tag?post=21325"}],"curies":[{"name":"wp","href":"https:\/\/api.w.org\/{rel}","templated":true}]}}