{"id":24740,"date":"2023-05-22T13:49:21","date_gmt":"2023-05-22T11:49:21","guid":{"rendered":"https:\/\/www.stileitalianoocchiali.com\/product\/si8041-637\/"},"modified":"2025-02-19T10:23:52","modified_gmt":"2025-02-19T09:23:52","slug":"si8041-637","status":"publish","type":"product","link":"https:\/\/www.stileitalianoocchiali.com\/de\/produkt\/si8041-637\/","title":{"rendered":"SI8041.637"},"content":{"rendered":"<p>Simo ist die Kollektion f\u00fcr Denker und Kreative\u2026 Eine klassische runde Fassung, mit matten Lacken in leuchtenden Farben angereichert, die zum B\u00fcgelende aus Acetat passen, und mit einer eleganten Zwinge verarbeiten. Ein sehr wichtiger Punkt ist die Verschwei\u00dfung des einteiligen Scharniers an drei Seiten f\u00fcr beispiellose Haltbarkeit und Stabilit\u00e4t.<\/p>\n","protected":false},"excerpt":{"rendered":"<p>Simo ist die Kollektion f\u00fcr Denker und Kreative\u2026 Eine klassische runde Fassung, mit matten Lacken in leuchtenden Farben angereichert, die zum B\u00fcgelende aus Acetat passen, und mit einer eleganten Zwinge verarbeiten. Ein sehr wichtiger Punkt ist die Verschwei\u00dfung des einteiligen Scharniers an drei Seiten f\u00fcr beispiellose Haltbarkeit und Stabilit\u00e4t.<\/p>\n","protected":false},"featured_media":25134,"template":"","meta":{"inline_featured_image":false},"product_cat":[664,6344],"product_tag":[],"acf":[],"yoast_head":"<!-- This site is optimized with the Yoast SEO plugin v21.3 - https:\/\/yoast.com\/wordpress\/plugins\/seo\/ -->\n<title>SI8041.637 - stileItaliano beats for Kids!<\/title>\n<meta name=\"description\" content=\"Eine klassische runde Fassung, mit matten Lacken in leuchtenden Farben angereichert, die zum B\u00fcgelende aus Acetat passen, und mit einer Zwinge verarbeiten\" \/>\n<meta name=\"robots\" content=\"index, follow, max-snippet:-1, max-image-preview:large, max-video-preview:-1\" \/>\n<link rel=\"canonical\" href=\"https:\/\/www.stileitalianoocchiali.com\/de\/produkt\/si8041-637\/\" \/>\n<meta property=\"og:locale\" content=\"de_DE\" \/>\n<meta property=\"og:type\" content=\"article\" \/>\n<meta property=\"og:title\" content=\"SI8041.637 - stileItaliano beats for Kids!\" \/>\n<meta property=\"og:description\" content=\"Eine klassische runde Fassung, mit matten Lacken in leuchtenden Farben angereichert, die zum B\u00fcgelende aus Acetat passen, und mit einer Zwinge verarbeiten\" \/>\n<meta property=\"og:url\" content=\"https:\/\/www.stileitalianoocchiali.com\/de\/produkt\/si8041-637\/\" \/>\n<meta property=\"og:site_name\" content=\"stileItaliano beats for Kids!\" \/>\n<meta property=\"article:modified_time\" content=\"2025-02-19T09:23:52+00:00\" \/>\n<meta property=\"og:image\" content=\"https:\/\/www.stileitalianoocchiali.com\/wp-content\/uploads\/2023\/05\/360_SI8041.637_1_copertina.jpg\" \/>\n\t<meta property=\"og:image:width\" content=\"2400\" \/>\n\t<meta property=\"og:image:height\" content=\"1800\" \/>\n\t<meta property=\"og:image:type\" content=\"image\/jpeg\" \/>\n<meta name=\"twitter:card\" content=\"summary_large_image\" \/>\n<meta name=\"twitter:label1\" content=\"Gesch\u00e4tzte Lesezeit\" \/>\n\t<meta name=\"twitter:data1\" content=\"1\u00a0Minute\" \/>\n<script type=\"application\/ld+json\" class=\"yoast-schema-graph\">{\"@context\":\"https:\/\/schema.org\",\"@graph\":[{\"@type\":\"WebPage\",\"@id\":\"https:\/\/www.stileitalianoocchiali.com\/de\/produkt\/si8041-637\/\",\"url\":\"https:\/\/www.stileitalianoocchiali.com\/de\/produkt\/si8041-637\/\",\"name\":\"SI8041.637 - stileItaliano beats for Kids!\",\"isPartOf\":{\"@id\":\"https:\/\/www.stileitalianoocchiali.com\/de\/#website\"},\"datePublished\":\"2023-05-22T11:49:21+00:00\",\"dateModified\":\"2025-02-19T09:23:52+00:00\",\"description\":\"Eine klassische runde Fassung, mit matten Lacken in leuchtenden Farben angereichert, die zum B\u00fcgelende aus Acetat passen, und mit einer Zwinge verarbeiten\",\"breadcrumb\":{\"@id\":\"https:\/\/www.stileitalianoocchiali.com\/de\/produkt\/si8041-637\/#breadcrumb\"},\"inLanguage\":\"de\",\"potentialAction\":[{\"@type\":\"ReadAction\",\"target\":[\"https:\/\/www.stileitalianoocchiali.com\/de\/produkt\/si8041-637\/\"]}]},{\"@type\":\"BreadcrumbList\",\"@id\":\"https:\/\/www.stileitalianoocchiali.com\/de\/produkt\/si8041-637\/#breadcrumb\",\"itemListElement\":[{\"@type\":\"ListItem\",\"position\":1,\"name\":\"Homepage\",\"item\":\"https:\/\/www.stileitalianoocchiali.com\/de\/\"},{\"@type\":\"ListItem\",\"position\":2,\"name\":\"Shop\",\"item\":\"https:\/\/www.stileitalianoocchiali.com\/de\/shop-2\/\"},{\"@type\":\"ListItem\",\"position\":3,\"name\":\"SI8041.637\"}]},{\"@type\":\"WebSite\",\"@id\":\"https:\/\/www.stileitalianoocchiali.com\/de\/#website\",\"url\":\"https:\/\/www.stileitalianoocchiali.com\/de\/\",\"name\":\"stileItaliano beats for Kids!\",\"description\":\"Big vision for Little eyes\",\"publisher\":{\"@id\":\"https:\/\/www.stileitalianoocchiali.com\/de\/#organization\"},\"potentialAction\":[{\"@type\":\"SearchAction\",\"target\":{\"@type\":\"EntryPoint\",\"urlTemplate\":\"https:\/\/www.stileitalianoocchiali.com\/de\/?s={search_term_string}\"},\"query-input\":\"required name=search_term_string\"}],\"inLanguage\":\"de\"},{\"@type\":\"Organization\",\"@id\":\"https:\/\/www.stileitalianoocchiali.com\/de\/#organization\",\"name\":\"stileItaliano beats for Kids!\",\"url\":\"https:\/\/www.stileitalianoocchiali.com\/de\/\",\"logo\":{\"@type\":\"ImageObject\",\"inLanguage\":\"de\",\"@id\":\"https:\/\/www.stileitalianoocchiali.com\/de\/#\/schema\/logo\/image\/\",\"url\":\"https:\/\/www.stileitalianoocchiali.com\/wp-content\/uploads\/2025\/07\/cropped-stileItaliano_logo_BEATSFORKIDS_teal-1.png\",\"contentUrl\":\"https:\/\/www.stileitalianoocchiali.com\/wp-content\/uploads\/2025\/07\/cropped-stileItaliano_logo_BEATSFORKIDS_teal-1.png\",\"width\":5460,\"height\":1843,\"caption\":\"stileItaliano beats for Kids!\"},\"image\":{\"@id\":\"https:\/\/www.stileitalianoocchiali.com\/de\/#\/schema\/logo\/image\/\"}}]}<\/script>\n<!-- \/ Yoast SEO plugin. -->","yoast_head_json":{"title":"SI8041.637 - stileItaliano beats for Kids!","description":"Eine klassische runde Fassung, mit matten Lacken in leuchtenden Farben angereichert, die zum B\u00fcgelende aus Acetat passen, und mit einer Zwinge verarbeiten","robots":{"index":"index","follow":"follow","max-snippet":"max-snippet:-1","max-image-preview":"max-image-preview:large","max-video-preview":"max-video-preview:-1"},"canonical":"https:\/\/www.stileitalianoocchiali.com\/de\/produkt\/si8041-637\/","og_locale":"de_DE","og_type":"article","og_title":"SI8041.637 - stileItaliano beats for Kids!","og_description":"Eine klassische runde Fassung, mit matten Lacken in leuchtenden Farben angereichert, die zum B\u00fcgelende aus Acetat passen, und mit einer Zwinge verarbeiten","og_url":"https:\/\/www.stileitalianoocchiali.com\/de\/produkt\/si8041-637\/","og_site_name":"stileItaliano beats for Kids!","article_modified_time":"2025-02-19T09:23:52+00:00","og_image":[{"width":2400,"height":1800,"url":"https:\/\/www.stileitalianoocchiali.com\/wp-content\/uploads\/2023\/05\/360_SI8041.637_1_copertina.jpg","type":"image\/jpeg"}],"twitter_card":"summary_large_image","twitter_misc":{"Gesch\u00e4tzte Lesezeit":"1\u00a0Minute"},"schema":{"@context":"https:\/\/schema.org","@graph":[{"@type":"WebPage","@id":"https:\/\/www.stileitalianoocchiali.com\/de\/produkt\/si8041-637\/","url":"https:\/\/www.stileitalianoocchiali.com\/de\/produkt\/si8041-637\/","name":"SI8041.637 - stileItaliano beats for Kids!","isPartOf":{"@id":"https:\/\/www.stileitalianoocchiali.com\/de\/#website"},"datePublished":"2023-05-22T11:49:21+00:00","dateModified":"2025-02-19T09:23:52+00:00","description":"Eine klassische runde Fassung, mit matten Lacken in leuchtenden Farben angereichert, die zum B\u00fcgelende aus Acetat passen, und mit einer Zwinge verarbeiten","breadcrumb":{"@id":"https:\/\/www.stileitalianoocchiali.com\/de\/produkt\/si8041-637\/#breadcrumb"},"inLanguage":"de","potentialAction":[{"@type":"ReadAction","target":["https:\/\/www.stileitalianoocchiali.com\/de\/produkt\/si8041-637\/"]}]},{"@type":"BreadcrumbList","@id":"https:\/\/www.stileitalianoocchiali.com\/de\/produkt\/si8041-637\/#breadcrumb","itemListElement":[{"@type":"ListItem","position":1,"name":"Homepage","item":"https:\/\/www.stileitalianoocchiali.com\/de\/"},{"@type":"ListItem","position":2,"name":"Shop","item":"https:\/\/www.stileitalianoocchiali.com\/de\/shop-2\/"},{"@type":"ListItem","position":3,"name":"SI8041.637"}]},{"@type":"WebSite","@id":"https:\/\/www.stileitalianoocchiali.com\/de\/#website","url":"https:\/\/www.stileitalianoocchiali.com\/de\/","name":"stileItaliano beats for Kids!","description":"Big vision for Little eyes","publisher":{"@id":"https:\/\/www.stileitalianoocchiali.com\/de\/#organization"},"potentialAction":[{"@type":"SearchAction","target":{"@type":"EntryPoint","urlTemplate":"https:\/\/www.stileitalianoocchiali.com\/de\/?s={search_term_string}"},"query-input":"required name=search_term_string"}],"inLanguage":"de"},{"@type":"Organization","@id":"https:\/\/www.stileitalianoocchiali.com\/de\/#organization","name":"stileItaliano beats for Kids!","url":"https:\/\/www.stileitalianoocchiali.com\/de\/","logo":{"@type":"ImageObject","inLanguage":"de","@id":"https:\/\/www.stileitalianoocchiali.com\/de\/#\/schema\/logo\/image\/","url":"https:\/\/www.stileitalianoocchiali.com\/wp-content\/uploads\/2025\/07\/cropped-stileItaliano_logo_BEATSFORKIDS_teal-1.png","contentUrl":"https:\/\/www.stileitalianoocchiali.com\/wp-content\/uploads\/2025\/07\/cropped-stileItaliano_logo_BEATSFORKIDS_teal-1.png","width":5460,"height":1843,"caption":"stileItaliano beats for Kids!"},"image":{"@id":"https:\/\/www.stileitalianoocchiali.com\/de\/#\/schema\/logo\/image\/"}}]}},"_links":{"self":[{"href":"https:\/\/www.stileitalianoocchiali.com\/de\/wp-json\/wp\/v2\/product\/24740"}],"collection":[{"href":"https:\/\/www.stileitalianoocchiali.com\/de\/wp-json\/wp\/v2\/product"}],"about":[{"href":"https:\/\/www.stileitalianoocchiali.com\/de\/wp-json\/wp\/v2\/types\/product"}],"wp:featuredmedia":[{"embeddable":true,"href":"https:\/\/www.stileitalianoocchiali.com\/de\/wp-json\/wp\/v2\/media\/25134"}],"wp:attachment":[{"href":"https:\/\/www.stileitalianoocchiali.com\/de\/wp-json\/wp\/v2\/media?parent=24740"}],"wp:term":[{"taxonomy":"product_cat","embeddable":true,"href":"https:\/\/www.stileitalianoocchiali.com\/de\/wp-json\/wp\/v2\/product_cat?post=24740"},{"taxonomy":"product_tag","embeddable":true,"href":"https:\/\/www.stileitalianoocchiali.com\/de\/wp-json\/wp\/v2\/product_tag?post=24740"}],"curies":[{"name":"wp","href":"https:\/\/api.w.org\/{rel}","templated":true}]}}