{"id":26815,"date":"2023-07-21T12:29:57","date_gmt":"2023-07-21T10:29:57","guid":{"rendered":"https:\/\/www.stileitalianoocchiali.com\/?post_type=product&#038;p=26815"},"modified":"2025-02-14T16:11:38","modified_gmt":"2025-02-14T15:11:38","slug":"si5558-285","status":"publish","type":"product","link":"https:\/\/www.stileitalianoocchiali.com\/de\/produkt\/si5558-285\/","title":{"rendered":"SI5558.285"},"content":{"rendered":"<p>Aus der Form ausbrechen, um neue zu schaffen, ist die erste Botschaft, die der Tr\u00e4ger dieser Fassung aussendet. Matteo ist eine kantige und kr\u00e4ftige Jugendbrille, die sich beobachten l\u00e4sst und eine rebellische Natur offenbart, mit gl\u00e4nzenden und satinierten Nuancen, die sich gegenseitig jagen, ohne sich jemals zu ber\u00fchren. Die Transparenzen des besten Mazzucchelli-Acetats finden hier ihren Platz. Doch das Geheimnis seiner gef\u00e4lligen Respektlosigkeit liegt in dem Stab mit gepr\u00e4gtem Kern, der sein Design erst Lichtreflex nach Lichtreflex offenbart. Das f\u00fcnffach gelagerte Scharnier widersteht allen Widrigkeiten, die der Alltag mit sich bringt. Matteo, f\u00fcr alle, die ihre Zeit nicht verschwenden wollen.<\/p>\n","protected":false},"excerpt":{"rendered":"<p>Aus der Form ausbrechen, um neue zu schaffen, ist die erste Botschaft, die der Tr\u00e4ger dieser Fassung aussendet. Matteo ist eine kantige und kr\u00e4ftige Jugendbrille, die sich beobachten l\u00e4sst und eine rebellische Natur offenbart, mit gl\u00e4nzenden und satinierten Nuancen, die sich gegenseitig jagen, ohne sich jemals zu ber\u00fchren. Die Transparenzen des besten Mazzucchelli-Acetats finden hier [&hellip;]<\/p>\n","protected":false},"featured_media":27203,"template":"","meta":{"inline_featured_image":false},"product_cat":[664,6468],"product_tag":[],"acf":[],"yoast_head":"<!-- This site is optimized with the Yoast SEO plugin v21.3 - https:\/\/yoast.com\/wordpress\/plugins\/seo\/ -->\n<title>SI5558.285 - stileItaliano beats for Kids!<\/title>\n<meta name=\"description\" content=\"Matteo ist eine kantige und kr\u00e4ftige Brille, die sich beobachten l\u00e4sst und eine rebellische Natur offenbart, mit gl\u00e4nzenden und satinierten Nuancen.\" \/>\n<meta name=\"robots\" content=\"index, follow, max-snippet:-1, max-image-preview:large, max-video-preview:-1\" \/>\n<link rel=\"canonical\" href=\"https:\/\/www.stileitalianoocchiali.com\/de\/produkt\/si5558-285\/\" \/>\n<meta property=\"og:locale\" content=\"de_DE\" \/>\n<meta property=\"og:type\" content=\"article\" \/>\n<meta property=\"og:title\" content=\"SI5558.285 - stileItaliano beats for Kids!\" \/>\n<meta property=\"og:description\" content=\"Matteo ist eine kantige und kr\u00e4ftige Brille, die sich beobachten l\u00e4sst und eine rebellische Natur offenbart, mit gl\u00e4nzenden und satinierten Nuancen.\" \/>\n<meta property=\"og:url\" content=\"https:\/\/www.stileitalianoocchiali.com\/de\/produkt\/si5558-285\/\" \/>\n<meta property=\"og:site_name\" content=\"stileItaliano beats for Kids!\" \/>\n<meta property=\"article:modified_time\" content=\"2025-02-14T15:11:38+00:00\" \/>\n<meta property=\"og:image\" content=\"https:\/\/www.stileitalianoocchiali.com\/wp-content\/uploads\/2023\/08\/SI5559.285_1_copertina.jpg\" \/>\n\t<meta property=\"og:image:width\" content=\"2400\" \/>\n\t<meta property=\"og:image:height\" content=\"1800\" \/>\n\t<meta property=\"og:image:type\" content=\"image\/jpeg\" \/>\n<meta name=\"twitter:card\" content=\"summary_large_image\" \/>\n<meta name=\"twitter:label1\" content=\"Gesch\u00e4tzte Lesezeit\" \/>\n\t<meta name=\"twitter:data1\" content=\"1\u00a0Minute\" \/>\n<script type=\"application\/ld+json\" class=\"yoast-schema-graph\">{\"@context\":\"https:\/\/schema.org\",\"@graph\":[{\"@type\":\"WebPage\",\"@id\":\"https:\/\/www.stileitalianoocchiali.com\/de\/produkt\/si5558-285\/\",\"url\":\"https:\/\/www.stileitalianoocchiali.com\/de\/produkt\/si5558-285\/\",\"name\":\"SI5558.285 - stileItaliano beats for Kids!\",\"isPartOf\":{\"@id\":\"https:\/\/www.stileitalianoocchiali.com\/de\/#website\"},\"datePublished\":\"2023-07-21T10:29:57+00:00\",\"dateModified\":\"2025-02-14T15:11:38+00:00\",\"description\":\"Matteo ist eine kantige und kr\u00e4ftige Brille, die sich beobachten l\u00e4sst und eine rebellische Natur offenbart, mit gl\u00e4nzenden und satinierten Nuancen.\",\"breadcrumb\":{\"@id\":\"https:\/\/www.stileitalianoocchiali.com\/de\/produkt\/si5558-285\/#breadcrumb\"},\"inLanguage\":\"de\",\"potentialAction\":[{\"@type\":\"ReadAction\",\"target\":[\"https:\/\/www.stileitalianoocchiali.com\/de\/produkt\/si5558-285\/\"]}]},{\"@type\":\"BreadcrumbList\",\"@id\":\"https:\/\/www.stileitalianoocchiali.com\/de\/produkt\/si5558-285\/#breadcrumb\",\"itemListElement\":[{\"@type\":\"ListItem\",\"position\":1,\"name\":\"Homepage\",\"item\":\"https:\/\/www.stileitalianoocchiali.com\/de\/\"},{\"@type\":\"ListItem\",\"position\":2,\"name\":\"Shop\",\"item\":\"https:\/\/www.stileitalianoocchiali.com\/de\/shop-2\/\"},{\"@type\":\"ListItem\",\"position\":3,\"name\":\"SI5558.285\"}]},{\"@type\":\"WebSite\",\"@id\":\"https:\/\/www.stileitalianoocchiali.com\/de\/#website\",\"url\":\"https:\/\/www.stileitalianoocchiali.com\/de\/\",\"name\":\"stileItaliano beats for Kids!\",\"description\":\"Big vision for Little eyes\",\"publisher\":{\"@id\":\"https:\/\/www.stileitalianoocchiali.com\/de\/#organization\"},\"potentialAction\":[{\"@type\":\"SearchAction\",\"target\":{\"@type\":\"EntryPoint\",\"urlTemplate\":\"https:\/\/www.stileitalianoocchiali.com\/de\/?s={search_term_string}\"},\"query-input\":\"required name=search_term_string\"}],\"inLanguage\":\"de\"},{\"@type\":\"Organization\",\"@id\":\"https:\/\/www.stileitalianoocchiali.com\/de\/#organization\",\"name\":\"stileItaliano beats for Kids!\",\"url\":\"https:\/\/www.stileitalianoocchiali.com\/de\/\",\"logo\":{\"@type\":\"ImageObject\",\"inLanguage\":\"de\",\"@id\":\"https:\/\/www.stileitalianoocchiali.com\/de\/#\/schema\/logo\/image\/\",\"url\":\"https:\/\/www.stileitalianoocchiali.com\/wp-content\/uploads\/2025\/07\/cropped-stileItaliano_logo_BEATSFORKIDS_teal-1.png\",\"contentUrl\":\"https:\/\/www.stileitalianoocchiali.com\/wp-content\/uploads\/2025\/07\/cropped-stileItaliano_logo_BEATSFORKIDS_teal-1.png\",\"width\":5460,\"height\":1843,\"caption\":\"stileItaliano beats for Kids!\"},\"image\":{\"@id\":\"https:\/\/www.stileitalianoocchiali.com\/de\/#\/schema\/logo\/image\/\"}}]}<\/script>\n<!-- \/ Yoast SEO plugin. -->","yoast_head_json":{"title":"SI5558.285 - stileItaliano beats for Kids!","description":"Matteo ist eine kantige und kr\u00e4ftige Brille, die sich beobachten l\u00e4sst und eine rebellische Natur offenbart, mit gl\u00e4nzenden und satinierten Nuancen.","robots":{"index":"index","follow":"follow","max-snippet":"max-snippet:-1","max-image-preview":"max-image-preview:large","max-video-preview":"max-video-preview:-1"},"canonical":"https:\/\/www.stileitalianoocchiali.com\/de\/produkt\/si5558-285\/","og_locale":"de_DE","og_type":"article","og_title":"SI5558.285 - stileItaliano beats for Kids!","og_description":"Matteo ist eine kantige und kr\u00e4ftige Brille, die sich beobachten l\u00e4sst und eine rebellische Natur offenbart, mit gl\u00e4nzenden und satinierten Nuancen.","og_url":"https:\/\/www.stileitalianoocchiali.com\/de\/produkt\/si5558-285\/","og_site_name":"stileItaliano beats for Kids!","article_modified_time":"2025-02-14T15:11:38+00:00","og_image":[{"width":2400,"height":1800,"url":"https:\/\/www.stileitalianoocchiali.com\/wp-content\/uploads\/2023\/08\/SI5559.285_1_copertina.jpg","type":"image\/jpeg"}],"twitter_card":"summary_large_image","twitter_misc":{"Gesch\u00e4tzte Lesezeit":"1\u00a0Minute"},"schema":{"@context":"https:\/\/schema.org","@graph":[{"@type":"WebPage","@id":"https:\/\/www.stileitalianoocchiali.com\/de\/produkt\/si5558-285\/","url":"https:\/\/www.stileitalianoocchiali.com\/de\/produkt\/si5558-285\/","name":"SI5558.285 - stileItaliano beats for Kids!","isPartOf":{"@id":"https:\/\/www.stileitalianoocchiali.com\/de\/#website"},"datePublished":"2023-07-21T10:29:57+00:00","dateModified":"2025-02-14T15:11:38+00:00","description":"Matteo ist eine kantige und kr\u00e4ftige Brille, die sich beobachten l\u00e4sst und eine rebellische Natur offenbart, mit gl\u00e4nzenden und satinierten Nuancen.","breadcrumb":{"@id":"https:\/\/www.stileitalianoocchiali.com\/de\/produkt\/si5558-285\/#breadcrumb"},"inLanguage":"de","potentialAction":[{"@type":"ReadAction","target":["https:\/\/www.stileitalianoocchiali.com\/de\/produkt\/si5558-285\/"]}]},{"@type":"BreadcrumbList","@id":"https:\/\/www.stileitalianoocchiali.com\/de\/produkt\/si5558-285\/#breadcrumb","itemListElement":[{"@type":"ListItem","position":1,"name":"Homepage","item":"https:\/\/www.stileitalianoocchiali.com\/de\/"},{"@type":"ListItem","position":2,"name":"Shop","item":"https:\/\/www.stileitalianoocchiali.com\/de\/shop-2\/"},{"@type":"ListItem","position":3,"name":"SI5558.285"}]},{"@type":"WebSite","@id":"https:\/\/www.stileitalianoocchiali.com\/de\/#website","url":"https:\/\/www.stileitalianoocchiali.com\/de\/","name":"stileItaliano beats for Kids!","description":"Big vision for Little eyes","publisher":{"@id":"https:\/\/www.stileitalianoocchiali.com\/de\/#organization"},"potentialAction":[{"@type":"SearchAction","target":{"@type":"EntryPoint","urlTemplate":"https:\/\/www.stileitalianoocchiali.com\/de\/?s={search_term_string}"},"query-input":"required name=search_term_string"}],"inLanguage":"de"},{"@type":"Organization","@id":"https:\/\/www.stileitalianoocchiali.com\/de\/#organization","name":"stileItaliano beats for Kids!","url":"https:\/\/www.stileitalianoocchiali.com\/de\/","logo":{"@type":"ImageObject","inLanguage":"de","@id":"https:\/\/www.stileitalianoocchiali.com\/de\/#\/schema\/logo\/image\/","url":"https:\/\/www.stileitalianoocchiali.com\/wp-content\/uploads\/2025\/07\/cropped-stileItaliano_logo_BEATSFORKIDS_teal-1.png","contentUrl":"https:\/\/www.stileitalianoocchiali.com\/wp-content\/uploads\/2025\/07\/cropped-stileItaliano_logo_BEATSFORKIDS_teal-1.png","width":5460,"height":1843,"caption":"stileItaliano beats for Kids!"},"image":{"@id":"https:\/\/www.stileitalianoocchiali.com\/de\/#\/schema\/logo\/image\/"}}]}},"_links":{"self":[{"href":"https:\/\/www.stileitalianoocchiali.com\/de\/wp-json\/wp\/v2\/product\/26815"}],"collection":[{"href":"https:\/\/www.stileitalianoocchiali.com\/de\/wp-json\/wp\/v2\/product"}],"about":[{"href":"https:\/\/www.stileitalianoocchiali.com\/de\/wp-json\/wp\/v2\/types\/product"}],"wp:featuredmedia":[{"embeddable":true,"href":"https:\/\/www.stileitalianoocchiali.com\/de\/wp-json\/wp\/v2\/media\/27203"}],"wp:attachment":[{"href":"https:\/\/www.stileitalianoocchiali.com\/de\/wp-json\/wp\/v2\/media?parent=26815"}],"wp:term":[{"taxonomy":"product_cat","embeddable":true,"href":"https:\/\/www.stileitalianoocchiali.com\/de\/wp-json\/wp\/v2\/product_cat?post=26815"},{"taxonomy":"product_tag","embeddable":true,"href":"https:\/\/www.stileitalianoocchiali.com\/de\/wp-json\/wp\/v2\/product_tag?post=26815"}],"curies":[{"name":"wp","href":"https:\/\/api.w.org\/{rel}","templated":true}]}}