{"id":29113,"date":"2024-02-15T11:05:03","date_gmt":"2024-02-15T10:05:03","guid":{"rendered":"https:\/\/www.stileitalianoocchiali.com\/?post_type=product&#038;p=29113"},"modified":"2025-02-14T11:56:04","modified_gmt":"2025-02-14T10:56:04","slug":"si5021-304","status":"publish","type":"product","link":"https:\/\/www.stileitalianoocchiali.com\/de\/produkt\/si5021-304\/","title":{"rendered":"SI5021.304"},"content":{"rendered":"<p>Gi\u00f2 ist eine Kollektion, die nie vers\u00e4umt zu beeindrucken, indem sie Vitalit\u00e4t und sorglose Ausstrahlung ausstrahlt. Mit ihren verspielten Formen und lebendigen Farben f\u00e4ngt sie m\u00fchelos die Essenz der Kindheit ein. Die clevere Verklebung sowohl an der Front als auch an den B\u00fcgeln erz\u00e4hlt eine fantastische Geschichte, w\u00e4hrend das Flex-Gelenk Stabilit\u00e4t und Langlebigkeit gew\u00e4hrleistet und mit der Energie der Kleinsten Schritt h\u00e4lt. Gi\u00f2 ist eine Kollektion, die dich sagen l\u00e4sst: &#8218;Ich will sie alle!<\/p>\n","protected":false},"excerpt":{"rendered":"<p>Gi\u00f2 ist eine Kollektion, die nie vers\u00e4umt zu beeindrucken, indem sie Vitalit\u00e4t und sorglose Ausstrahlung ausstrahlt. Mit ihren verspielten Formen und lebendigen Farben f\u00e4ngt sie m\u00fchelos die Essenz der Kindheit ein. Die clevere Verklebung sowohl an der Front als auch an den B\u00fcgeln erz\u00e4hlt eine fantastische Geschichte, w\u00e4hrend das Flex-Gelenk Stabilit\u00e4t und Langlebigkeit gew\u00e4hrleistet und [&hellip;]<\/p>\n","protected":false},"featured_media":28886,"template":"","meta":{"inline_featured_image":false},"product_cat":[664,6490],"product_tag":[],"acf":[],"yoast_head":"<!-- This site is optimized with the Yoast SEO plugin v21.3 - https:\/\/yoast.com\/wordpress\/plugins\/seo\/ -->\n<title>SI5021.304 - stileItaliano beats for Kids!<\/title>\n<meta name=\"description\" content=\"Gi\u00f2 ist eine Kollektion, die nie vers\u00e4umt zu beeindrucken, indem sie Vitalit\u00e4t und sorglose Ausstrahlung ausstrahlt, und die dich sagen l\u00e4sst Ich will sie!\" \/>\n<meta name=\"robots\" content=\"index, follow, max-snippet:-1, max-image-preview:large, max-video-preview:-1\" \/>\n<link rel=\"canonical\" href=\"https:\/\/www.stileitalianoocchiali.com\/de\/produkt\/si5021-304\/\" \/>\n<meta property=\"og:locale\" content=\"de_DE\" \/>\n<meta property=\"og:type\" content=\"article\" \/>\n<meta property=\"og:title\" content=\"SI5021.304 - stileItaliano beats for Kids!\" \/>\n<meta property=\"og:description\" content=\"Gi\u00f2 ist eine Kollektion, die nie vers\u00e4umt zu beeindrucken, indem sie Vitalit\u00e4t und sorglose Ausstrahlung ausstrahlt, und die dich sagen l\u00e4sst Ich will sie!\" \/>\n<meta property=\"og:url\" content=\"https:\/\/www.stileitalianoocchiali.com\/de\/produkt\/si5021-304\/\" \/>\n<meta property=\"og:site_name\" content=\"stileItaliano beats for Kids!\" \/>\n<meta property=\"article:modified_time\" content=\"2025-02-14T10:56:04+00:00\" \/>\n<meta property=\"og:image\" content=\"https:\/\/www.stileitalianoocchiali.com\/wp-content\/uploads\/2024\/02\/SI5021.304_1_copertina.jpg\" \/>\n\t<meta property=\"og:image:width\" content=\"2400\" \/>\n\t<meta property=\"og:image:height\" content=\"1800\" \/>\n\t<meta property=\"og:image:type\" content=\"image\/jpeg\" \/>\n<meta name=\"twitter:card\" content=\"summary_large_image\" \/>\n<meta name=\"twitter:label1\" content=\"Gesch\u00e4tzte Lesezeit\" \/>\n\t<meta name=\"twitter:data1\" content=\"1\u00a0Minute\" \/>\n<script type=\"application\/ld+json\" class=\"yoast-schema-graph\">{\"@context\":\"https:\/\/schema.org\",\"@graph\":[{\"@type\":\"WebPage\",\"@id\":\"https:\/\/www.stileitalianoocchiali.com\/de\/produkt\/si5021-304\/\",\"url\":\"https:\/\/www.stileitalianoocchiali.com\/de\/produkt\/si5021-304\/\",\"name\":\"SI5021.304 - stileItaliano beats for Kids!\",\"isPartOf\":{\"@id\":\"https:\/\/www.stileitalianoocchiali.com\/de\/#website\"},\"datePublished\":\"2024-02-15T10:05:03+00:00\",\"dateModified\":\"2025-02-14T10:56:04+00:00\",\"description\":\"Gi\u00f2 ist eine Kollektion, die nie vers\u00e4umt zu beeindrucken, indem sie Vitalit\u00e4t und sorglose Ausstrahlung ausstrahlt, und die dich sagen l\u00e4sst Ich will sie!\",\"breadcrumb\":{\"@id\":\"https:\/\/www.stileitalianoocchiali.com\/de\/produkt\/si5021-304\/#breadcrumb\"},\"inLanguage\":\"de\",\"potentialAction\":[{\"@type\":\"ReadAction\",\"target\":[\"https:\/\/www.stileitalianoocchiali.com\/de\/produkt\/si5021-304\/\"]}]},{\"@type\":\"BreadcrumbList\",\"@id\":\"https:\/\/www.stileitalianoocchiali.com\/de\/produkt\/si5021-304\/#breadcrumb\",\"itemListElement\":[{\"@type\":\"ListItem\",\"position\":1,\"name\":\"Homepage\",\"item\":\"https:\/\/www.stileitalianoocchiali.com\/de\/\"},{\"@type\":\"ListItem\",\"position\":2,\"name\":\"Shop\",\"item\":\"https:\/\/www.stileitalianoocchiali.com\/de\/shop-2\/\"},{\"@type\":\"ListItem\",\"position\":3,\"name\":\"SI5021.304\"}]},{\"@type\":\"WebSite\",\"@id\":\"https:\/\/www.stileitalianoocchiali.com\/de\/#website\",\"url\":\"https:\/\/www.stileitalianoocchiali.com\/de\/\",\"name\":\"stileItaliano beats for Kids!\",\"description\":\"Big vision for Little eyes\",\"publisher\":{\"@id\":\"https:\/\/www.stileitalianoocchiali.com\/de\/#organization\"},\"potentialAction\":[{\"@type\":\"SearchAction\",\"target\":{\"@type\":\"EntryPoint\",\"urlTemplate\":\"https:\/\/www.stileitalianoocchiali.com\/de\/?s={search_term_string}\"},\"query-input\":\"required name=search_term_string\"}],\"inLanguage\":\"de\"},{\"@type\":\"Organization\",\"@id\":\"https:\/\/www.stileitalianoocchiali.com\/de\/#organization\",\"name\":\"stileItaliano beats for Kids!\",\"url\":\"https:\/\/www.stileitalianoocchiali.com\/de\/\",\"logo\":{\"@type\":\"ImageObject\",\"inLanguage\":\"de\",\"@id\":\"https:\/\/www.stileitalianoocchiali.com\/de\/#\/schema\/logo\/image\/\",\"url\":\"https:\/\/www.stileitalianoocchiali.com\/wp-content\/uploads\/2025\/07\/cropped-stileItaliano_logo_BEATSFORKIDS_teal-1.png\",\"contentUrl\":\"https:\/\/www.stileitalianoocchiali.com\/wp-content\/uploads\/2025\/07\/cropped-stileItaliano_logo_BEATSFORKIDS_teal-1.png\",\"width\":5460,\"height\":1843,\"caption\":\"stileItaliano beats for Kids!\"},\"image\":{\"@id\":\"https:\/\/www.stileitalianoocchiali.com\/de\/#\/schema\/logo\/image\/\"}}]}<\/script>\n<!-- \/ Yoast SEO plugin. -->","yoast_head_json":{"title":"SI5021.304 - stileItaliano beats for Kids!","description":"Gi\u00f2 ist eine Kollektion, die nie vers\u00e4umt zu beeindrucken, indem sie Vitalit\u00e4t und sorglose Ausstrahlung ausstrahlt, und die dich sagen l\u00e4sst Ich will sie!","robots":{"index":"index","follow":"follow","max-snippet":"max-snippet:-1","max-image-preview":"max-image-preview:large","max-video-preview":"max-video-preview:-1"},"canonical":"https:\/\/www.stileitalianoocchiali.com\/de\/produkt\/si5021-304\/","og_locale":"de_DE","og_type":"article","og_title":"SI5021.304 - stileItaliano beats for Kids!","og_description":"Gi\u00f2 ist eine Kollektion, die nie vers\u00e4umt zu beeindrucken, indem sie Vitalit\u00e4t und sorglose Ausstrahlung ausstrahlt, und die dich sagen l\u00e4sst Ich will sie!","og_url":"https:\/\/www.stileitalianoocchiali.com\/de\/produkt\/si5021-304\/","og_site_name":"stileItaliano beats for Kids!","article_modified_time":"2025-02-14T10:56:04+00:00","og_image":[{"width":2400,"height":1800,"url":"https:\/\/www.stileitalianoocchiali.com\/wp-content\/uploads\/2024\/02\/SI5021.304_1_copertina.jpg","type":"image\/jpeg"}],"twitter_card":"summary_large_image","twitter_misc":{"Gesch\u00e4tzte Lesezeit":"1\u00a0Minute"},"schema":{"@context":"https:\/\/schema.org","@graph":[{"@type":"WebPage","@id":"https:\/\/www.stileitalianoocchiali.com\/de\/produkt\/si5021-304\/","url":"https:\/\/www.stileitalianoocchiali.com\/de\/produkt\/si5021-304\/","name":"SI5021.304 - stileItaliano beats for Kids!","isPartOf":{"@id":"https:\/\/www.stileitalianoocchiali.com\/de\/#website"},"datePublished":"2024-02-15T10:05:03+00:00","dateModified":"2025-02-14T10:56:04+00:00","description":"Gi\u00f2 ist eine Kollektion, die nie vers\u00e4umt zu beeindrucken, indem sie Vitalit\u00e4t und sorglose Ausstrahlung ausstrahlt, und die dich sagen l\u00e4sst Ich will sie!","breadcrumb":{"@id":"https:\/\/www.stileitalianoocchiali.com\/de\/produkt\/si5021-304\/#breadcrumb"},"inLanguage":"de","potentialAction":[{"@type":"ReadAction","target":["https:\/\/www.stileitalianoocchiali.com\/de\/produkt\/si5021-304\/"]}]},{"@type":"BreadcrumbList","@id":"https:\/\/www.stileitalianoocchiali.com\/de\/produkt\/si5021-304\/#breadcrumb","itemListElement":[{"@type":"ListItem","position":1,"name":"Homepage","item":"https:\/\/www.stileitalianoocchiali.com\/de\/"},{"@type":"ListItem","position":2,"name":"Shop","item":"https:\/\/www.stileitalianoocchiali.com\/de\/shop-2\/"},{"@type":"ListItem","position":3,"name":"SI5021.304"}]},{"@type":"WebSite","@id":"https:\/\/www.stileitalianoocchiali.com\/de\/#website","url":"https:\/\/www.stileitalianoocchiali.com\/de\/","name":"stileItaliano beats for Kids!","description":"Big vision for Little eyes","publisher":{"@id":"https:\/\/www.stileitalianoocchiali.com\/de\/#organization"},"potentialAction":[{"@type":"SearchAction","target":{"@type":"EntryPoint","urlTemplate":"https:\/\/www.stileitalianoocchiali.com\/de\/?s={search_term_string}"},"query-input":"required name=search_term_string"}],"inLanguage":"de"},{"@type":"Organization","@id":"https:\/\/www.stileitalianoocchiali.com\/de\/#organization","name":"stileItaliano beats for Kids!","url":"https:\/\/www.stileitalianoocchiali.com\/de\/","logo":{"@type":"ImageObject","inLanguage":"de","@id":"https:\/\/www.stileitalianoocchiali.com\/de\/#\/schema\/logo\/image\/","url":"https:\/\/www.stileitalianoocchiali.com\/wp-content\/uploads\/2025\/07\/cropped-stileItaliano_logo_BEATSFORKIDS_teal-1.png","contentUrl":"https:\/\/www.stileitalianoocchiali.com\/wp-content\/uploads\/2025\/07\/cropped-stileItaliano_logo_BEATSFORKIDS_teal-1.png","width":5460,"height":1843,"caption":"stileItaliano beats for Kids!"},"image":{"@id":"https:\/\/www.stileitalianoocchiali.com\/de\/#\/schema\/logo\/image\/"}}]}},"_links":{"self":[{"href":"https:\/\/www.stileitalianoocchiali.com\/de\/wp-json\/wp\/v2\/product\/29113"}],"collection":[{"href":"https:\/\/www.stileitalianoocchiali.com\/de\/wp-json\/wp\/v2\/product"}],"about":[{"href":"https:\/\/www.stileitalianoocchiali.com\/de\/wp-json\/wp\/v2\/types\/product"}],"wp:featuredmedia":[{"embeddable":true,"href":"https:\/\/www.stileitalianoocchiali.com\/de\/wp-json\/wp\/v2\/media\/28886"}],"wp:attachment":[{"href":"https:\/\/www.stileitalianoocchiali.com\/de\/wp-json\/wp\/v2\/media?parent=29113"}],"wp:term":[{"taxonomy":"product_cat","embeddable":true,"href":"https:\/\/www.stileitalianoocchiali.com\/de\/wp-json\/wp\/v2\/product_cat?post=29113"},{"taxonomy":"product_tag","embeddable":true,"href":"https:\/\/www.stileitalianoocchiali.com\/de\/wp-json\/wp\/v2\/product_tag?post=29113"}],"curies":[{"name":"wp","href":"https:\/\/api.w.org\/{rel}","templated":true}]}}