{"id":29153,"date":"2024-02-15T15:13:06","date_gmt":"2024-02-15T14:13:07","guid":{"rendered":"https:\/\/www.stileitalianoocchiali.com\/?post_type=product&#038;p=29153"},"modified":"2025-02-14T16:14:19","modified_gmt":"2025-02-14T15:14:19","slug":"si5560-305","status":"publish","type":"product","link":"https:\/\/www.stileitalianoocchiali.com\/de\/produkt\/si5560-305\/","title":{"rendered":"SI5560.305"},"content":{"rendered":"<p>Das feinste Mazzucchelli-Acetat trifft auf italienisches Design in dieser Kollektion, in der jedes Detail z\u00e4hlt! Eine zeitlose Form, die auch dann ihren Reiz beh\u00e4lt, wenn sich die Trends \u00e4ndern. Vale ist die Kollektion, die jeden anspricht, dank ihrer sorgf\u00e4ltig gefertigten B\u00fcgel, die durch die gew\u00e4hlten transparenten Farben aufgewertet werden. Robustheit und langfristige Haltbarkeit sind durch ein 5-Gelenk-Nieten-Scharnier garantiert. Und was macht sie besonders? Der Tragekomfort, dank der Lasergravur an den B\u00fcgelspitzen. Bereiten Sie sich darauf vor, beeindruckt zu werden.<\/p>\n","protected":false},"excerpt":{"rendered":"<p>Das feinste Mazzucchelli-Acetat trifft auf italienisches Design in dieser Kollektion, in der jedes Detail z\u00e4hlt! Eine zeitlose Form, die auch dann ihren Reiz beh\u00e4lt, wenn sich die Trends \u00e4ndern. Vale ist die Kollektion, die jeden anspricht, dank ihrer sorgf\u00e4ltig gefertigten B\u00fcgel, die durch die gew\u00e4hlten transparenten Farben aufgewertet werden. Robustheit und langfristige Haltbarkeit sind durch [&hellip;]<\/p>\n","protected":false},"featured_media":28995,"template":"","meta":{"inline_featured_image":false},"product_cat":[664,6514],"product_tag":[],"acf":[],"yoast_head":"<!-- This site is optimized with the Yoast SEO plugin v21.3 - https:\/\/yoast.com\/wordpress\/plugins\/seo\/ -->\n<title>SI5560.305 - stileItaliano beats for Kids!<\/title>\n<meta name=\"description\" content=\"Vale ist die Kollektion, die jeden anspricht, dank ihrer sorgf\u00e4ltig gefertigten B\u00fcgel, die durch die gew\u00e4hlten transparenten Farben aufgewertet werden.\" \/>\n<meta name=\"robots\" content=\"index, follow, max-snippet:-1, max-image-preview:large, max-video-preview:-1\" \/>\n<link rel=\"canonical\" href=\"https:\/\/www.stileitalianoocchiali.com\/de\/produkt\/si5560-305\/\" \/>\n<meta property=\"og:locale\" content=\"de_DE\" \/>\n<meta property=\"og:type\" content=\"article\" \/>\n<meta property=\"og:title\" content=\"SI5560.305 - stileItaliano beats for Kids!\" \/>\n<meta property=\"og:description\" content=\"Vale ist die Kollektion, die jeden anspricht, dank ihrer sorgf\u00e4ltig gefertigten B\u00fcgel, die durch die gew\u00e4hlten transparenten Farben aufgewertet werden.\" \/>\n<meta property=\"og:url\" content=\"https:\/\/www.stileitalianoocchiali.com\/de\/produkt\/si5560-305\/\" \/>\n<meta property=\"og:site_name\" content=\"stileItaliano beats for Kids!\" \/>\n<meta property=\"article:modified_time\" content=\"2025-02-14T15:14:19+00:00\" \/>\n<meta property=\"og:image\" content=\"https:\/\/www.stileitalianoocchiali.com\/wp-content\/uploads\/2024\/02\/SI5560.305_1_copertina.jpg\" \/>\n\t<meta property=\"og:image:width\" content=\"2400\" \/>\n\t<meta property=\"og:image:height\" content=\"1800\" \/>\n\t<meta property=\"og:image:type\" content=\"image\/jpeg\" \/>\n<meta name=\"twitter:card\" content=\"summary_large_image\" \/>\n<meta name=\"twitter:label1\" content=\"Gesch\u00e4tzte Lesezeit\" \/>\n\t<meta name=\"twitter:data1\" content=\"1\u00a0Minute\" \/>\n<script type=\"application\/ld+json\" class=\"yoast-schema-graph\">{\"@context\":\"https:\/\/schema.org\",\"@graph\":[{\"@type\":\"WebPage\",\"@id\":\"https:\/\/www.stileitalianoocchiali.com\/de\/produkt\/si5560-305\/\",\"url\":\"https:\/\/www.stileitalianoocchiali.com\/de\/produkt\/si5560-305\/\",\"name\":\"SI5560.305 - stileItaliano beats for Kids!\",\"isPartOf\":{\"@id\":\"https:\/\/www.stileitalianoocchiali.com\/de\/#website\"},\"datePublished\":\"2024-02-15T14:13:07+00:00\",\"dateModified\":\"2025-02-14T15:14:19+00:00\",\"description\":\"Vale ist die Kollektion, die jeden anspricht, dank ihrer sorgf\u00e4ltig gefertigten B\u00fcgel, die durch die gew\u00e4hlten transparenten Farben aufgewertet werden.\",\"breadcrumb\":{\"@id\":\"https:\/\/www.stileitalianoocchiali.com\/de\/produkt\/si5560-305\/#breadcrumb\"},\"inLanguage\":\"de\",\"potentialAction\":[{\"@type\":\"ReadAction\",\"target\":[\"https:\/\/www.stileitalianoocchiali.com\/de\/produkt\/si5560-305\/\"]}]},{\"@type\":\"BreadcrumbList\",\"@id\":\"https:\/\/www.stileitalianoocchiali.com\/de\/produkt\/si5560-305\/#breadcrumb\",\"itemListElement\":[{\"@type\":\"ListItem\",\"position\":1,\"name\":\"Homepage\",\"item\":\"https:\/\/www.stileitalianoocchiali.com\/de\/\"},{\"@type\":\"ListItem\",\"position\":2,\"name\":\"Shop\",\"item\":\"https:\/\/www.stileitalianoocchiali.com\/de\/shop-2\/\"},{\"@type\":\"ListItem\",\"position\":3,\"name\":\"SI5560.305\"}]},{\"@type\":\"WebSite\",\"@id\":\"https:\/\/www.stileitalianoocchiali.com\/de\/#website\",\"url\":\"https:\/\/www.stileitalianoocchiali.com\/de\/\",\"name\":\"stileItaliano beats for Kids!\",\"description\":\"Big vision for Little eyes\",\"publisher\":{\"@id\":\"https:\/\/www.stileitalianoocchiali.com\/de\/#organization\"},\"potentialAction\":[{\"@type\":\"SearchAction\",\"target\":{\"@type\":\"EntryPoint\",\"urlTemplate\":\"https:\/\/www.stileitalianoocchiali.com\/de\/?s={search_term_string}\"},\"query-input\":\"required name=search_term_string\"}],\"inLanguage\":\"de\"},{\"@type\":\"Organization\",\"@id\":\"https:\/\/www.stileitalianoocchiali.com\/de\/#organization\",\"name\":\"stileItaliano beats for Kids!\",\"url\":\"https:\/\/www.stileitalianoocchiali.com\/de\/\",\"logo\":{\"@type\":\"ImageObject\",\"inLanguage\":\"de\",\"@id\":\"https:\/\/www.stileitalianoocchiali.com\/de\/#\/schema\/logo\/image\/\",\"url\":\"https:\/\/www.stileitalianoocchiali.com\/wp-content\/uploads\/2025\/07\/cropped-stileItaliano_logo_BEATSFORKIDS_teal-1.png\",\"contentUrl\":\"https:\/\/www.stileitalianoocchiali.com\/wp-content\/uploads\/2025\/07\/cropped-stileItaliano_logo_BEATSFORKIDS_teal-1.png\",\"width\":5460,\"height\":1843,\"caption\":\"stileItaliano beats for Kids!\"},\"image\":{\"@id\":\"https:\/\/www.stileitalianoocchiali.com\/de\/#\/schema\/logo\/image\/\"}}]}<\/script>\n<!-- \/ Yoast SEO plugin. -->","yoast_head_json":{"title":"SI5560.305 - stileItaliano beats for Kids!","description":"Vale ist die Kollektion, die jeden anspricht, dank ihrer sorgf\u00e4ltig gefertigten B\u00fcgel, die durch die gew\u00e4hlten transparenten Farben aufgewertet werden.","robots":{"index":"index","follow":"follow","max-snippet":"max-snippet:-1","max-image-preview":"max-image-preview:large","max-video-preview":"max-video-preview:-1"},"canonical":"https:\/\/www.stileitalianoocchiali.com\/de\/produkt\/si5560-305\/","og_locale":"de_DE","og_type":"article","og_title":"SI5560.305 - stileItaliano beats for Kids!","og_description":"Vale ist die Kollektion, die jeden anspricht, dank ihrer sorgf\u00e4ltig gefertigten B\u00fcgel, die durch die gew\u00e4hlten transparenten Farben aufgewertet werden.","og_url":"https:\/\/www.stileitalianoocchiali.com\/de\/produkt\/si5560-305\/","og_site_name":"stileItaliano beats for Kids!","article_modified_time":"2025-02-14T15:14:19+00:00","og_image":[{"width":2400,"height":1800,"url":"https:\/\/www.stileitalianoocchiali.com\/wp-content\/uploads\/2024\/02\/SI5560.305_1_copertina.jpg","type":"image\/jpeg"}],"twitter_card":"summary_large_image","twitter_misc":{"Gesch\u00e4tzte Lesezeit":"1\u00a0Minute"},"schema":{"@context":"https:\/\/schema.org","@graph":[{"@type":"WebPage","@id":"https:\/\/www.stileitalianoocchiali.com\/de\/produkt\/si5560-305\/","url":"https:\/\/www.stileitalianoocchiali.com\/de\/produkt\/si5560-305\/","name":"SI5560.305 - stileItaliano beats for Kids!","isPartOf":{"@id":"https:\/\/www.stileitalianoocchiali.com\/de\/#website"},"datePublished":"2024-02-15T14:13:07+00:00","dateModified":"2025-02-14T15:14:19+00:00","description":"Vale ist die Kollektion, die jeden anspricht, dank ihrer sorgf\u00e4ltig gefertigten B\u00fcgel, die durch die gew\u00e4hlten transparenten Farben aufgewertet werden.","breadcrumb":{"@id":"https:\/\/www.stileitalianoocchiali.com\/de\/produkt\/si5560-305\/#breadcrumb"},"inLanguage":"de","potentialAction":[{"@type":"ReadAction","target":["https:\/\/www.stileitalianoocchiali.com\/de\/produkt\/si5560-305\/"]}]},{"@type":"BreadcrumbList","@id":"https:\/\/www.stileitalianoocchiali.com\/de\/produkt\/si5560-305\/#breadcrumb","itemListElement":[{"@type":"ListItem","position":1,"name":"Homepage","item":"https:\/\/www.stileitalianoocchiali.com\/de\/"},{"@type":"ListItem","position":2,"name":"Shop","item":"https:\/\/www.stileitalianoocchiali.com\/de\/shop-2\/"},{"@type":"ListItem","position":3,"name":"SI5560.305"}]},{"@type":"WebSite","@id":"https:\/\/www.stileitalianoocchiali.com\/de\/#website","url":"https:\/\/www.stileitalianoocchiali.com\/de\/","name":"stileItaliano beats for Kids!","description":"Big vision for Little eyes","publisher":{"@id":"https:\/\/www.stileitalianoocchiali.com\/de\/#organization"},"potentialAction":[{"@type":"SearchAction","target":{"@type":"EntryPoint","urlTemplate":"https:\/\/www.stileitalianoocchiali.com\/de\/?s={search_term_string}"},"query-input":"required name=search_term_string"}],"inLanguage":"de"},{"@type":"Organization","@id":"https:\/\/www.stileitalianoocchiali.com\/de\/#organization","name":"stileItaliano beats for Kids!","url":"https:\/\/www.stileitalianoocchiali.com\/de\/","logo":{"@type":"ImageObject","inLanguage":"de","@id":"https:\/\/www.stileitalianoocchiali.com\/de\/#\/schema\/logo\/image\/","url":"https:\/\/www.stileitalianoocchiali.com\/wp-content\/uploads\/2025\/07\/cropped-stileItaliano_logo_BEATSFORKIDS_teal-1.png","contentUrl":"https:\/\/www.stileitalianoocchiali.com\/wp-content\/uploads\/2025\/07\/cropped-stileItaliano_logo_BEATSFORKIDS_teal-1.png","width":5460,"height":1843,"caption":"stileItaliano beats for Kids!"},"image":{"@id":"https:\/\/www.stileitalianoocchiali.com\/de\/#\/schema\/logo\/image\/"}}]}},"_links":{"self":[{"href":"https:\/\/www.stileitalianoocchiali.com\/de\/wp-json\/wp\/v2\/product\/29153"}],"collection":[{"href":"https:\/\/www.stileitalianoocchiali.com\/de\/wp-json\/wp\/v2\/product"}],"about":[{"href":"https:\/\/www.stileitalianoocchiali.com\/de\/wp-json\/wp\/v2\/types\/product"}],"wp:featuredmedia":[{"embeddable":true,"href":"https:\/\/www.stileitalianoocchiali.com\/de\/wp-json\/wp\/v2\/media\/28995"}],"wp:attachment":[{"href":"https:\/\/www.stileitalianoocchiali.com\/de\/wp-json\/wp\/v2\/media?parent=29153"}],"wp:term":[{"taxonomy":"product_cat","embeddable":true,"href":"https:\/\/www.stileitalianoocchiali.com\/de\/wp-json\/wp\/v2\/product_cat?post=29153"},{"taxonomy":"product_tag","embeddable":true,"href":"https:\/\/www.stileitalianoocchiali.com\/de\/wp-json\/wp\/v2\/product_tag?post=29153"}],"curies":[{"name":"wp","href":"https:\/\/api.w.org\/{rel}","templated":true}]}}