{"id":31138,"date":"2024-09-25T13:04:56","date_gmt":"2024-09-25T11:04:57","guid":{"rendered":"https:\/\/www.stileitalianoocchiali.com\/?post_type=product&#038;p=31138"},"modified":"2025-02-14T12:39:07","modified_gmt":"2025-02-14T11:39:07","slug":"si5027-307","status":"publish","type":"product","link":"https:\/\/www.stileitalianoocchiali.com\/de\/produkt\/si5027-307\/","title":{"rendered":"SI5027.307"},"content":{"rendered":"<p>Luca \u2013 ein filigranes Meisterwerk aus transparentem Acetat, das die zauberhafte Essenz des Meeres einf\u00e4ngt. Seine Farben, von sanftem Wellenblau bis hin zum tiefen Marineblau der Ozeantiefe, wecken Tr\u00e4ume von Abenteuern. Die quadratische Form umrahmt das Gesicht sanft, w\u00e4hrend die B\u00fcgel, durch elegante Laminierung in kr\u00e4ftigen T\u00f6nen hervorgehoben, alle Blicke auf sich ziehen. Ein besonderes Merkmal ist das Flexscharnier, das f\u00fcr Langlebigkeit sorgt und die Kleinen auf ihren Entdeckungsreisen begleitet. Luca ist eine Hommage an Stil, Praktikabilit\u00e4t und Best\u00e4ndigkeit \u2013 perfekt f\u00fcr diejenigen, die mit Selbstvertrauen und Charme in die Welt eintauchen m\u00f6chten.<\/p>\n","protected":false},"excerpt":{"rendered":"<p>Luca \u2013 ein filigranes Meisterwerk aus transparentem Acetat, das die zauberhafte Essenz des Meeres einf\u00e4ngt. Seine Farben, von sanftem Wellenblau bis hin zum tiefen Marineblau der Ozeantiefe, wecken Tr\u00e4ume von Abenteuern. Die quadratische Form umrahmt das Gesicht sanft, w\u00e4hrend die B\u00fcgel, durch elegante Laminierung in kr\u00e4ftigen T\u00f6nen hervorgehoben, alle Blicke auf sich ziehen. Ein besonderes [&hellip;]<\/p>\n","protected":false},"featured_media":31268,"template":"","meta":{"inline_featured_image":false},"product_cat":[664,6521],"product_tag":[],"acf":[],"yoast_head":"<!-- This site is optimized with the Yoast SEO plugin v21.3 - https:\/\/yoast.com\/wordpress\/plugins\/seo\/ -->\n<title>SI5027.307 - stileItaliano beats for Kids!<\/title>\n<meta name=\"description\" content=\"Luca, quadratische Form. Seine Farben, von sanftem Wellenblau bis hin zum tiefen Marineblau der Ozeantiefe, wecken Tr\u00e4ume von Abenteuern.\" \/>\n<meta name=\"robots\" content=\"index, follow, max-snippet:-1, max-image-preview:large, max-video-preview:-1\" \/>\n<link rel=\"canonical\" href=\"https:\/\/www.stileitalianoocchiali.com\/de\/produkt\/si5027-307\/\" \/>\n<meta property=\"og:locale\" content=\"de_DE\" \/>\n<meta property=\"og:type\" content=\"article\" \/>\n<meta property=\"og:title\" content=\"SI5027.307 - stileItaliano beats for Kids!\" \/>\n<meta property=\"og:description\" content=\"Luca, quadratische Form. Seine Farben, von sanftem Wellenblau bis hin zum tiefen Marineblau der Ozeantiefe, wecken Tr\u00e4ume von Abenteuern.\" \/>\n<meta property=\"og:url\" content=\"https:\/\/www.stileitalianoocchiali.com\/de\/produkt\/si5027-307\/\" \/>\n<meta property=\"og:site_name\" content=\"stileItaliano beats for Kids!\" \/>\n<meta property=\"article:modified_time\" content=\"2025-02-14T11:39:07+00:00\" \/>\n<meta property=\"og:image\" content=\"https:\/\/www.stileitalianoocchiali.com\/wp-content\/uploads\/2024\/10\/SI5027.307_1copertina.jpg\" \/>\n\t<meta property=\"og:image:width\" content=\"2400\" \/>\n\t<meta property=\"og:image:height\" content=\"1800\" \/>\n\t<meta property=\"og:image:type\" content=\"image\/jpeg\" \/>\n<meta name=\"twitter:card\" content=\"summary_large_image\" \/>\n<meta name=\"twitter:label1\" content=\"Gesch\u00e4tzte Lesezeit\" \/>\n\t<meta name=\"twitter:data1\" content=\"1\u00a0Minute\" \/>\n<script type=\"application\/ld+json\" class=\"yoast-schema-graph\">{\"@context\":\"https:\/\/schema.org\",\"@graph\":[{\"@type\":\"WebPage\",\"@id\":\"https:\/\/www.stileitalianoocchiali.com\/de\/produkt\/si5027-307\/\",\"url\":\"https:\/\/www.stileitalianoocchiali.com\/de\/produkt\/si5027-307\/\",\"name\":\"SI5027.307 - stileItaliano beats for Kids!\",\"isPartOf\":{\"@id\":\"https:\/\/www.stileitalianoocchiali.com\/de\/#website\"},\"datePublished\":\"2024-09-25T11:04:57+00:00\",\"dateModified\":\"2025-02-14T11:39:07+00:00\",\"description\":\"Luca, quadratische Form. Seine Farben, von sanftem Wellenblau bis hin zum tiefen Marineblau der Ozeantiefe, wecken Tr\u00e4ume von Abenteuern.\",\"breadcrumb\":{\"@id\":\"https:\/\/www.stileitalianoocchiali.com\/de\/produkt\/si5027-307\/#breadcrumb\"},\"inLanguage\":\"de\",\"potentialAction\":[{\"@type\":\"ReadAction\",\"target\":[\"https:\/\/www.stileitalianoocchiali.com\/de\/produkt\/si5027-307\/\"]}]},{\"@type\":\"BreadcrumbList\",\"@id\":\"https:\/\/www.stileitalianoocchiali.com\/de\/produkt\/si5027-307\/#breadcrumb\",\"itemListElement\":[{\"@type\":\"ListItem\",\"position\":1,\"name\":\"Homepage\",\"item\":\"https:\/\/www.stileitalianoocchiali.com\/de\/\"},{\"@type\":\"ListItem\",\"position\":2,\"name\":\"Shop\",\"item\":\"https:\/\/www.stileitalianoocchiali.com\/de\/shop-2\/\"},{\"@type\":\"ListItem\",\"position\":3,\"name\":\"SI5027.307\"}]},{\"@type\":\"WebSite\",\"@id\":\"https:\/\/www.stileitalianoocchiali.com\/de\/#website\",\"url\":\"https:\/\/www.stileitalianoocchiali.com\/de\/\",\"name\":\"stileItaliano beats for Kids!\",\"description\":\"Big vision for Little eyes\",\"publisher\":{\"@id\":\"https:\/\/www.stileitalianoocchiali.com\/de\/#organization\"},\"potentialAction\":[{\"@type\":\"SearchAction\",\"target\":{\"@type\":\"EntryPoint\",\"urlTemplate\":\"https:\/\/www.stileitalianoocchiali.com\/de\/?s={search_term_string}\"},\"query-input\":\"required name=search_term_string\"}],\"inLanguage\":\"de\"},{\"@type\":\"Organization\",\"@id\":\"https:\/\/www.stileitalianoocchiali.com\/de\/#organization\",\"name\":\"stileItaliano beats for Kids!\",\"url\":\"https:\/\/www.stileitalianoocchiali.com\/de\/\",\"logo\":{\"@type\":\"ImageObject\",\"inLanguage\":\"de\",\"@id\":\"https:\/\/www.stileitalianoocchiali.com\/de\/#\/schema\/logo\/image\/\",\"url\":\"https:\/\/www.stileitalianoocchiali.com\/wp-content\/uploads\/2025\/07\/cropped-stileItaliano_logo_BEATSFORKIDS_teal-1.png\",\"contentUrl\":\"https:\/\/www.stileitalianoocchiali.com\/wp-content\/uploads\/2025\/07\/cropped-stileItaliano_logo_BEATSFORKIDS_teal-1.png\",\"width\":5460,\"height\":1843,\"caption\":\"stileItaliano beats for Kids!\"},\"image\":{\"@id\":\"https:\/\/www.stileitalianoocchiali.com\/de\/#\/schema\/logo\/image\/\"}}]}<\/script>\n<!-- \/ Yoast SEO plugin. -->","yoast_head_json":{"title":"SI5027.307 - stileItaliano beats for Kids!","description":"Luca, quadratische Form. Seine Farben, von sanftem Wellenblau bis hin zum tiefen Marineblau der Ozeantiefe, wecken Tr\u00e4ume von Abenteuern.","robots":{"index":"index","follow":"follow","max-snippet":"max-snippet:-1","max-image-preview":"max-image-preview:large","max-video-preview":"max-video-preview:-1"},"canonical":"https:\/\/www.stileitalianoocchiali.com\/de\/produkt\/si5027-307\/","og_locale":"de_DE","og_type":"article","og_title":"SI5027.307 - stileItaliano beats for Kids!","og_description":"Luca, quadratische Form. Seine Farben, von sanftem Wellenblau bis hin zum tiefen Marineblau der Ozeantiefe, wecken Tr\u00e4ume von Abenteuern.","og_url":"https:\/\/www.stileitalianoocchiali.com\/de\/produkt\/si5027-307\/","og_site_name":"stileItaliano beats for Kids!","article_modified_time":"2025-02-14T11:39:07+00:00","og_image":[{"width":2400,"height":1800,"url":"https:\/\/www.stileitalianoocchiali.com\/wp-content\/uploads\/2024\/10\/SI5027.307_1copertina.jpg","type":"image\/jpeg"}],"twitter_card":"summary_large_image","twitter_misc":{"Gesch\u00e4tzte Lesezeit":"1\u00a0Minute"},"schema":{"@context":"https:\/\/schema.org","@graph":[{"@type":"WebPage","@id":"https:\/\/www.stileitalianoocchiali.com\/de\/produkt\/si5027-307\/","url":"https:\/\/www.stileitalianoocchiali.com\/de\/produkt\/si5027-307\/","name":"SI5027.307 - stileItaliano beats for Kids!","isPartOf":{"@id":"https:\/\/www.stileitalianoocchiali.com\/de\/#website"},"datePublished":"2024-09-25T11:04:57+00:00","dateModified":"2025-02-14T11:39:07+00:00","description":"Luca, quadratische Form. Seine Farben, von sanftem Wellenblau bis hin zum tiefen Marineblau der Ozeantiefe, wecken Tr\u00e4ume von Abenteuern.","breadcrumb":{"@id":"https:\/\/www.stileitalianoocchiali.com\/de\/produkt\/si5027-307\/#breadcrumb"},"inLanguage":"de","potentialAction":[{"@type":"ReadAction","target":["https:\/\/www.stileitalianoocchiali.com\/de\/produkt\/si5027-307\/"]}]},{"@type":"BreadcrumbList","@id":"https:\/\/www.stileitalianoocchiali.com\/de\/produkt\/si5027-307\/#breadcrumb","itemListElement":[{"@type":"ListItem","position":1,"name":"Homepage","item":"https:\/\/www.stileitalianoocchiali.com\/de\/"},{"@type":"ListItem","position":2,"name":"Shop","item":"https:\/\/www.stileitalianoocchiali.com\/de\/shop-2\/"},{"@type":"ListItem","position":3,"name":"SI5027.307"}]},{"@type":"WebSite","@id":"https:\/\/www.stileitalianoocchiali.com\/de\/#website","url":"https:\/\/www.stileitalianoocchiali.com\/de\/","name":"stileItaliano beats for Kids!","description":"Big vision for Little eyes","publisher":{"@id":"https:\/\/www.stileitalianoocchiali.com\/de\/#organization"},"potentialAction":[{"@type":"SearchAction","target":{"@type":"EntryPoint","urlTemplate":"https:\/\/www.stileitalianoocchiali.com\/de\/?s={search_term_string}"},"query-input":"required name=search_term_string"}],"inLanguage":"de"},{"@type":"Organization","@id":"https:\/\/www.stileitalianoocchiali.com\/de\/#organization","name":"stileItaliano beats for Kids!","url":"https:\/\/www.stileitalianoocchiali.com\/de\/","logo":{"@type":"ImageObject","inLanguage":"de","@id":"https:\/\/www.stileitalianoocchiali.com\/de\/#\/schema\/logo\/image\/","url":"https:\/\/www.stileitalianoocchiali.com\/wp-content\/uploads\/2025\/07\/cropped-stileItaliano_logo_BEATSFORKIDS_teal-1.png","contentUrl":"https:\/\/www.stileitalianoocchiali.com\/wp-content\/uploads\/2025\/07\/cropped-stileItaliano_logo_BEATSFORKIDS_teal-1.png","width":5460,"height":1843,"caption":"stileItaliano beats for Kids!"},"image":{"@id":"https:\/\/www.stileitalianoocchiali.com\/de\/#\/schema\/logo\/image\/"}}]}},"_links":{"self":[{"href":"https:\/\/www.stileitalianoocchiali.com\/de\/wp-json\/wp\/v2\/product\/31138"}],"collection":[{"href":"https:\/\/www.stileitalianoocchiali.com\/de\/wp-json\/wp\/v2\/product"}],"about":[{"href":"https:\/\/www.stileitalianoocchiali.com\/de\/wp-json\/wp\/v2\/types\/product"}],"wp:featuredmedia":[{"embeddable":true,"href":"https:\/\/www.stileitalianoocchiali.com\/de\/wp-json\/wp\/v2\/media\/31268"}],"wp:attachment":[{"href":"https:\/\/www.stileitalianoocchiali.com\/de\/wp-json\/wp\/v2\/media?parent=31138"}],"wp:term":[{"taxonomy":"product_cat","embeddable":true,"href":"https:\/\/www.stileitalianoocchiali.com\/de\/wp-json\/wp\/v2\/product_cat?post=31138"},{"taxonomy":"product_tag","embeddable":true,"href":"https:\/\/www.stileitalianoocchiali.com\/de\/wp-json\/wp\/v2\/product_tag?post=31138"}],"curies":[{"name":"wp","href":"https:\/\/api.w.org\/{rel}","templated":true}]}}