{"id":31175,"date":"2024-10-02T15:13:15","date_gmt":"2024-10-02T13:13:15","guid":{"rendered":"https:\/\/www.stileitalianoocchiali.com\/?post_type=product&#038;p=31175"},"modified":"2025-04-14T14:48:57","modified_gmt":"2025-04-14T12:48:57","slug":"si6011-643","status":"publish","type":"product","link":"https:\/\/www.stileitalianoocchiali.com\/de\/produkt\/si6011-643\/","title":{"rendered":"SI6011.643"},"content":{"rendered":"<p>Nico ist eine runde <strong>Metallfassung<\/strong>, die daf\u00fcr entwickelt wurde, Kinder bei ihren t\u00e4glichen Abenteuern mit Komfort und Sicherheit zu begleiten. Die <strong>Acetat<\/strong>-B\u00fcgelenden und die Anti-Roll-Flex-Scharniere sorgen f\u00fcr perfekte Stabilit\u00e4t, sodass sich Kinder frei bewegen k\u00f6nnen, ohne sich eingeschr\u00e4nkt zu f\u00fchlen. Die widerstandsf\u00e4higen und lebendigen Lackierungen reichen von tiefem Violett und Mitternachtsblau bis hin zu leuchtendem Korallenrot und intensivem Himmelblau und zaubern ein fr\u00f6hliches Strahlen ins Gesicht. Nico ist der perfekte Begleiter f\u00fcr kleine Entdecker und vereint Robustheit mit Stil.<\/p>\n","protected":false},"excerpt":{"rendered":"<p>Nico ist eine runde Metallfassung, die daf\u00fcr entwickelt wurde, Kinder bei ihren t\u00e4glichen Abenteuern mit Komfort und Sicherheit zu begleiten. Die Acetat-B\u00fcgelenden und die Anti-Roll-Flex-Scharniere sorgen f\u00fcr perfekte Stabilit\u00e4t, sodass sich Kinder frei bewegen k\u00f6nnen, ohne sich eingeschr\u00e4nkt zu f\u00fchlen. Die widerstandsf\u00e4higen und lebendigen Lackierungen reichen von tiefem Violett und Mitternachtsblau bis hin zu leuchtendem [&hellip;]<\/p>\n","protected":false},"featured_media":31480,"template":"","meta":{"inline_featured_image":false},"product_cat":[664,6536],"product_tag":[],"acf":[],"yoast_head":"<!-- This site is optimized with the Yoast SEO plugin v21.3 - https:\/\/yoast.com\/wordpress\/plugins\/seo\/ -->\n<title>SI6011.643 - stileItaliano beats for Kids!<\/title>\n<meta name=\"description\" content=\"Nico ist eine runde Metallfassung, die daf\u00fcr entwickelt wurde, Kinder bei ihren t\u00e4glichen Abenteuern mit Komfort und Sicherheit zu begleiten.\" \/>\n<meta name=\"robots\" content=\"index, follow, max-snippet:-1, max-image-preview:large, max-video-preview:-1\" \/>\n<link rel=\"canonical\" href=\"https:\/\/www.stileitalianoocchiali.com\/de\/produkt\/si6011-643\/\" \/>\n<meta property=\"og:locale\" content=\"de_DE\" \/>\n<meta property=\"og:type\" content=\"article\" \/>\n<meta property=\"og:title\" content=\"SI6011.643 - stileItaliano beats for Kids!\" \/>\n<meta property=\"og:description\" content=\"Nico ist eine runde Metallfassung, die daf\u00fcr entwickelt wurde, Kinder bei ihren t\u00e4glichen Abenteuern mit Komfort und Sicherheit zu begleiten.\" \/>\n<meta property=\"og:url\" content=\"https:\/\/www.stileitalianoocchiali.com\/de\/produkt\/si6011-643\/\" \/>\n<meta property=\"og:site_name\" content=\"stileItaliano beats for Kids!\" \/>\n<meta property=\"article:modified_time\" content=\"2025-04-14T12:48:57+00:00\" \/>\n<meta property=\"og:image\" content=\"https:\/\/www.stileitalianoocchiali.com\/wp-content\/uploads\/2024\/10\/SI6011.643_1copertina.jpg\" \/>\n\t<meta property=\"og:image:width\" content=\"2400\" \/>\n\t<meta property=\"og:image:height\" content=\"1800\" \/>\n\t<meta property=\"og:image:type\" content=\"image\/jpeg\" \/>\n<meta name=\"twitter:card\" content=\"summary_large_image\" \/>\n<meta name=\"twitter:label1\" content=\"Gesch\u00e4tzte Lesezeit\" \/>\n\t<meta name=\"twitter:data1\" content=\"1\u00a0Minute\" \/>\n<script type=\"application\/ld+json\" class=\"yoast-schema-graph\">{\"@context\":\"https:\/\/schema.org\",\"@graph\":[{\"@type\":\"WebPage\",\"@id\":\"https:\/\/www.stileitalianoocchiali.com\/de\/produkt\/si6011-643\/\",\"url\":\"https:\/\/www.stileitalianoocchiali.com\/de\/produkt\/si6011-643\/\",\"name\":\"SI6011.643 - stileItaliano beats for Kids!\",\"isPartOf\":{\"@id\":\"https:\/\/www.stileitalianoocchiali.com\/de\/#website\"},\"datePublished\":\"2024-10-02T13:13:15+00:00\",\"dateModified\":\"2025-04-14T12:48:57+00:00\",\"description\":\"Nico ist eine runde Metallfassung, die daf\u00fcr entwickelt wurde, Kinder bei ihren t\u00e4glichen Abenteuern mit Komfort und Sicherheit zu begleiten.\",\"breadcrumb\":{\"@id\":\"https:\/\/www.stileitalianoocchiali.com\/de\/produkt\/si6011-643\/#breadcrumb\"},\"inLanguage\":\"de\",\"potentialAction\":[{\"@type\":\"ReadAction\",\"target\":[\"https:\/\/www.stileitalianoocchiali.com\/de\/produkt\/si6011-643\/\"]}]},{\"@type\":\"BreadcrumbList\",\"@id\":\"https:\/\/www.stileitalianoocchiali.com\/de\/produkt\/si6011-643\/#breadcrumb\",\"itemListElement\":[{\"@type\":\"ListItem\",\"position\":1,\"name\":\"Homepage\",\"item\":\"https:\/\/www.stileitalianoocchiali.com\/de\/\"},{\"@type\":\"ListItem\",\"position\":2,\"name\":\"Shop\",\"item\":\"https:\/\/www.stileitalianoocchiali.com\/de\/shop-2\/\"},{\"@type\":\"ListItem\",\"position\":3,\"name\":\"SI6011.643\"}]},{\"@type\":\"WebSite\",\"@id\":\"https:\/\/www.stileitalianoocchiali.com\/de\/#website\",\"url\":\"https:\/\/www.stileitalianoocchiali.com\/de\/\",\"name\":\"stileItaliano beats for Kids!\",\"description\":\"Big vision for Little eyes\",\"publisher\":{\"@id\":\"https:\/\/www.stileitalianoocchiali.com\/de\/#organization\"},\"potentialAction\":[{\"@type\":\"SearchAction\",\"target\":{\"@type\":\"EntryPoint\",\"urlTemplate\":\"https:\/\/www.stileitalianoocchiali.com\/de\/?s={search_term_string}\"},\"query-input\":\"required name=search_term_string\"}],\"inLanguage\":\"de\"},{\"@type\":\"Organization\",\"@id\":\"https:\/\/www.stileitalianoocchiali.com\/de\/#organization\",\"name\":\"stileItaliano beats for Kids!\",\"url\":\"https:\/\/www.stileitalianoocchiali.com\/de\/\",\"logo\":{\"@type\":\"ImageObject\",\"inLanguage\":\"de\",\"@id\":\"https:\/\/www.stileitalianoocchiali.com\/de\/#\/schema\/logo\/image\/\",\"url\":\"https:\/\/www.stileitalianoocchiali.com\/wp-content\/uploads\/2025\/07\/cropped-stileItaliano_logo_BEATSFORKIDS_teal-1.png\",\"contentUrl\":\"https:\/\/www.stileitalianoocchiali.com\/wp-content\/uploads\/2025\/07\/cropped-stileItaliano_logo_BEATSFORKIDS_teal-1.png\",\"width\":5460,\"height\":1843,\"caption\":\"stileItaliano beats for Kids!\"},\"image\":{\"@id\":\"https:\/\/www.stileitalianoocchiali.com\/de\/#\/schema\/logo\/image\/\"}}]}<\/script>\n<!-- \/ Yoast SEO plugin. -->","yoast_head_json":{"title":"SI6011.643 - stileItaliano beats for Kids!","description":"Nico ist eine runde Metallfassung, die daf\u00fcr entwickelt wurde, Kinder bei ihren t\u00e4glichen Abenteuern mit Komfort und Sicherheit zu begleiten.","robots":{"index":"index","follow":"follow","max-snippet":"max-snippet:-1","max-image-preview":"max-image-preview:large","max-video-preview":"max-video-preview:-1"},"canonical":"https:\/\/www.stileitalianoocchiali.com\/de\/produkt\/si6011-643\/","og_locale":"de_DE","og_type":"article","og_title":"SI6011.643 - stileItaliano beats for Kids!","og_description":"Nico ist eine runde Metallfassung, die daf\u00fcr entwickelt wurde, Kinder bei ihren t\u00e4glichen Abenteuern mit Komfort und Sicherheit zu begleiten.","og_url":"https:\/\/www.stileitalianoocchiali.com\/de\/produkt\/si6011-643\/","og_site_name":"stileItaliano beats for Kids!","article_modified_time":"2025-04-14T12:48:57+00:00","og_image":[{"width":2400,"height":1800,"url":"https:\/\/www.stileitalianoocchiali.com\/wp-content\/uploads\/2024\/10\/SI6011.643_1copertina.jpg","type":"image\/jpeg"}],"twitter_card":"summary_large_image","twitter_misc":{"Gesch\u00e4tzte Lesezeit":"1\u00a0Minute"},"schema":{"@context":"https:\/\/schema.org","@graph":[{"@type":"WebPage","@id":"https:\/\/www.stileitalianoocchiali.com\/de\/produkt\/si6011-643\/","url":"https:\/\/www.stileitalianoocchiali.com\/de\/produkt\/si6011-643\/","name":"SI6011.643 - stileItaliano beats for Kids!","isPartOf":{"@id":"https:\/\/www.stileitalianoocchiali.com\/de\/#website"},"datePublished":"2024-10-02T13:13:15+00:00","dateModified":"2025-04-14T12:48:57+00:00","description":"Nico ist eine runde Metallfassung, die daf\u00fcr entwickelt wurde, Kinder bei ihren t\u00e4glichen Abenteuern mit Komfort und Sicherheit zu begleiten.","breadcrumb":{"@id":"https:\/\/www.stileitalianoocchiali.com\/de\/produkt\/si6011-643\/#breadcrumb"},"inLanguage":"de","potentialAction":[{"@type":"ReadAction","target":["https:\/\/www.stileitalianoocchiali.com\/de\/produkt\/si6011-643\/"]}]},{"@type":"BreadcrumbList","@id":"https:\/\/www.stileitalianoocchiali.com\/de\/produkt\/si6011-643\/#breadcrumb","itemListElement":[{"@type":"ListItem","position":1,"name":"Homepage","item":"https:\/\/www.stileitalianoocchiali.com\/de\/"},{"@type":"ListItem","position":2,"name":"Shop","item":"https:\/\/www.stileitalianoocchiali.com\/de\/shop-2\/"},{"@type":"ListItem","position":3,"name":"SI6011.643"}]},{"@type":"WebSite","@id":"https:\/\/www.stileitalianoocchiali.com\/de\/#website","url":"https:\/\/www.stileitalianoocchiali.com\/de\/","name":"stileItaliano beats for Kids!","description":"Big vision for Little eyes","publisher":{"@id":"https:\/\/www.stileitalianoocchiali.com\/de\/#organization"},"potentialAction":[{"@type":"SearchAction","target":{"@type":"EntryPoint","urlTemplate":"https:\/\/www.stileitalianoocchiali.com\/de\/?s={search_term_string}"},"query-input":"required name=search_term_string"}],"inLanguage":"de"},{"@type":"Organization","@id":"https:\/\/www.stileitalianoocchiali.com\/de\/#organization","name":"stileItaliano beats for Kids!","url":"https:\/\/www.stileitalianoocchiali.com\/de\/","logo":{"@type":"ImageObject","inLanguage":"de","@id":"https:\/\/www.stileitalianoocchiali.com\/de\/#\/schema\/logo\/image\/","url":"https:\/\/www.stileitalianoocchiali.com\/wp-content\/uploads\/2025\/07\/cropped-stileItaliano_logo_BEATSFORKIDS_teal-1.png","contentUrl":"https:\/\/www.stileitalianoocchiali.com\/wp-content\/uploads\/2025\/07\/cropped-stileItaliano_logo_BEATSFORKIDS_teal-1.png","width":5460,"height":1843,"caption":"stileItaliano beats for Kids!"},"image":{"@id":"https:\/\/www.stileitalianoocchiali.com\/de\/#\/schema\/logo\/image\/"}}]}},"_links":{"self":[{"href":"https:\/\/www.stileitalianoocchiali.com\/de\/wp-json\/wp\/v2\/product\/31175"}],"collection":[{"href":"https:\/\/www.stileitalianoocchiali.com\/de\/wp-json\/wp\/v2\/product"}],"about":[{"href":"https:\/\/www.stileitalianoocchiali.com\/de\/wp-json\/wp\/v2\/types\/product"}],"wp:featuredmedia":[{"embeddable":true,"href":"https:\/\/www.stileitalianoocchiali.com\/de\/wp-json\/wp\/v2\/media\/31480"}],"wp:attachment":[{"href":"https:\/\/www.stileitalianoocchiali.com\/de\/wp-json\/wp\/v2\/media?parent=31175"}],"wp:term":[{"taxonomy":"product_cat","embeddable":true,"href":"https:\/\/www.stileitalianoocchiali.com\/de\/wp-json\/wp\/v2\/product_cat?post=31175"},{"taxonomy":"product_tag","embeddable":true,"href":"https:\/\/www.stileitalianoocchiali.com\/de\/wp-json\/wp\/v2\/product_tag?post=31175"}],"curies":[{"name":"wp","href":"https:\/\/api.w.org\/{rel}","templated":true}]}}