{"id":31678,"date":"2024-10-17T11:42:52","date_gmt":"2024-10-17T09:42:52","guid":{"rendered":"https:\/\/www.stileitalianoocchiali.com\/?post_type=product&#038;p=31678"},"modified":"2025-03-18T14:49:24","modified_gmt":"2025-03-18T13:49:24","slug":"si6519-564","status":"publish","type":"product","link":"https:\/\/www.stileitalianoocchiali.com\/de\/produkt\/si6519-564\/","title":{"rendered":"SI6519.564"},"content":{"rendered":"<p>Entdecken Sie unsere exklusive Kollektion an Metallbrillen, die Eleganz und Praktikabilit\u00e4t harmonisch vereinen. Hergestellt aus hochwertigem Metall, das hypoallergen behandelt wurde, bietet diese Linie Vielseitigkeit und Stil. Mit einer Auswahl an galvanischen Behandlungen und farbigen Lacken bieten sich unz\u00e4hlige Kombinationsm\u00f6glichkeiten f\u00fcr jeden Anlass; das Wechseln der Farben wird zu einem vergn\u00fcglichen Zeitvertreib! Roby pr\u00e4sentiert eine abgerundete Form, die den Blick weich macht und Aufmerksamkeit erregt. Abgerundet wird das Ganze durch Mazzucchelli-Acetat-B\u00fcgelenden, die einen angenehmen und sicheren Halt bieten. Roby verk\u00f6rpert h\u00f6chste Eleganz.<\/p>\n","protected":false},"excerpt":{"rendered":"<p>Entdecken Sie unsere exklusive Kollektion an Metallbrillen, die Eleganz und Praktikabilit\u00e4t harmonisch vereinen. Hergestellt aus hochwertigem Metall, das hypoallergen behandelt wurde, bietet diese Linie Vielseitigkeit und Stil. Mit einer Auswahl an galvanischen Behandlungen und farbigen Lacken bieten sich unz\u00e4hlige Kombinationsm\u00f6glichkeiten f\u00fcr jeden Anlass; das Wechseln der Farben wird zu einem vergn\u00fcglichen Zeitvertreib! Roby pr\u00e4sentiert eine [&hellip;]<\/p>\n","protected":false},"featured_media":31612,"template":"","meta":{"inline_featured_image":false},"product_cat":[664,6508],"product_tag":[],"acf":[],"yoast_head":"<!-- This site is optimized with the Yoast SEO plugin v21.3 - https:\/\/yoast.com\/wordpress\/plugins\/seo\/ -->\n<title>SI6519.564 - stileItaliano beats for Kids!<\/title>\n<meta name=\"description\" content=\"Entdecken Sie unsere exklusive Kollektion an Metallbrillen, die Eleganz und Praktikabilit\u00e4t harmonisch vereinen. Hergestellt aus hochwertigem Metall.\" \/>\n<meta name=\"robots\" content=\"index, follow, max-snippet:-1, max-image-preview:large, max-video-preview:-1\" \/>\n<link rel=\"canonical\" href=\"https:\/\/www.stileitalianoocchiali.com\/de\/produkt\/si6519-564\/\" \/>\n<meta property=\"og:locale\" content=\"de_DE\" \/>\n<meta property=\"og:type\" content=\"article\" \/>\n<meta property=\"og:title\" content=\"SI6519.564 - stileItaliano beats for Kids!\" \/>\n<meta property=\"og:description\" content=\"Entdecken Sie unsere exklusive Kollektion an Metallbrillen, die Eleganz und Praktikabilit\u00e4t harmonisch vereinen. Hergestellt aus hochwertigem Metall.\" \/>\n<meta property=\"og:url\" content=\"https:\/\/www.stileitalianoocchiali.com\/de\/produkt\/si6519-564\/\" \/>\n<meta property=\"og:site_name\" content=\"stileItaliano beats for Kids!\" \/>\n<meta property=\"article:modified_time\" content=\"2025-03-18T13:49:24+00:00\" \/>\n<meta property=\"og:image\" content=\"https:\/\/www.stileitalianoocchiali.com\/wp-content\/uploads\/2024\/10\/SI6519.564_1copertina.jpg\" \/>\n\t<meta property=\"og:image:width\" content=\"2400\" \/>\n\t<meta property=\"og:image:height\" content=\"1800\" \/>\n\t<meta property=\"og:image:type\" content=\"image\/jpeg\" \/>\n<meta name=\"twitter:card\" content=\"summary_large_image\" \/>\n<meta name=\"twitter:label1\" content=\"Gesch\u00e4tzte Lesezeit\" \/>\n\t<meta name=\"twitter:data1\" content=\"1\u00a0Minute\" \/>\n<script type=\"application\/ld+json\" class=\"yoast-schema-graph\">{\"@context\":\"https:\/\/schema.org\",\"@graph\":[{\"@type\":\"WebPage\",\"@id\":\"https:\/\/www.stileitalianoocchiali.com\/de\/produkt\/si6519-564\/\",\"url\":\"https:\/\/www.stileitalianoocchiali.com\/de\/produkt\/si6519-564\/\",\"name\":\"SI6519.564 - stileItaliano beats for Kids!\",\"isPartOf\":{\"@id\":\"https:\/\/www.stileitalianoocchiali.com\/de\/#website\"},\"datePublished\":\"2024-10-17T09:42:52+00:00\",\"dateModified\":\"2025-03-18T13:49:24+00:00\",\"description\":\"Entdecken Sie unsere exklusive Kollektion an Metallbrillen, die Eleganz und Praktikabilit\u00e4t harmonisch vereinen. Hergestellt aus hochwertigem Metall.\",\"breadcrumb\":{\"@id\":\"https:\/\/www.stileitalianoocchiali.com\/de\/produkt\/si6519-564\/#breadcrumb\"},\"inLanguage\":\"de\",\"potentialAction\":[{\"@type\":\"ReadAction\",\"target\":[\"https:\/\/www.stileitalianoocchiali.com\/de\/produkt\/si6519-564\/\"]}]},{\"@type\":\"BreadcrumbList\",\"@id\":\"https:\/\/www.stileitalianoocchiali.com\/de\/produkt\/si6519-564\/#breadcrumb\",\"itemListElement\":[{\"@type\":\"ListItem\",\"position\":1,\"name\":\"Homepage\",\"item\":\"https:\/\/www.stileitalianoocchiali.com\/de\/\"},{\"@type\":\"ListItem\",\"position\":2,\"name\":\"Shop\",\"item\":\"https:\/\/www.stileitalianoocchiali.com\/de\/shop-2\/\"},{\"@type\":\"ListItem\",\"position\":3,\"name\":\"SI6519.564\"}]},{\"@type\":\"WebSite\",\"@id\":\"https:\/\/www.stileitalianoocchiali.com\/de\/#website\",\"url\":\"https:\/\/www.stileitalianoocchiali.com\/de\/\",\"name\":\"stileItaliano beats for Kids!\",\"description\":\"Big vision for Little eyes\",\"publisher\":{\"@id\":\"https:\/\/www.stileitalianoocchiali.com\/de\/#organization\"},\"potentialAction\":[{\"@type\":\"SearchAction\",\"target\":{\"@type\":\"EntryPoint\",\"urlTemplate\":\"https:\/\/www.stileitalianoocchiali.com\/de\/?s={search_term_string}\"},\"query-input\":\"required name=search_term_string\"}],\"inLanguage\":\"de\"},{\"@type\":\"Organization\",\"@id\":\"https:\/\/www.stileitalianoocchiali.com\/de\/#organization\",\"name\":\"stileItaliano beats for Kids!\",\"url\":\"https:\/\/www.stileitalianoocchiali.com\/de\/\",\"logo\":{\"@type\":\"ImageObject\",\"inLanguage\":\"de\",\"@id\":\"https:\/\/www.stileitalianoocchiali.com\/de\/#\/schema\/logo\/image\/\",\"url\":\"https:\/\/www.stileitalianoocchiali.com\/wp-content\/uploads\/2025\/07\/cropped-stileItaliano_logo_BEATSFORKIDS_teal-1.png\",\"contentUrl\":\"https:\/\/www.stileitalianoocchiali.com\/wp-content\/uploads\/2025\/07\/cropped-stileItaliano_logo_BEATSFORKIDS_teal-1.png\",\"width\":5460,\"height\":1843,\"caption\":\"stileItaliano beats for Kids!\"},\"image\":{\"@id\":\"https:\/\/www.stileitalianoocchiali.com\/de\/#\/schema\/logo\/image\/\"}}]}<\/script>\n<!-- \/ Yoast SEO plugin. -->","yoast_head_json":{"title":"SI6519.564 - stileItaliano beats for Kids!","description":"Entdecken Sie unsere exklusive Kollektion an Metallbrillen, die Eleganz und Praktikabilit\u00e4t harmonisch vereinen. Hergestellt aus hochwertigem Metall.","robots":{"index":"index","follow":"follow","max-snippet":"max-snippet:-1","max-image-preview":"max-image-preview:large","max-video-preview":"max-video-preview:-1"},"canonical":"https:\/\/www.stileitalianoocchiali.com\/de\/produkt\/si6519-564\/","og_locale":"de_DE","og_type":"article","og_title":"SI6519.564 - stileItaliano beats for Kids!","og_description":"Entdecken Sie unsere exklusive Kollektion an Metallbrillen, die Eleganz und Praktikabilit\u00e4t harmonisch vereinen. Hergestellt aus hochwertigem Metall.","og_url":"https:\/\/www.stileitalianoocchiali.com\/de\/produkt\/si6519-564\/","og_site_name":"stileItaliano beats for Kids!","article_modified_time":"2025-03-18T13:49:24+00:00","og_image":[{"width":2400,"height":1800,"url":"https:\/\/www.stileitalianoocchiali.com\/wp-content\/uploads\/2024\/10\/SI6519.564_1copertina.jpg","type":"image\/jpeg"}],"twitter_card":"summary_large_image","twitter_misc":{"Gesch\u00e4tzte Lesezeit":"1\u00a0Minute"},"schema":{"@context":"https:\/\/schema.org","@graph":[{"@type":"WebPage","@id":"https:\/\/www.stileitalianoocchiali.com\/de\/produkt\/si6519-564\/","url":"https:\/\/www.stileitalianoocchiali.com\/de\/produkt\/si6519-564\/","name":"SI6519.564 - stileItaliano beats for Kids!","isPartOf":{"@id":"https:\/\/www.stileitalianoocchiali.com\/de\/#website"},"datePublished":"2024-10-17T09:42:52+00:00","dateModified":"2025-03-18T13:49:24+00:00","description":"Entdecken Sie unsere exklusive Kollektion an Metallbrillen, die Eleganz und Praktikabilit\u00e4t harmonisch vereinen. Hergestellt aus hochwertigem Metall.","breadcrumb":{"@id":"https:\/\/www.stileitalianoocchiali.com\/de\/produkt\/si6519-564\/#breadcrumb"},"inLanguage":"de","potentialAction":[{"@type":"ReadAction","target":["https:\/\/www.stileitalianoocchiali.com\/de\/produkt\/si6519-564\/"]}]},{"@type":"BreadcrumbList","@id":"https:\/\/www.stileitalianoocchiali.com\/de\/produkt\/si6519-564\/#breadcrumb","itemListElement":[{"@type":"ListItem","position":1,"name":"Homepage","item":"https:\/\/www.stileitalianoocchiali.com\/de\/"},{"@type":"ListItem","position":2,"name":"Shop","item":"https:\/\/www.stileitalianoocchiali.com\/de\/shop-2\/"},{"@type":"ListItem","position":3,"name":"SI6519.564"}]},{"@type":"WebSite","@id":"https:\/\/www.stileitalianoocchiali.com\/de\/#website","url":"https:\/\/www.stileitalianoocchiali.com\/de\/","name":"stileItaliano beats for Kids!","description":"Big vision for Little eyes","publisher":{"@id":"https:\/\/www.stileitalianoocchiali.com\/de\/#organization"},"potentialAction":[{"@type":"SearchAction","target":{"@type":"EntryPoint","urlTemplate":"https:\/\/www.stileitalianoocchiali.com\/de\/?s={search_term_string}"},"query-input":"required name=search_term_string"}],"inLanguage":"de"},{"@type":"Organization","@id":"https:\/\/www.stileitalianoocchiali.com\/de\/#organization","name":"stileItaliano beats for Kids!","url":"https:\/\/www.stileitalianoocchiali.com\/de\/","logo":{"@type":"ImageObject","inLanguage":"de","@id":"https:\/\/www.stileitalianoocchiali.com\/de\/#\/schema\/logo\/image\/","url":"https:\/\/www.stileitalianoocchiali.com\/wp-content\/uploads\/2025\/07\/cropped-stileItaliano_logo_BEATSFORKIDS_teal-1.png","contentUrl":"https:\/\/www.stileitalianoocchiali.com\/wp-content\/uploads\/2025\/07\/cropped-stileItaliano_logo_BEATSFORKIDS_teal-1.png","width":5460,"height":1843,"caption":"stileItaliano beats for Kids!"},"image":{"@id":"https:\/\/www.stileitalianoocchiali.com\/de\/#\/schema\/logo\/image\/"}}]}},"_links":{"self":[{"href":"https:\/\/www.stileitalianoocchiali.com\/de\/wp-json\/wp\/v2\/product\/31678"}],"collection":[{"href":"https:\/\/www.stileitalianoocchiali.com\/de\/wp-json\/wp\/v2\/product"}],"about":[{"href":"https:\/\/www.stileitalianoocchiali.com\/de\/wp-json\/wp\/v2\/types\/product"}],"wp:featuredmedia":[{"embeddable":true,"href":"https:\/\/www.stileitalianoocchiali.com\/de\/wp-json\/wp\/v2\/media\/31612"}],"wp:attachment":[{"href":"https:\/\/www.stileitalianoocchiali.com\/de\/wp-json\/wp\/v2\/media?parent=31678"}],"wp:term":[{"taxonomy":"product_cat","embeddable":true,"href":"https:\/\/www.stileitalianoocchiali.com\/de\/wp-json\/wp\/v2\/product_cat?post=31678"},{"taxonomy":"product_tag","embeddable":true,"href":"https:\/\/www.stileitalianoocchiali.com\/de\/wp-json\/wp\/v2\/product_tag?post=31678"}],"curies":[{"name":"wp","href":"https:\/\/api.w.org\/{rel}","templated":true}]}}