{"id":34153,"date":"2026-02-09T09:56:31","date_gmt":"2026-02-09T08:56:32","guid":{"rendered":"https:\/\/www.stileitalianoocchiali.com\/?post_type=product&#038;p=34153"},"modified":"2026-02-10T10:16:29","modified_gmt":"2026-02-10T09:16:29","slug":"si5570-283","status":"publish","type":"product","link":"https:\/\/www.stileitalianoocchiali.com\/de\/produkt\/si5570-283\/","title":{"rendered":"SI5570.283"},"content":{"rendered":"<p>Cleo ist die Brille, die Wimpern ein wenig schneller schlagen l\u00e4sst. Die Schmetterlingsform \u00f6ffnet den Blick und macht ihn sofort femininer und faszinierender, w\u00e4hrend die elegante Seele mit V-Dekor f\u00fcr einen raffinierten Akzent sorgt. Leuchtende Farben spielen mit dem Licht und bringen Energie ins Gesicht \u2013 perfekt f\u00fcr M\u00e4dchen, die ihre Weiblichkeit mit Leichtigkeit, Neugier und einem Hauch Mut entdecken. Glamour\u00f6s, verspielt und voller Pers\u00f6nlichkeit: Cleo ist gemacht f\u00fcr alle, die sich gern anschauen\u2026 und gern angeschaut werden.<\/p>\n","protected":false},"excerpt":{"rendered":"<p>Cleo ist die Brille, die Wimpern ein wenig schneller schlagen l\u00e4sst. Die Schmetterlingsform \u00f6ffnet den Blick und macht ihn sofort femininer und faszinierender, w\u00e4hrend die elegante Seele mit V-Dekor f\u00fcr einen raffinierten Akzent sorgt. Leuchtende Farben spielen mit dem Licht und bringen Energie ins Gesicht \u2013 perfekt f\u00fcr M\u00e4dchen, die ihre Weiblichkeit mit Leichtigkeit, Neugier [&hellip;]<\/p>\n","protected":false},"featured_media":33982,"template":"","meta":{"inline_featured_image":false},"product_cat":[664,6748],"product_tag":[],"acf":[],"yoast_head":"<!-- This site is optimized with the Yoast SEO plugin v21.3 - https:\/\/yoast.com\/wordpress\/plugins\/seo\/ -->\n<title>SI5570.283 - stileItaliano beats for Kids!<\/title>\n<meta name=\"description\" content=\"Die Schmetterlingsform \u00f6ffnet den Blick und macht ihn sofort faszinierender, w\u00e4hrend die elegante Seele mit V-Dekor f\u00fcr einen raffinierten Akzent sorgt.\" \/>\n<meta name=\"robots\" content=\"index, follow, max-snippet:-1, max-image-preview:large, max-video-preview:-1\" \/>\n<link rel=\"canonical\" href=\"https:\/\/www.stileitalianoocchiali.com\/de\/produkt\/si5570-283\/\" \/>\n<meta property=\"og:locale\" content=\"de_DE\" \/>\n<meta property=\"og:type\" content=\"article\" \/>\n<meta property=\"og:title\" content=\"SI5570.283 - stileItaliano beats for Kids!\" \/>\n<meta property=\"og:description\" content=\"Die Schmetterlingsform \u00f6ffnet den Blick und macht ihn sofort faszinierender, w\u00e4hrend die elegante Seele mit V-Dekor f\u00fcr einen raffinierten Akzent sorgt.\" \/>\n<meta property=\"og:url\" content=\"https:\/\/www.stileitalianoocchiali.com\/de\/produkt\/si5570-283\/\" \/>\n<meta property=\"og:site_name\" content=\"stileItaliano beats for Kids!\" \/>\n<meta property=\"article:modified_time\" content=\"2026-02-10T09:16:29+00:00\" \/>\n<meta property=\"og:image\" content=\"https:\/\/www.stileitalianoocchiali.com\/wp-content\/uploads\/2026\/02\/SI5570.383_copertina.jpg\" \/>\n\t<meta property=\"og:image:width\" content=\"2400\" \/>\n\t<meta property=\"og:image:height\" content=\"1800\" \/>\n\t<meta property=\"og:image:type\" content=\"image\/jpeg\" \/>\n<meta name=\"twitter:card\" content=\"summary_large_image\" \/>\n<meta name=\"twitter:label1\" content=\"Gesch\u00e4tzte Lesezeit\" \/>\n\t<meta name=\"twitter:data1\" content=\"1\u00a0Minute\" \/>\n<script type=\"application\/ld+json\" class=\"yoast-schema-graph\">{\"@context\":\"https:\/\/schema.org\",\"@graph\":[{\"@type\":\"WebPage\",\"@id\":\"https:\/\/www.stileitalianoocchiali.com\/de\/produkt\/si5570-283\/\",\"url\":\"https:\/\/www.stileitalianoocchiali.com\/de\/produkt\/si5570-283\/\",\"name\":\"SI5570.283 - stileItaliano beats for Kids!\",\"isPartOf\":{\"@id\":\"https:\/\/www.stileitalianoocchiali.com\/de\/#website\"},\"datePublished\":\"2026-02-09T08:56:32+00:00\",\"dateModified\":\"2026-02-10T09:16:29+00:00\",\"description\":\"Die Schmetterlingsform \u00f6ffnet den Blick und macht ihn sofort faszinierender, w\u00e4hrend die elegante Seele mit V-Dekor f\u00fcr einen raffinierten Akzent sorgt.\",\"breadcrumb\":{\"@id\":\"https:\/\/www.stileitalianoocchiali.com\/de\/produkt\/si5570-283\/#breadcrumb\"},\"inLanguage\":\"de\",\"potentialAction\":[{\"@type\":\"ReadAction\",\"target\":[\"https:\/\/www.stileitalianoocchiali.com\/de\/produkt\/si5570-283\/\"]}]},{\"@type\":\"BreadcrumbList\",\"@id\":\"https:\/\/www.stileitalianoocchiali.com\/de\/produkt\/si5570-283\/#breadcrumb\",\"itemListElement\":[{\"@type\":\"ListItem\",\"position\":1,\"name\":\"Homepage\",\"item\":\"https:\/\/www.stileitalianoocchiali.com\/de\/\"},{\"@type\":\"ListItem\",\"position\":2,\"name\":\"Shop\",\"item\":\"https:\/\/www.stileitalianoocchiali.com\/de\/shop-2\/\"},{\"@type\":\"ListItem\",\"position\":3,\"name\":\"SI5570.283\"}]},{\"@type\":\"WebSite\",\"@id\":\"https:\/\/www.stileitalianoocchiali.com\/de\/#website\",\"url\":\"https:\/\/www.stileitalianoocchiali.com\/de\/\",\"name\":\"stileItaliano beats for Kids!\",\"description\":\"Big vision for Little eyes\",\"publisher\":{\"@id\":\"https:\/\/www.stileitalianoocchiali.com\/de\/#organization\"},\"potentialAction\":[{\"@type\":\"SearchAction\",\"target\":{\"@type\":\"EntryPoint\",\"urlTemplate\":\"https:\/\/www.stileitalianoocchiali.com\/de\/?s={search_term_string}\"},\"query-input\":\"required name=search_term_string\"}],\"inLanguage\":\"de\"},{\"@type\":\"Organization\",\"@id\":\"https:\/\/www.stileitalianoocchiali.com\/de\/#organization\",\"name\":\"stileItaliano beats for Kids!\",\"url\":\"https:\/\/www.stileitalianoocchiali.com\/de\/\",\"logo\":{\"@type\":\"ImageObject\",\"inLanguage\":\"de\",\"@id\":\"https:\/\/www.stileitalianoocchiali.com\/de\/#\/schema\/logo\/image\/\",\"url\":\"https:\/\/www.stileitalianoocchiali.com\/wp-content\/uploads\/2025\/07\/cropped-stileItaliano_logo_BEATSFORKIDS_teal-1.png\",\"contentUrl\":\"https:\/\/www.stileitalianoocchiali.com\/wp-content\/uploads\/2025\/07\/cropped-stileItaliano_logo_BEATSFORKIDS_teal-1.png\",\"width\":5460,\"height\":1843,\"caption\":\"stileItaliano beats for Kids!\"},\"image\":{\"@id\":\"https:\/\/www.stileitalianoocchiali.com\/de\/#\/schema\/logo\/image\/\"}}]}<\/script>\n<!-- \/ Yoast SEO plugin. -->","yoast_head_json":{"title":"SI5570.283 - stileItaliano beats for Kids!","description":"Die Schmetterlingsform \u00f6ffnet den Blick und macht ihn sofort faszinierender, w\u00e4hrend die elegante Seele mit V-Dekor f\u00fcr einen raffinierten Akzent sorgt.","robots":{"index":"index","follow":"follow","max-snippet":"max-snippet:-1","max-image-preview":"max-image-preview:large","max-video-preview":"max-video-preview:-1"},"canonical":"https:\/\/www.stileitalianoocchiali.com\/de\/produkt\/si5570-283\/","og_locale":"de_DE","og_type":"article","og_title":"SI5570.283 - stileItaliano beats for Kids!","og_description":"Die Schmetterlingsform \u00f6ffnet den Blick und macht ihn sofort faszinierender, w\u00e4hrend die elegante Seele mit V-Dekor f\u00fcr einen raffinierten Akzent sorgt.","og_url":"https:\/\/www.stileitalianoocchiali.com\/de\/produkt\/si5570-283\/","og_site_name":"stileItaliano beats for Kids!","article_modified_time":"2026-02-10T09:16:29+00:00","og_image":[{"width":2400,"height":1800,"url":"https:\/\/www.stileitalianoocchiali.com\/wp-content\/uploads\/2026\/02\/SI5570.383_copertina.jpg","type":"image\/jpeg"}],"twitter_card":"summary_large_image","twitter_misc":{"Gesch\u00e4tzte Lesezeit":"1\u00a0Minute"},"schema":{"@context":"https:\/\/schema.org","@graph":[{"@type":"WebPage","@id":"https:\/\/www.stileitalianoocchiali.com\/de\/produkt\/si5570-283\/","url":"https:\/\/www.stileitalianoocchiali.com\/de\/produkt\/si5570-283\/","name":"SI5570.283 - stileItaliano beats for Kids!","isPartOf":{"@id":"https:\/\/www.stileitalianoocchiali.com\/de\/#website"},"datePublished":"2026-02-09T08:56:32+00:00","dateModified":"2026-02-10T09:16:29+00:00","description":"Die Schmetterlingsform \u00f6ffnet den Blick und macht ihn sofort faszinierender, w\u00e4hrend die elegante Seele mit V-Dekor f\u00fcr einen raffinierten Akzent sorgt.","breadcrumb":{"@id":"https:\/\/www.stileitalianoocchiali.com\/de\/produkt\/si5570-283\/#breadcrumb"},"inLanguage":"de","potentialAction":[{"@type":"ReadAction","target":["https:\/\/www.stileitalianoocchiali.com\/de\/produkt\/si5570-283\/"]}]},{"@type":"BreadcrumbList","@id":"https:\/\/www.stileitalianoocchiali.com\/de\/produkt\/si5570-283\/#breadcrumb","itemListElement":[{"@type":"ListItem","position":1,"name":"Homepage","item":"https:\/\/www.stileitalianoocchiali.com\/de\/"},{"@type":"ListItem","position":2,"name":"Shop","item":"https:\/\/www.stileitalianoocchiali.com\/de\/shop-2\/"},{"@type":"ListItem","position":3,"name":"SI5570.283"}]},{"@type":"WebSite","@id":"https:\/\/www.stileitalianoocchiali.com\/de\/#website","url":"https:\/\/www.stileitalianoocchiali.com\/de\/","name":"stileItaliano beats for Kids!","description":"Big vision for Little eyes","publisher":{"@id":"https:\/\/www.stileitalianoocchiali.com\/de\/#organization"},"potentialAction":[{"@type":"SearchAction","target":{"@type":"EntryPoint","urlTemplate":"https:\/\/www.stileitalianoocchiali.com\/de\/?s={search_term_string}"},"query-input":"required name=search_term_string"}],"inLanguage":"de"},{"@type":"Organization","@id":"https:\/\/www.stileitalianoocchiali.com\/de\/#organization","name":"stileItaliano beats for Kids!","url":"https:\/\/www.stileitalianoocchiali.com\/de\/","logo":{"@type":"ImageObject","inLanguage":"de","@id":"https:\/\/www.stileitalianoocchiali.com\/de\/#\/schema\/logo\/image\/","url":"https:\/\/www.stileitalianoocchiali.com\/wp-content\/uploads\/2025\/07\/cropped-stileItaliano_logo_BEATSFORKIDS_teal-1.png","contentUrl":"https:\/\/www.stileitalianoocchiali.com\/wp-content\/uploads\/2025\/07\/cropped-stileItaliano_logo_BEATSFORKIDS_teal-1.png","width":5460,"height":1843,"caption":"stileItaliano beats for Kids!"},"image":{"@id":"https:\/\/www.stileitalianoocchiali.com\/de\/#\/schema\/logo\/image\/"}}]}},"_links":{"self":[{"href":"https:\/\/www.stileitalianoocchiali.com\/de\/wp-json\/wp\/v2\/product\/34153"}],"collection":[{"href":"https:\/\/www.stileitalianoocchiali.com\/de\/wp-json\/wp\/v2\/product"}],"about":[{"href":"https:\/\/www.stileitalianoocchiali.com\/de\/wp-json\/wp\/v2\/types\/product"}],"wp:featuredmedia":[{"embeddable":true,"href":"https:\/\/www.stileitalianoocchiali.com\/de\/wp-json\/wp\/v2\/media\/33982"}],"wp:attachment":[{"href":"https:\/\/www.stileitalianoocchiali.com\/de\/wp-json\/wp\/v2\/media?parent=34153"}],"wp:term":[{"taxonomy":"product_cat","embeddable":true,"href":"https:\/\/www.stileitalianoocchiali.com\/de\/wp-json\/wp\/v2\/product_cat?post=34153"},{"taxonomy":"product_tag","embeddable":true,"href":"https:\/\/www.stileitalianoocchiali.com\/de\/wp-json\/wp\/v2\/product_tag?post=34153"}],"curies":[{"name":"wp","href":"https:\/\/api.w.org\/{rel}","templated":true}]}}