{"id":34256,"date":"2026-02-10T12:03:09","date_gmt":"2026-02-10T11:03:10","guid":{"rendered":"https:\/\/www.stileitalianoocchiali.com\/?post_type=product&#038;p=34256"},"modified":"2026-02-10T12:06:07","modified_gmt":"2026-02-10T11:06:07","slug":"si5568-351","status":"publish","type":"product","link":"https:\/\/www.stileitalianoocchiali.com\/de\/produkt\/si5568-351\/","title":{"rendered":"SI5568.351"},"content":{"rendered":"<p>Marti zeigt, dass Schlichtheit alles andere als langweilig sein kann. Die klare Form macht sie zum perfekten Allrounder, doch es sind die Details, die sie wirklich zum Strahlen bringen. Die B\u00fcgel pr\u00e4sentieren eine strukturierte, vernietete Seele mit dekorativen Elementen \u2013 ein technisches Detail, das zum Stilmerkmal wird und der Brille Charakter verleiht. Farben spielen mit Tiefe und Transparenz und geben dem reduzierten Design sp\u00fcrbare Energie. Unisex, modern und voller Pers\u00f6nlichkeit: Marti f\u00e4llt auf, ohne laut zu sein\u2026 und wirkt schon beim ersten Blick.<\/p>\n","protected":false},"excerpt":{"rendered":"<p>Marti zeigt, dass Schlichtheit alles andere als langweilig sein kann. Die klare Form macht sie zum perfekten Allrounder, doch es sind die Details, die sie wirklich zum Strahlen bringen. Die B\u00fcgel pr\u00e4sentieren eine strukturierte, vernietete Seele mit dekorativen Elementen \u2013 ein technisches Detail, das zum Stilmerkmal wird und der Brille Charakter verleiht. Farben spielen mit [&hellip;]<\/p>\n","protected":false},"featured_media":34066,"template":"","meta":{"inline_featured_image":false},"product_cat":[664,6744],"product_tag":[],"acf":[],"yoast_head":"<!-- This site is optimized with the Yoast SEO plugin v21.3 - https:\/\/yoast.com\/wordpress\/plugins\/seo\/ -->\n<title>SI5568.351 - stileItaliano beats for Kids!<\/title>\n<meta name=\"description\" content=\"Die Form macht sie zum perfekten Allrounder, doch es sind die Details, die sie wirklich zum Strahlen bringen. Die B\u00fcgel pr\u00e4sentieren dekorative Elementen\" \/>\n<meta name=\"robots\" content=\"index, follow, max-snippet:-1, max-image-preview:large, max-video-preview:-1\" \/>\n<link rel=\"canonical\" href=\"https:\/\/www.stileitalianoocchiali.com\/de\/produkt\/si5568-351\/\" \/>\n<meta property=\"og:locale\" content=\"de_DE\" \/>\n<meta property=\"og:type\" content=\"article\" \/>\n<meta property=\"og:title\" content=\"SI5568.351 - stileItaliano beats for Kids!\" \/>\n<meta property=\"og:description\" content=\"Die Form macht sie zum perfekten Allrounder, doch es sind die Details, die sie wirklich zum Strahlen bringen. Die B\u00fcgel pr\u00e4sentieren dekorative Elementen\" \/>\n<meta property=\"og:url\" content=\"https:\/\/www.stileitalianoocchiali.com\/de\/produkt\/si5568-351\/\" \/>\n<meta property=\"og:site_name\" content=\"stileItaliano beats for Kids!\" \/>\n<meta property=\"article:modified_time\" content=\"2026-02-10T11:06:07+00:00\" \/>\n<meta property=\"og:image\" content=\"https:\/\/www.stileitalianoocchiali.com\/wp-content\/uploads\/2026\/02\/SI5568.351_copertina.jpg\" \/>\n\t<meta property=\"og:image:width\" content=\"2400\" \/>\n\t<meta property=\"og:image:height\" content=\"1800\" \/>\n\t<meta property=\"og:image:type\" content=\"image\/jpeg\" \/>\n<meta name=\"twitter:card\" content=\"summary_large_image\" \/>\n<meta name=\"twitter:label1\" content=\"Gesch\u00e4tzte Lesezeit\" \/>\n\t<meta name=\"twitter:data1\" content=\"1\u00a0Minute\" \/>\n<script type=\"application\/ld+json\" class=\"yoast-schema-graph\">{\"@context\":\"https:\/\/schema.org\",\"@graph\":[{\"@type\":\"WebPage\",\"@id\":\"https:\/\/www.stileitalianoocchiali.com\/de\/produkt\/si5568-351\/\",\"url\":\"https:\/\/www.stileitalianoocchiali.com\/de\/produkt\/si5568-351\/\",\"name\":\"SI5568.351 - stileItaliano beats for Kids!\",\"isPartOf\":{\"@id\":\"https:\/\/www.stileitalianoocchiali.com\/de\/#website\"},\"datePublished\":\"2026-02-10T11:03:10+00:00\",\"dateModified\":\"2026-02-10T11:06:07+00:00\",\"description\":\"Die Form macht sie zum perfekten Allrounder, doch es sind die Details, die sie wirklich zum Strahlen bringen. Die B\u00fcgel pr\u00e4sentieren dekorative Elementen\",\"breadcrumb\":{\"@id\":\"https:\/\/www.stileitalianoocchiali.com\/de\/produkt\/si5568-351\/#breadcrumb\"},\"inLanguage\":\"de\",\"potentialAction\":[{\"@type\":\"ReadAction\",\"target\":[\"https:\/\/www.stileitalianoocchiali.com\/de\/produkt\/si5568-351\/\"]}]},{\"@type\":\"BreadcrumbList\",\"@id\":\"https:\/\/www.stileitalianoocchiali.com\/de\/produkt\/si5568-351\/#breadcrumb\",\"itemListElement\":[{\"@type\":\"ListItem\",\"position\":1,\"name\":\"Homepage\",\"item\":\"https:\/\/www.stileitalianoocchiali.com\/de\/\"},{\"@type\":\"ListItem\",\"position\":2,\"name\":\"Shop\",\"item\":\"https:\/\/www.stileitalianoocchiali.com\/de\/shop-2\/\"},{\"@type\":\"ListItem\",\"position\":3,\"name\":\"SI5568.351\"}]},{\"@type\":\"WebSite\",\"@id\":\"https:\/\/www.stileitalianoocchiali.com\/de\/#website\",\"url\":\"https:\/\/www.stileitalianoocchiali.com\/de\/\",\"name\":\"stileItaliano beats for Kids!\",\"description\":\"Big vision for Little eyes\",\"publisher\":{\"@id\":\"https:\/\/www.stileitalianoocchiali.com\/de\/#organization\"},\"potentialAction\":[{\"@type\":\"SearchAction\",\"target\":{\"@type\":\"EntryPoint\",\"urlTemplate\":\"https:\/\/www.stileitalianoocchiali.com\/de\/?s={search_term_string}\"},\"query-input\":\"required name=search_term_string\"}],\"inLanguage\":\"de\"},{\"@type\":\"Organization\",\"@id\":\"https:\/\/www.stileitalianoocchiali.com\/de\/#organization\",\"name\":\"stileItaliano beats for Kids!\",\"url\":\"https:\/\/www.stileitalianoocchiali.com\/de\/\",\"logo\":{\"@type\":\"ImageObject\",\"inLanguage\":\"de\",\"@id\":\"https:\/\/www.stileitalianoocchiali.com\/de\/#\/schema\/logo\/image\/\",\"url\":\"https:\/\/www.stileitalianoocchiali.com\/wp-content\/uploads\/2025\/07\/cropped-stileItaliano_logo_BEATSFORKIDS_teal-1.png\",\"contentUrl\":\"https:\/\/www.stileitalianoocchiali.com\/wp-content\/uploads\/2025\/07\/cropped-stileItaliano_logo_BEATSFORKIDS_teal-1.png\",\"width\":5460,\"height\":1843,\"caption\":\"stileItaliano beats for Kids!\"},\"image\":{\"@id\":\"https:\/\/www.stileitalianoocchiali.com\/de\/#\/schema\/logo\/image\/\"}}]}<\/script>\n<!-- \/ Yoast SEO plugin. -->","yoast_head_json":{"title":"SI5568.351 - stileItaliano beats for Kids!","description":"Die Form macht sie zum perfekten Allrounder, doch es sind die Details, die sie wirklich zum Strahlen bringen. Die B\u00fcgel pr\u00e4sentieren dekorative Elementen","robots":{"index":"index","follow":"follow","max-snippet":"max-snippet:-1","max-image-preview":"max-image-preview:large","max-video-preview":"max-video-preview:-1"},"canonical":"https:\/\/www.stileitalianoocchiali.com\/de\/produkt\/si5568-351\/","og_locale":"de_DE","og_type":"article","og_title":"SI5568.351 - stileItaliano beats for Kids!","og_description":"Die Form macht sie zum perfekten Allrounder, doch es sind die Details, die sie wirklich zum Strahlen bringen. Die B\u00fcgel pr\u00e4sentieren dekorative Elementen","og_url":"https:\/\/www.stileitalianoocchiali.com\/de\/produkt\/si5568-351\/","og_site_name":"stileItaliano beats for Kids!","article_modified_time":"2026-02-10T11:06:07+00:00","og_image":[{"width":2400,"height":1800,"url":"https:\/\/www.stileitalianoocchiali.com\/wp-content\/uploads\/2026\/02\/SI5568.351_copertina.jpg","type":"image\/jpeg"}],"twitter_card":"summary_large_image","twitter_misc":{"Gesch\u00e4tzte Lesezeit":"1\u00a0Minute"},"schema":{"@context":"https:\/\/schema.org","@graph":[{"@type":"WebPage","@id":"https:\/\/www.stileitalianoocchiali.com\/de\/produkt\/si5568-351\/","url":"https:\/\/www.stileitalianoocchiali.com\/de\/produkt\/si5568-351\/","name":"SI5568.351 - stileItaliano beats for Kids!","isPartOf":{"@id":"https:\/\/www.stileitalianoocchiali.com\/de\/#website"},"datePublished":"2026-02-10T11:03:10+00:00","dateModified":"2026-02-10T11:06:07+00:00","description":"Die Form macht sie zum perfekten Allrounder, doch es sind die Details, die sie wirklich zum Strahlen bringen. Die B\u00fcgel pr\u00e4sentieren dekorative Elementen","breadcrumb":{"@id":"https:\/\/www.stileitalianoocchiali.com\/de\/produkt\/si5568-351\/#breadcrumb"},"inLanguage":"de","potentialAction":[{"@type":"ReadAction","target":["https:\/\/www.stileitalianoocchiali.com\/de\/produkt\/si5568-351\/"]}]},{"@type":"BreadcrumbList","@id":"https:\/\/www.stileitalianoocchiali.com\/de\/produkt\/si5568-351\/#breadcrumb","itemListElement":[{"@type":"ListItem","position":1,"name":"Homepage","item":"https:\/\/www.stileitalianoocchiali.com\/de\/"},{"@type":"ListItem","position":2,"name":"Shop","item":"https:\/\/www.stileitalianoocchiali.com\/de\/shop-2\/"},{"@type":"ListItem","position":3,"name":"SI5568.351"}]},{"@type":"WebSite","@id":"https:\/\/www.stileitalianoocchiali.com\/de\/#website","url":"https:\/\/www.stileitalianoocchiali.com\/de\/","name":"stileItaliano beats for Kids!","description":"Big vision for Little eyes","publisher":{"@id":"https:\/\/www.stileitalianoocchiali.com\/de\/#organization"},"potentialAction":[{"@type":"SearchAction","target":{"@type":"EntryPoint","urlTemplate":"https:\/\/www.stileitalianoocchiali.com\/de\/?s={search_term_string}"},"query-input":"required name=search_term_string"}],"inLanguage":"de"},{"@type":"Organization","@id":"https:\/\/www.stileitalianoocchiali.com\/de\/#organization","name":"stileItaliano beats for Kids!","url":"https:\/\/www.stileitalianoocchiali.com\/de\/","logo":{"@type":"ImageObject","inLanguage":"de","@id":"https:\/\/www.stileitalianoocchiali.com\/de\/#\/schema\/logo\/image\/","url":"https:\/\/www.stileitalianoocchiali.com\/wp-content\/uploads\/2025\/07\/cropped-stileItaliano_logo_BEATSFORKIDS_teal-1.png","contentUrl":"https:\/\/www.stileitalianoocchiali.com\/wp-content\/uploads\/2025\/07\/cropped-stileItaliano_logo_BEATSFORKIDS_teal-1.png","width":5460,"height":1843,"caption":"stileItaliano beats for Kids!"},"image":{"@id":"https:\/\/www.stileitalianoocchiali.com\/de\/#\/schema\/logo\/image\/"}}]}},"_links":{"self":[{"href":"https:\/\/www.stileitalianoocchiali.com\/de\/wp-json\/wp\/v2\/product\/34256"}],"collection":[{"href":"https:\/\/www.stileitalianoocchiali.com\/de\/wp-json\/wp\/v2\/product"}],"about":[{"href":"https:\/\/www.stileitalianoocchiali.com\/de\/wp-json\/wp\/v2\/types\/product"}],"wp:featuredmedia":[{"embeddable":true,"href":"https:\/\/www.stileitalianoocchiali.com\/de\/wp-json\/wp\/v2\/media\/34066"}],"wp:attachment":[{"href":"https:\/\/www.stileitalianoocchiali.com\/de\/wp-json\/wp\/v2\/media?parent=34256"}],"wp:term":[{"taxonomy":"product_cat","embeddable":true,"href":"https:\/\/www.stileitalianoocchiali.com\/de\/wp-json\/wp\/v2\/product_cat?post=34256"},{"taxonomy":"product_tag","embeddable":true,"href":"https:\/\/www.stileitalianoocchiali.com\/de\/wp-json\/wp\/v2\/product_tag?post=34256"}],"curies":[{"name":"wp","href":"https:\/\/api.w.org\/{rel}","templated":true}]}}