{"id":34298,"date":"2026-02-10T15:18:52","date_gmt":"2026-02-10T14:18:52","guid":{"rendered":"https:\/\/www.stileitalianoocchiali.com\/?post_type=product&#038;p=34298"},"modified":"2026-02-10T15:22:08","modified_gmt":"2026-02-10T14:22:08","slug":"si5039-339","status":"publish","type":"product","link":"https:\/\/www.stileitalianoocchiali.com\/de\/produkt\/si5039-339\/","title":{"rendered":"SI5039.339"},"content":{"rendered":"<p>Mika ist die Brille f\u00fcr neugierige K\u00f6pfe und clevere Blicke. Die rechteckige Form mit sanft abgerundeten Ecken passt sich jedem Gesicht an, w\u00e4hrend der Schl\u00fcssellochsteg wie gemacht ist f\u00fcr freche Augenblicke. Die farbigen, verklebten B\u00fcgel sorgen f\u00fcr Charakter und Spielfreude, das robuste Scharnier h\u00e4lt auch den lebhaftesten Tagen stand und der verstellbare pantoskopische Winkel ist bereit f\u00fcr Linsen der neuen Generation \u2013 richtig smart. Unisex, bequem und immer in Bewegung: Mika ist Dynamik pur, genau wie die Kinder, die sie tragen.<\/p>\n","protected":false},"excerpt":{"rendered":"<p>Mika ist die Brille f\u00fcr neugierige K\u00f6pfe und clevere Blicke. Die rechteckige Form mit sanft abgerundeten Ecken passt sich jedem Gesicht an, w\u00e4hrend der Schl\u00fcssellochsteg wie gemacht ist f\u00fcr freche Augenblicke. Die farbigen, verklebten B\u00fcgel sorgen f\u00fcr Charakter und Spielfreude, das robuste Scharnier h\u00e4lt auch den lebhaftesten Tagen stand und der verstellbare pantoskopische Winkel ist [&hellip;]<\/p>\n","protected":false},"featured_media":34091,"template":"","meta":{"inline_featured_image":false},"product_cat":[6752,664],"product_tag":[],"acf":[],"yoast_head":"<!-- This site is optimized with the Yoast SEO plugin v21.3 - https:\/\/yoast.com\/wordpress\/plugins\/seo\/ -->\n<title>SI5039.339 - stileItaliano beats for Kids!<\/title>\n<meta name=\"description\" content=\"Die rechteckige Form mit sanft abgerundeten Ecken passt sich jedem Gesicht an, w\u00e4hrend der Schl\u00fcssellochsteg wie gemacht ist f\u00fcr freche Augenblicke.\" \/>\n<meta name=\"robots\" content=\"index, follow, max-snippet:-1, max-image-preview:large, max-video-preview:-1\" \/>\n<link rel=\"canonical\" href=\"https:\/\/www.stileitalianoocchiali.com\/de\/produkt\/si5039-339\/\" \/>\n<meta property=\"og:locale\" content=\"de_DE\" \/>\n<meta property=\"og:type\" content=\"article\" \/>\n<meta property=\"og:title\" content=\"SI5039.339 - stileItaliano beats for Kids!\" \/>\n<meta property=\"og:description\" content=\"Die rechteckige Form mit sanft abgerundeten Ecken passt sich jedem Gesicht an, w\u00e4hrend der Schl\u00fcssellochsteg wie gemacht ist f\u00fcr freche Augenblicke.\" \/>\n<meta property=\"og:url\" content=\"https:\/\/www.stileitalianoocchiali.com\/de\/produkt\/si5039-339\/\" \/>\n<meta property=\"og:site_name\" content=\"stileItaliano beats for Kids!\" \/>\n<meta property=\"article:modified_time\" content=\"2026-02-10T14:22:08+00:00\" \/>\n<meta property=\"og:image\" content=\"https:\/\/www.stileitalianoocchiali.com\/wp-content\/uploads\/2026\/02\/SI5039.339_copertina.jpg\" \/>\n\t<meta property=\"og:image:width\" content=\"2400\" \/>\n\t<meta property=\"og:image:height\" content=\"1800\" \/>\n\t<meta property=\"og:image:type\" content=\"image\/jpeg\" \/>\n<meta name=\"twitter:card\" content=\"summary_large_image\" \/>\n<meta name=\"twitter:label1\" content=\"Gesch\u00e4tzte Lesezeit\" \/>\n\t<meta name=\"twitter:data1\" content=\"1\u00a0Minute\" \/>\n<script type=\"application\/ld+json\" class=\"yoast-schema-graph\">{\"@context\":\"https:\/\/schema.org\",\"@graph\":[{\"@type\":\"WebPage\",\"@id\":\"https:\/\/www.stileitalianoocchiali.com\/de\/produkt\/si5039-339\/\",\"url\":\"https:\/\/www.stileitalianoocchiali.com\/de\/produkt\/si5039-339\/\",\"name\":\"SI5039.339 - stileItaliano beats for Kids!\",\"isPartOf\":{\"@id\":\"https:\/\/www.stileitalianoocchiali.com\/de\/#website\"},\"datePublished\":\"2026-02-10T14:18:52+00:00\",\"dateModified\":\"2026-02-10T14:22:08+00:00\",\"description\":\"Die rechteckige Form mit sanft abgerundeten Ecken passt sich jedem Gesicht an, w\u00e4hrend der Schl\u00fcssellochsteg wie gemacht ist f\u00fcr freche Augenblicke.\",\"breadcrumb\":{\"@id\":\"https:\/\/www.stileitalianoocchiali.com\/de\/produkt\/si5039-339\/#breadcrumb\"},\"inLanguage\":\"de\",\"potentialAction\":[{\"@type\":\"ReadAction\",\"target\":[\"https:\/\/www.stileitalianoocchiali.com\/de\/produkt\/si5039-339\/\"]}]},{\"@type\":\"BreadcrumbList\",\"@id\":\"https:\/\/www.stileitalianoocchiali.com\/de\/produkt\/si5039-339\/#breadcrumb\",\"itemListElement\":[{\"@type\":\"ListItem\",\"position\":1,\"name\":\"Homepage\",\"item\":\"https:\/\/www.stileitalianoocchiali.com\/de\/\"},{\"@type\":\"ListItem\",\"position\":2,\"name\":\"Shop\",\"item\":\"https:\/\/www.stileitalianoocchiali.com\/de\/shop-2\/\"},{\"@type\":\"ListItem\",\"position\":3,\"name\":\"SI5039.339\"}]},{\"@type\":\"WebSite\",\"@id\":\"https:\/\/www.stileitalianoocchiali.com\/de\/#website\",\"url\":\"https:\/\/www.stileitalianoocchiali.com\/de\/\",\"name\":\"stileItaliano beats for Kids!\",\"description\":\"Big vision for Little eyes\",\"publisher\":{\"@id\":\"https:\/\/www.stileitalianoocchiali.com\/de\/#organization\"},\"potentialAction\":[{\"@type\":\"SearchAction\",\"target\":{\"@type\":\"EntryPoint\",\"urlTemplate\":\"https:\/\/www.stileitalianoocchiali.com\/de\/?s={search_term_string}\"},\"query-input\":\"required name=search_term_string\"}],\"inLanguage\":\"de\"},{\"@type\":\"Organization\",\"@id\":\"https:\/\/www.stileitalianoocchiali.com\/de\/#organization\",\"name\":\"stileItaliano beats for Kids!\",\"url\":\"https:\/\/www.stileitalianoocchiali.com\/de\/\",\"logo\":{\"@type\":\"ImageObject\",\"inLanguage\":\"de\",\"@id\":\"https:\/\/www.stileitalianoocchiali.com\/de\/#\/schema\/logo\/image\/\",\"url\":\"https:\/\/www.stileitalianoocchiali.com\/wp-content\/uploads\/2025\/07\/cropped-stileItaliano_logo_BEATSFORKIDS_teal-1.png\",\"contentUrl\":\"https:\/\/www.stileitalianoocchiali.com\/wp-content\/uploads\/2025\/07\/cropped-stileItaliano_logo_BEATSFORKIDS_teal-1.png\",\"width\":5460,\"height\":1843,\"caption\":\"stileItaliano beats for Kids!\"},\"image\":{\"@id\":\"https:\/\/www.stileitalianoocchiali.com\/de\/#\/schema\/logo\/image\/\"}}]}<\/script>\n<!-- \/ Yoast SEO plugin. -->","yoast_head_json":{"title":"SI5039.339 - stileItaliano beats for Kids!","description":"Die rechteckige Form mit sanft abgerundeten Ecken passt sich jedem Gesicht an, w\u00e4hrend der Schl\u00fcssellochsteg wie gemacht ist f\u00fcr freche Augenblicke.","robots":{"index":"index","follow":"follow","max-snippet":"max-snippet:-1","max-image-preview":"max-image-preview:large","max-video-preview":"max-video-preview:-1"},"canonical":"https:\/\/www.stileitalianoocchiali.com\/de\/produkt\/si5039-339\/","og_locale":"de_DE","og_type":"article","og_title":"SI5039.339 - stileItaliano beats for Kids!","og_description":"Die rechteckige Form mit sanft abgerundeten Ecken passt sich jedem Gesicht an, w\u00e4hrend der Schl\u00fcssellochsteg wie gemacht ist f\u00fcr freche Augenblicke.","og_url":"https:\/\/www.stileitalianoocchiali.com\/de\/produkt\/si5039-339\/","og_site_name":"stileItaliano beats for Kids!","article_modified_time":"2026-02-10T14:22:08+00:00","og_image":[{"width":2400,"height":1800,"url":"https:\/\/www.stileitalianoocchiali.com\/wp-content\/uploads\/2026\/02\/SI5039.339_copertina.jpg","type":"image\/jpeg"}],"twitter_card":"summary_large_image","twitter_misc":{"Gesch\u00e4tzte Lesezeit":"1\u00a0Minute"},"schema":{"@context":"https:\/\/schema.org","@graph":[{"@type":"WebPage","@id":"https:\/\/www.stileitalianoocchiali.com\/de\/produkt\/si5039-339\/","url":"https:\/\/www.stileitalianoocchiali.com\/de\/produkt\/si5039-339\/","name":"SI5039.339 - stileItaliano beats for Kids!","isPartOf":{"@id":"https:\/\/www.stileitalianoocchiali.com\/de\/#website"},"datePublished":"2026-02-10T14:18:52+00:00","dateModified":"2026-02-10T14:22:08+00:00","description":"Die rechteckige Form mit sanft abgerundeten Ecken passt sich jedem Gesicht an, w\u00e4hrend der Schl\u00fcssellochsteg wie gemacht ist f\u00fcr freche Augenblicke.","breadcrumb":{"@id":"https:\/\/www.stileitalianoocchiali.com\/de\/produkt\/si5039-339\/#breadcrumb"},"inLanguage":"de","potentialAction":[{"@type":"ReadAction","target":["https:\/\/www.stileitalianoocchiali.com\/de\/produkt\/si5039-339\/"]}]},{"@type":"BreadcrumbList","@id":"https:\/\/www.stileitalianoocchiali.com\/de\/produkt\/si5039-339\/#breadcrumb","itemListElement":[{"@type":"ListItem","position":1,"name":"Homepage","item":"https:\/\/www.stileitalianoocchiali.com\/de\/"},{"@type":"ListItem","position":2,"name":"Shop","item":"https:\/\/www.stileitalianoocchiali.com\/de\/shop-2\/"},{"@type":"ListItem","position":3,"name":"SI5039.339"}]},{"@type":"WebSite","@id":"https:\/\/www.stileitalianoocchiali.com\/de\/#website","url":"https:\/\/www.stileitalianoocchiali.com\/de\/","name":"stileItaliano beats for Kids!","description":"Big vision for Little eyes","publisher":{"@id":"https:\/\/www.stileitalianoocchiali.com\/de\/#organization"},"potentialAction":[{"@type":"SearchAction","target":{"@type":"EntryPoint","urlTemplate":"https:\/\/www.stileitalianoocchiali.com\/de\/?s={search_term_string}"},"query-input":"required name=search_term_string"}],"inLanguage":"de"},{"@type":"Organization","@id":"https:\/\/www.stileitalianoocchiali.com\/de\/#organization","name":"stileItaliano beats for Kids!","url":"https:\/\/www.stileitalianoocchiali.com\/de\/","logo":{"@type":"ImageObject","inLanguage":"de","@id":"https:\/\/www.stileitalianoocchiali.com\/de\/#\/schema\/logo\/image\/","url":"https:\/\/www.stileitalianoocchiali.com\/wp-content\/uploads\/2025\/07\/cropped-stileItaliano_logo_BEATSFORKIDS_teal-1.png","contentUrl":"https:\/\/www.stileitalianoocchiali.com\/wp-content\/uploads\/2025\/07\/cropped-stileItaliano_logo_BEATSFORKIDS_teal-1.png","width":5460,"height":1843,"caption":"stileItaliano beats for Kids!"},"image":{"@id":"https:\/\/www.stileitalianoocchiali.com\/de\/#\/schema\/logo\/image\/"}}]}},"_links":{"self":[{"href":"https:\/\/www.stileitalianoocchiali.com\/de\/wp-json\/wp\/v2\/product\/34298"}],"collection":[{"href":"https:\/\/www.stileitalianoocchiali.com\/de\/wp-json\/wp\/v2\/product"}],"about":[{"href":"https:\/\/www.stileitalianoocchiali.com\/de\/wp-json\/wp\/v2\/types\/product"}],"wp:featuredmedia":[{"embeddable":true,"href":"https:\/\/www.stileitalianoocchiali.com\/de\/wp-json\/wp\/v2\/media\/34091"}],"wp:attachment":[{"href":"https:\/\/www.stileitalianoocchiali.com\/de\/wp-json\/wp\/v2\/media?parent=34298"}],"wp:term":[{"taxonomy":"product_cat","embeddable":true,"href":"https:\/\/www.stileitalianoocchiali.com\/de\/wp-json\/wp\/v2\/product_cat?post=34298"},{"taxonomy":"product_tag","embeddable":true,"href":"https:\/\/www.stileitalianoocchiali.com\/de\/wp-json\/wp\/v2\/product_tag?post=34298"}],"curies":[{"name":"wp","href":"https:\/\/api.w.org\/{rel}","templated":true}]}}